{"id":10079,"date":"2024-11-07T11:54:31","date_gmt":"2024-11-07T14:54:31","guid":{"rendered":"https:\/\/www.unifan.edu.br\/unifan\/aparecida\/?page_id=10079"},"modified":"2024-11-26T08:16:03","modified_gmt":"2024-11-26T11:16:03","slug":"testes-tutoriais","status":"publish","type":"page","link":"https:\/\/www.unifan.edu.br\/unifan\/aparecida\/editora\/testes-tutoriais\/","title":{"rendered":"5. Normatiza\u00e7\u00e3o de trabalhos acad\u00eamicos &#8211; Tutoriais"},"content":{"rendered":"\n<h2 class=\"wp-block-heading\"><strong>V\u00eddeos tutoriais<\/strong><\/h2>\n\n\n\n<p><\/p>\n\n\n\n<div class=\"wp-block-group\"><div class=\"wp-block-group__inner-container is-layout-constrained wp-block-group-is-layout-constrained\">\n<h6 class=\"wp-block-heading\"><strong>1 Pr\u00e9-defini\u00e7\u00f5es do Word \/ ISBN: 978-65-89165-22-4<\/strong><\/h6>\n\n\n\n<div class=\"wp-block-columns is-layout-flex wp-container-core-columns-is-layout-9d6595d7 wp-block-columns-is-layout-flex\">\n<div class=\"wp-block-column is-layout-flow wp-block-column-is-layout-flow\">\n<figure class=\"wp-block-embed is-type-video is-provider-youtube wp-block-embed-youtube wp-embed-aspect-16-9 wp-has-aspect-ratio\"><div class=\"wp-block-embed__wrapper\">\n<iframe loading=\"lazy\" title=\"1  Predefini\u00e7\u00f5es do Word\" width=\"500\" height=\"281\" src=\"https:\/\/www.youtube.com\/embed\/RsR3jIn-EFM?feature=oembed\" frameborder=\"0\" allow=\"accelerometer; autoplay; clipboard-write; encrypted-media; gyroscope; picture-in-picture; web-share\" referrerpolicy=\"strict-origin-when-cross-origin\" allowfullscreen><\/iframe>\n<\/div><\/figure>\n<\/div>\n\n\n\n<div class=\"wp-block-column is-vertically-aligned-center is-layout-flow wp-block-column-is-layout-flow\">\n<p>Autor: Prof. Esp. PETERSON DANIEL VIEIRA<br>Editor: NAYTHANN TEIXEIRA DE OLIVEIRA<br>Produ\u00e7\u00e3o: Editora Alfredo Nasser \/ UNIFAN<br>Ano: 2024<\/p>\n<\/div>\n<\/div>\n<\/div><\/div>\n\n\n\n<h6 class=\"wp-block-heading\"><strong>2 Se\u00e7\u00f5es do trabalho e pagina\u00e7\u00e3o \/ ISBN: 978-65-89165-23-1<\/strong><\/h6>\n\n\n\n<div class=\"wp-block-columns is-layout-flex wp-container-core-columns-is-layout-9d6595d7 wp-block-columns-is-layout-flex\">\n<div class=\"wp-block-column is-layout-flow wp-block-column-is-layout-flow\">\n<figure class=\"wp-block-embed is-type-video is-provider-youtube wp-block-embed-youtube wp-embed-aspect-16-9 wp-has-aspect-ratio\"><div class=\"wp-block-embed__wrapper\">\n<iframe loading=\"lazy\" title=\"2  Se\u00e7\u00f5es do trabalho e pagina\u00e7\u00e3o\" width=\"500\" height=\"281\" src=\"https:\/\/www.youtube.com\/embed\/ZBQZaBERdHM?feature=oembed\" frameborder=\"0\" allow=\"accelerometer; autoplay; clipboard-write; encrypted-media; gyroscope; picture-in-picture; web-share\" referrerpolicy=\"strict-origin-when-cross-origin\" allowfullscreen><\/iframe>\n<\/div><\/figure>\n<\/div>\n\n\n\n<div class=\"wp-block-column is-vertically-aligned-center is-layout-flow wp-block-column-is-layout-flow\">\n<p>Autor: Prof. Esp. PETERSON DANIEL VIEIRA<br>Editor: NAYTHANN TEIXEIRA DE OLIVEIRA<br>Produ\u00e7\u00e3o: Editora Alfredo Nasser \/ UNIFAN<br>Ano: 2024<\/p>\n<\/div>\n<\/div>\n\n\n\n<h6 class=\"wp-block-heading\"><strong>3 T\u00edtulo, Resumo, Palavras-chave e Nota de Rodap\u00e9 \/ ISBN: 978-65-89165-27-9<\/strong><\/h6>\n\n\n\n<div class=\"wp-block-columns is-layout-flex wp-container-core-columns-is-layout-9d6595d7 wp-block-columns-is-layout-flex\">\n<div class=\"wp-block-column is-layout-flow wp-block-column-is-layout-flow\">\n<figure class=\"wp-block-embed is-type-video is-provider-youtube wp-block-embed-youtube wp-embed-aspect-16-9 wp-has-aspect-ratio\"><div class=\"wp-block-embed__wrapper\">\n<iframe loading=\"lazy\" title=\"3  T\u00edtulo, Resumo, Palavras chave e Nota de Rodap\u00e9\" width=\"500\" height=\"281\" src=\"https:\/\/www.youtube.com\/embed\/5bDInNFRgL4?feature=oembed\" frameborder=\"0\" allow=\"accelerometer; autoplay; clipboard-write; encrypted-media; gyroscope; picture-in-picture; web-share\" referrerpolicy=\"strict-origin-when-cross-origin\" allowfullscreen><\/iframe>\n<\/div><\/figure>\n<\/div>\n\n\n\n<div class=\"wp-block-column is-vertically-aligned-center is-layout-flow wp-block-column-is-layout-flow\">\n<p>Autor: Prof. Esp. PETERSON DANIEL VIEIRA<br>Editor: NAYTHANN TEIXEIRA DE OLIVEIRA<br>Produ\u00e7\u00e3o: Editora Alfredo Nasser \/ UNIFAN<br>Ano: 2024<\/p>\n<\/div>\n<\/div>\n\n\n\n<h6 class=\"wp-block-heading\"><strong>4 Gr\u00e1fico, Quadro, Tabela e Figura \/ ISBN: 978-65-89165-28-6<\/strong><\/h6>\n\n\n\n<div class=\"wp-block-columns is-layout-flex wp-container-core-columns-is-layout-9d6595d7 wp-block-columns-is-layout-flex\">\n<div class=\"wp-block-column is-layout-flow wp-block-column-is-layout-flow\">\n<figure class=\"wp-block-embed is-type-video is-provider-youtube wp-block-embed-youtube wp-embed-aspect-16-9 wp-has-aspect-ratio\"><div class=\"wp-block-embed__wrapper\">\n<iframe loading=\"lazy\" title=\"4  Gr\u00e1fico, Quadro, Tabela e Figura\" width=\"500\" height=\"281\" src=\"https:\/\/www.youtube.com\/embed\/rIwrkDNS5rw?feature=oembed\" frameborder=\"0\" allow=\"accelerometer; autoplay; clipboard-write; encrypted-media; gyroscope; picture-in-picture; web-share\" referrerpolicy=\"strict-origin-when-cross-origin\" allowfullscreen><\/iframe>\n<\/div><\/figure>\n<\/div>\n\n\n\n<div class=\"wp-block-column is-vertically-aligned-center is-layout-flow wp-block-column-is-layout-flow\">\n<p>Autor: Prof. Esp. PETERSON DANIEL VIEIRA<br>Editor: NAYTHANN TEIXEIRA DE OLIVEIRA<br>Produ\u00e7\u00e3o: Editora Alfredo Nasser \/ UNIFAN<br>Ano: 2024<\/p>\n<\/div>\n<\/div>\n\n\n\n<h6 class=\"wp-block-heading\"><strong>5 Facilitadores para formata\u00e7\u00e3o \/ ISBN: 978-65-89165-24-8<\/strong><\/h6>\n\n\n\n<div class=\"wp-block-columns is-layout-flex wp-container-core-columns-is-layout-9d6595d7 wp-block-columns-is-layout-flex\">\n<div class=\"wp-block-column is-layout-flow wp-block-column-is-layout-flow\">\n<figure class=\"wp-block-embed is-type-video is-provider-youtube wp-block-embed-youtube wp-embed-aspect-16-9 wp-has-aspect-ratio\"><div class=\"wp-block-embed__wrapper\">\n<iframe loading=\"lazy\" title=\"5  Facilitadores para formata\u00e7\u00e3o\" width=\"500\" height=\"281\" src=\"https:\/\/www.youtube.com\/embed\/ml-Jywoe-RU?feature=oembed\" frameborder=\"0\" allow=\"accelerometer; autoplay; clipboard-write; encrypted-media; gyroscope; picture-in-picture; web-share\" referrerpolicy=\"strict-origin-when-cross-origin\" allowfullscreen><\/iframe>\n<\/div><\/figure>\n<\/div>\n\n\n\n<div class=\"wp-block-column is-vertically-aligned-center is-layout-flow wp-block-column-is-layout-flow\">\n<p>Autor: Prof. Esp. PETERSON DANIEL VIEIRA<br>Editor: NAYTHANN TEIXEIRA DE OLIVEIRA<br>Produ\u00e7\u00e3o: Editora Alfredo Nasser \/ UNIFAN<br>Ano: 2024<\/p>\n<\/div>\n<\/div>\n\n\n\n<h6 class=\"wp-block-heading\"><strong>6 Cita\u00e7\u00f5es \/ ISBN: 978-65-89165-25-5<\/strong><\/h6>\n\n\n\n<div class=\"wp-block-columns is-layout-flex wp-container-core-columns-is-layout-9d6595d7 wp-block-columns-is-layout-flex\">\n<div class=\"wp-block-column is-layout-flow wp-block-column-is-layout-flow\">\n<figure class=\"wp-block-embed is-type-video is-provider-youtube wp-block-embed-youtube wp-embed-aspect-16-9 wp-has-aspect-ratio\"><div class=\"wp-block-embed__wrapper\">\n<iframe loading=\"lazy\" title=\"6  Cita\u00e7\u00f5es\" width=\"500\" height=\"281\" src=\"https:\/\/www.youtube.com\/embed\/WLj7uyFAbA4?feature=oembed\" frameborder=\"0\" allow=\"accelerometer; autoplay; clipboard-write; encrypted-media; gyroscope; picture-in-picture; web-share\" referrerpolicy=\"strict-origin-when-cross-origin\" allowfullscreen><\/iframe>\n<\/div><\/figure>\n<\/div>\n\n\n\n<div class=\"wp-block-column is-vertically-aligned-center is-layout-flow wp-block-column-is-layout-flow\">\n<p>Autor: Prof. Esp. PETERSON DANIEL VIEIRA<br>Editor: NAYTHANN TEIXEIRA DE OLIVEIRA<br>Produ\u00e7\u00e3o: Editora Alfredo Nasser \/ UNIFAN<br>Ano: 2024<\/p>\n<\/div>\n<\/div>\n\n\n\n<h6 class=\"wp-block-heading\"><strong>7 Refer\u00eancias \/ ISBN: 978-65-89165-26-2<\/strong><\/h6>\n\n\n\n<div class=\"wp-block-columns is-layout-flex wp-container-core-columns-is-layout-9d6595d7 wp-block-columns-is-layout-flex\">\n<div class=\"wp-block-column is-layout-flow wp-block-column-is-layout-flow\">\n<figure class=\"wp-block-embed is-type-video is-provider-youtube wp-block-embed-youtube wp-embed-aspect-16-9 wp-has-aspect-ratio\"><div class=\"wp-block-embed__wrapper\">\n<iframe loading=\"lazy\" title=\"7  Refer\u00eancias\" width=\"500\" height=\"281\" src=\"https:\/\/www.youtube.com\/embed\/4YrBXI9im4U?feature=oembed\" frameborder=\"0\" allow=\"accelerometer; autoplay; clipboard-write; encrypted-media; gyroscope; picture-in-picture; web-share\" referrerpolicy=\"strict-origin-when-cross-origin\" allowfullscreen><\/iframe>\n<\/div><\/figure>\n<\/div>\n\n\n\n<div class=\"wp-block-column is-vertically-aligned-center is-layout-flow wp-block-column-is-layout-flow\">\n<p>Autor: Prof. Esp. PETERSON DANIEL VIEIRA<br>Editor: NAYTHANN TEIXEIRA DE OLIVEIRA<br>Produ\u00e7\u00e3o: Editora Alfredo Nasser \/ UNIFAN<br>Ano: 2024<\/p>\n<\/div>\n<\/div>\n","protected":false},"excerpt":{"rendered":"<p>V\u00eddeos tutoriais 1 Pr\u00e9-defini\u00e7\u00f5es do Word \/ ISBN: 978-65-89165-22-4 Autor: Prof. Esp. PETERSON DANIEL VIEIRAEditor: NAYTHANN TEIXEIRA DE OLIVEIRAProdu\u00e7\u00e3o: Editora Alfredo Nasser \/ UNIFANAno: 2024&hellip;<\/p>\n","protected":false},"author":11,"featured_media":0,"parent":110,"menu_order":4,"comment_status":"closed","ping_status":"closed","template":"template-pagina-pai.php","meta":{"_acf_changed":false,"footnotes":""},"class_list":["post-10079","page","type-page","status-publish","hentry"],"acf":[],"_links":{"self":[{"href":"https:\/\/www.unifan.edu.br\/unifan\/aparecida\/wp-json\/wp\/v2\/pages\/10079","targetHints":{"allow":["GET"]}}],"collection":[{"href":"https:\/\/www.unifan.edu.br\/unifan\/aparecida\/wp-json\/wp\/v2\/pages"}],"about":[{"href":"https:\/\/www.unifan.edu.br\/unifan\/aparecida\/wp-json\/wp\/v2\/types\/page"}],"author":[{"embeddable":true,"href":"https:\/\/www.unifan.edu.br\/unifan\/aparecida\/wp-json\/wp\/v2\/users\/11"}],"replies":[{"embeddable":true,"href":"https:\/\/www.unifan.edu.br\/unifan\/aparecida\/wp-json\/wp\/v2\/comments?post=10079"}],"version-history":[{"count":21,"href":"https:\/\/www.unifan.edu.br\/unifan\/aparecida\/wp-json\/wp\/v2\/pages\/10079\/revisions"}],"predecessor-version":[{"id":10179,"href":"https:\/\/www.unifan.edu.br\/unifan\/aparecida\/wp-json\/wp\/v2\/pages\/10079\/revisions\/10179"}],"up":[{"embeddable":true,"href":"https:\/\/www.unifan.edu.br\/unifan\/aparecida\/wp-json\/wp\/v2\/pages\/110"}],"wp:attachment":[{"href":"https:\/\/www.unifan.edu.br\/unifan\/aparecida\/wp-json\/wp\/v2\/media?parent=10079"}],"curies":[{"name":"wp","href":"https:\/\/api.w.org\/{rel}","templated":true}]}}