{"id":11368,"date":"2025-06-18T14:48:29","date_gmt":"2025-06-18T17:48:29","guid":{"rendered":"https:\/\/www.unifan.edu.br\/unifan\/aparecida\/?page_id=11368"},"modified":"2025-06-23T11:23:12","modified_gmt":"2025-06-23T14:23:12","slug":"14o-pesquisar-2025","status":"publish","type":"page","link":"https:\/\/www.unifan.edu.br\/unifan\/aparecida\/418-2\/pesquisar\/14o-pesquisar-2025\/","title":{"rendered":"14\u00ba PESQUISAR \u2013 2025"},"content":{"rendered":"\n<p>14\u00ba PESQUISAR \u2013 CONGRESSO INTERDISCIPLINAR DE PRODU\u00c7\u00c3O CIENT\u00cdFICA<\/p>\n\n\n\n<figure class=\"wp-block-image size-large\"><img decoding=\"async\" src=\"https:\/\/www.unifan.edu.br\/unifan\/aparecida\/wp-content\/uploads\/sites\/2\/2025\/06\/14PESQUISAR-05.png\" alt=\"\" \/><\/figure>\n\n\n\n<p class=\"has-text-align-center\"><a href=\"https:\/\/www.unifan.edu.br\/unifan\/aparecida\/wp-content\/uploads\/sites\/2\/2025\/06\/Edital-14o-Pesquisar_Oficial_.pdf\">Edital &#8211; 14\u00ba PESQUISAR<\/a><\/p>\n\n\n\n<p class=\"has-text-align-center\"><a href=\"https:\/\/www.unifan.edu.br\/unifan\/aparecida\/wp-content\/uploads\/sites\/2\/2025\/06\/Modelo-Resumo-Expandido-2025-Oficial.docx\">Modelo de Resumo Expandido<\/a><\/p>\n\n\n\n<p class=\"has-text-align-center\"><a href=\"https:\/\/www.unifan.edu.br\/unifan\/aparecida\/wp-content\/uploads\/sites\/2\/2025\/06\/Modelo-para-o-Poster-14o-PESQUISAR-2025-Centro-Universitario.pptx\">Modelo de P\u00f4ster<\/a><\/p>\n\n\n\n<p class=\"has-text-align-center\"><a href=\"https:\/\/www.unifan.edu.br\/unifan\/aparecida\/wp-content\/uploads\/sites\/2\/2025\/06\/Modelo-slide-Pesquisar-2025.pptx\">Modelo de Slide<\/a><\/p>\n","protected":false},"excerpt":{"rendered":"<p>14\u00ba PESQUISAR \u2013 CONGRESSO INTERDISCIPLINAR DE PRODU\u00c7\u00c3O CIENT\u00cdFICA Edital &#8211; 14\u00ba PESQUISAR Modelo de Resumo Expandido Modelo de P\u00f4ster Modelo de Slide<\/p>\n","protected":false},"author":11,"featured_media":0,"parent":122,"menu_order":0,"comment_status":"closed","ping_status":"closed","template":"","meta":{"_acf_changed":false,"footnotes":""},"class_list":["post-11368","page","type-page","status-publish","hentry"],"acf":[],"_links":{"self":[{"href":"https:\/\/www.unifan.edu.br\/unifan\/aparecida\/wp-json\/wp\/v2\/pages\/11368","targetHints":{"allow":["GET"]}}],"collection":[{"href":"https:\/\/www.unifan.edu.br\/unifan\/aparecida\/wp-json\/wp\/v2\/pages"}],"about":[{"href":"https:\/\/www.unifan.edu.br\/unifan\/aparecida\/wp-json\/wp\/v2\/types\/page"}],"author":[{"embeddable":true,"href":"https:\/\/www.unifan.edu.br\/unifan\/aparecida\/wp-json\/wp\/v2\/users\/11"}],"replies":[{"embeddable":true,"href":"https:\/\/www.unifan.edu.br\/unifan\/aparecida\/wp-json\/wp\/v2\/comments?post=11368"}],"version-history":[{"count":4,"href":"https:\/\/www.unifan.edu.br\/unifan\/aparecida\/wp-json\/wp\/v2\/pages\/11368\/revisions"}],"predecessor-version":[{"id":11400,"href":"https:\/\/www.unifan.edu.br\/unifan\/aparecida\/wp-json\/wp\/v2\/pages\/11368\/revisions\/11400"}],"up":[{"embeddable":true,"href":"https:\/\/www.unifan.edu.br\/unifan\/aparecida\/wp-json\/wp\/v2\/pages\/122"}],"wp:attachment":[{"href":"https:\/\/www.unifan.edu.br\/unifan\/aparecida\/wp-json\/wp\/v2\/media?parent=11368"}],"curies":[{"name":"wp","href":"https:\/\/api.w.org\/{rel}","templated":true}]}}