{"id":115,"date":"2019-05-29T20:05:06","date_gmt":"2019-05-29T23:05:06","guid":{"rendered":"https:\/\/www.unifan.edu.br\/unifan\/aparecida\/?page_id=115"},"modified":"2024-04-25T09:37:34","modified_gmt":"2024-04-25T12:37:34","slug":"ficha-expediente","status":"publish","type":"page","link":"https:\/\/www.unifan.edu.br\/unifan\/aparecida\/editora\/ficha-expediente\/","title":{"rendered":"4. Ficha de expediente"},"content":{"rendered":"\n<p class=\"has-text-align-center\"><strong>Reitor<\/strong><\/p>\n\n\n\n<p class=\"has-text-align-center\">Prof. Alcides Ribeiro Filho<\/p>\n\n\n\n<p class=\"has-text-align-center\"><strong>Pr\u00f3-Reitor Acad\u00eamico<\/strong><\/p>\n\n\n\n<p class=\"has-text-align-center\">Prof. <em>PhD<\/em>. Carlos Alberto Vicchiatti<\/p>\n\n\n\n<p class=\"has-text-align-center\"><strong>Pr\u00f3-Reitor de Rela\u00e7\u00f5es Institucionais<\/strong><\/p>\n\n\n\n<p class=\"has-text-align-center\">Prof. Me. Luiz Antonio de Faria<\/p>\n\n\n\n<p class=\"has-text-align-center\"><strong>EXPEDIENTE<\/strong><\/p>\n\n\n\n<p class=\"has-text-align-center\"><strong>Editora-chefe<\/strong><\/p>\n\n\n\n<p class=\"has-text-align-center\">Prof\u00aa. Dr\u00aa. Michele Giacomet<\/p>\n\n\n\n<p class=\"has-text-align-center\"><strong>Editores-adjuntos<\/strong><\/p>\n\n\n\n<p class=\"has-text-align-center\">Prof. Esp. Peterson Daniel Vieira<\/p>\n\n\n\n<p class=\"has-text-align-center\">Prof\u00aa. Dr\u00aa. Sabrina Fonseca Ing\u00eanito Moreira Dantas<\/p>\n\n\n\n<p class=\"has-text-align-center\"><strong>Editora assistente<\/strong><\/p>\n\n\n\n<p class=\"has-text-align-center\">Prof\u00aa. Ma. Fernanda Laura Costa<\/p>\n\n\n\n<p class=\"has-text-align-center\"><strong>Bibliotec\u00e1rias<\/strong><\/p>\n\n\n\n<p class=\"has-text-align-center\">Eliana Batista Pires e Silva<\/p>\n\n\n\n<p class=\"has-text-align-center\">Francisca Rodrigues da Silva<\/p>\n\n\n\n<p class=\"has-text-align-center\"><em><strong>Layout<\/strong><\/em><strong>&nbsp;e diagrama\u00e7\u00e3o<\/strong><\/p>\n\n\n\n<p class=\"has-text-align-center\">Prof. Esp. Peterson Daniel Vieira<\/p>\n\n\n\n<p class=\"has-text-align-center\"><strong>Designers<\/strong><\/p>\n\n\n\n<p class=\"has-text-align-center\">Isabella Souza<\/p>\n\n\n\n<p class=\"has-text-align-center\">Thais Carlos Gomide<\/p>\n","protected":false},"excerpt":{"rendered":"<p>Reitor Prof. Alcides Ribeiro Filho Pr\u00f3-Reitor Acad\u00eamico Prof. PhD. Carlos Alberto Vicchiatti Pr\u00f3-Reitor de Rela\u00e7\u00f5es Institucionais Prof. Me. Luiz Antonio de Faria EXPEDIENTE Editora-chefe Prof\u00aa.&hellip;<\/p>\n","protected":false},"author":1,"featured_media":0,"parent":110,"menu_order":4,"comment_status":"closed","ping_status":"closed","template":"template-pagina-pai.php","meta":{"_acf_changed":false,"footnotes":""},"class_list":["post-115","page","type-page","status-publish","hentry"],"acf":[],"_links":{"self":[{"href":"https:\/\/www.unifan.edu.br\/unifan\/aparecida\/wp-json\/wp\/v2\/pages\/115","targetHints":{"allow":["GET"]}}],"collection":[{"href":"https:\/\/www.unifan.edu.br\/unifan\/aparecida\/wp-json\/wp\/v2\/pages"}],"about":[{"href":"https:\/\/www.unifan.edu.br\/unifan\/aparecida\/wp-json\/wp\/v2\/types\/page"}],"author":[{"embeddable":true,"href":"https:\/\/www.unifan.edu.br\/unifan\/aparecida\/wp-json\/wp\/v2\/users\/1"}],"replies":[{"embeddable":true,"href":"https:\/\/www.unifan.edu.br\/unifan\/aparecida\/wp-json\/wp\/v2\/comments?post=115"}],"version-history":[{"count":8,"href":"https:\/\/www.unifan.edu.br\/unifan\/aparecida\/wp-json\/wp\/v2\/pages\/115\/revisions"}],"predecessor-version":[{"id":9015,"href":"https:\/\/www.unifan.edu.br\/unifan\/aparecida\/wp-json\/wp\/v2\/pages\/115\/revisions\/9015"}],"up":[{"embeddable":true,"href":"https:\/\/www.unifan.edu.br\/unifan\/aparecida\/wp-json\/wp\/v2\/pages\/110"}],"wp:attachment":[{"href":"https:\/\/www.unifan.edu.br\/unifan\/aparecida\/wp-json\/wp\/v2\/media?parent=115"}],"curies":[{"name":"wp","href":"https:\/\/api.w.org\/{rel}","templated":true}]}}