{"id":119,"date":"2019-05-31T15:37:21","date_gmt":"2019-05-31T18:37:21","guid":{"rendered":"https:\/\/www.unifan.edu.br\/unifan\/aparecida\/?page_id=119"},"modified":"2025-02-04T17:29:52","modified_gmt":"2025-02-04T20:29:52","slug":"convenios","status":"publish","type":"page","link":"https:\/\/www.unifan.edu.br\/unifan\/aparecida\/convenios\/","title":{"rendered":"Conv\u00eanios"},"content":{"rendered":"\n<p><strong>Conv\u00eanios institucionais<\/strong><\/p>\n\n\n\n<p>O conv\u00eanio educacional \u00e9 uma parceria de sucesso que a Faculdade Alfredo<br>Nasser Ltda \u2013 UNIFAN \u2013 Centro Universit\u00e1rio Alfredo Nasser desenvolve com<br>institui\u00e7\u00f5es com o objetivo de conceder descontos nas mensalidades dos cursos de<br>gradua\u00e7\u00e3o, p\u00f3s-gradua\u00e7\u00e3o e do Col\u00e9gio de Aplica\u00e7\u00e3o Alfredo Nasser.<br>S\u00e3o beneficiadas todas as pessoas vinculadas (funcion\u00e1rios, associados,<br>sindicalizados, membros) e respectivos dependentes de primeiro grau, que<br>apresentarem declara\u00e7\u00f5es ou contracheques expedidos pelas seguintes institui\u00e7\u00f5es:<br><\/p>\n\n\n\n<p><strong>AGV Log\u00edstica S.A.;<br>Associa\u00e7\u00e3o Comercial e Industrial de Aparecida de Goi\u00e2nia \u2013 ACIAG;<br>Associa\u00e7\u00e3o das Igrejas de Cristo de Goi\u00e2nia \u2013 ASSIC;<br>Associa\u00e7\u00e3o De Bancos Nos Estados De Goi\u00e1s, Tocantins E Maranh\u00e3o \u2013 ASBAN;<br>Associa\u00e7\u00e3o de Cabos e Soldados da Pol\u00edcia Militar e Bombeiro Militar do Estado<br>de Goi\u00e1s \u2013 ACSPMBMGO;<br>Associa\u00e7\u00e3o de Prote\u00e7\u00e3o da Guarda Civil Municipal de Aparecida de Goi\u00e2nia \u2013<br>APGMA;<br>Associa\u00e7\u00e3o do Pessoal da Caixa Econ\u00f4mica Federal de Goi\u00e1s \u2013 APCEFGO;<br>Associa\u00e7\u00e3o dos Deficientes F\u00edsicos do Estado de Goi\u00e1s \u2013 ADFEGO;<br>Associa\u00e7\u00e3o De Moradores Do Setor Castelo Branco \u2013 AMSECAB;<br>Associa\u00e7\u00e3o dos Servidores da Justi\u00e7a Trabalhista do Estado de Goi\u00e1s \u2013<br>ASJUSTEGO;<br>Associa\u00e7\u00e3o dos Subtenentes e Sargentos do Estado de Goi\u00e1s \u2013 ASSEGO;<br>Ba\u00fa Bandeirantes Com\u00e9rcio Ltda;<br>Brasil Telecom Call Center \u2013 TAHTO;<br>Caixa Beneficente dos Militares do Estado de Goi\u00e1s;<br>Caixa de Assist\u00eancia dos Profissionais do CREA-GO \u2013 M\u00daTUA;<br>Cart\u00e3o de Todos Aparecida de Goi\u00e2nia;<br>Cart\u00f3rio Bruno Quintiliano;<br>Cevel Cec\u00edlio Ve\u00edculos;<br>Cipa Industrial de Produtos Alimentares Ltda \u2013 MABEL;<br>Cober Elevadores Eireli;<br>Contato Solu\u00e7\u00f5es Eireli \u2013 Me;<br>Drogaria do Parque &#8211; Parque Trindade;<br>Empresa Brasileira de Correios e Tel\u00e9grafos \u2013 ECT (Vila Bras\u00edlia);<br>Equiplex Ind\u00fastria Farmac\u00eautica Ltda;<br>Fattu do Brasil Com\u00e9rcio de Materiais de Comunica\u00e7\u00e3o Visual Ltda;<br>Goi\u00e1s Log\u00edstica de Medicamentos Ltda;<br>Grande Oriente do Estado de Goi\u00e1s;<br>Grupo Sallo;<br>Igreja Batista Jardim Novo Mundo;<br>Igreja Batista Vila Bras\u00edlia;<br>Igreja Evang\u00e9lica Assembleia de Deus (Min. Setor Pedro Ludovico);<br>Imperador Transportes Ltda &#8211; IMPERADOR TRANSPORTES;<br>Ind\u00fastria e Comercio Nobre Ltda \u2013 IMPERADOR ALIMENTOS;<br>Instituto de Gest\u00e3o e Humaniza\u00e7\u00e3o \u2013 IGH;<br>Instituto Goiano de Educa\u00e7\u00e3o e Pesquisa \u2013 IGEP;<br>Instituto Laboratorial In Sa\u00fade Ltda \u2013 IN SA\u00daDE;<br>Lopes Viandelli Prods. Alimenticios Ltda \u2013 Supermercado Brasil;<br>Luztol Ind\u00fastria Qu\u00edmica Ltda \u2013 LUZTOL;<br>Masterclin Servi\u00e7os Administrativos Ltda &#8211; MASTERCLIN;<br>Medeiros e Coelho S\/S Ltda \u2013 Me;<br>MPL Ind\u00fatria e Com\u00e9rcio de Roupas Ltda \u2013 MPOLO;<br>Nova Rocha Ind\u00fastria de Tintas Ltda \u2013 LEINERTEX;;<br>Odorata \u2013 Ind\u00fastria e Com\u00e9rcio de Cosm\u00e9ticos Ltda;<br>Ordem dos Advogados Brasil \u2013 Escola Superior de Advocacia do Estado de<br>Goi\u00e1s \u2013 ESA\/GO;<br>Ordem dos M\u00fasicos do Brasil;<br>Portobello Shop S\/A;<br>Prema Imobili\u00e1ria e Corretora de Seguro Ltda \u2013 Atr\u00eas Imobili\u00e1ria;<br>Rede Medf\u00e1cil;<br>RG Administra\u00e7\u00e3o de Servi\u00e7os Eirelli \u2013 EPP;<br>Rotary Club de Hidrol\u00e2ndia;<br>Santa Marta Distribuidora de Drogas Ltda \u2013 Drogarias Santa Marta;<br>Secretaria de Seguran\u00e7a P\u00fablica do Estado de Goi\u00e1s \u2013 SSP\/GO;<br>Secretaria Municipal de Seguran\u00e7a P\u00fablica &#8211; GCM &#8211; SMTA \u2013 GGIM;<br>Sempre Elevadores Ltda;<br>Serr\u00e3o Est\u00e9tica e Laser Eirele \u2013 ME &#8211; LASER TOUCH;<br>Sindicato dos Eletricit\u00e1rios de Furnas \u2013 SINDEFURNAS;<br>Sindicato dos Empregados de Agentes Aut\u00f4nomos do Com\u00e9rcio do Estado de<br>Goi\u00e1s \u2013 SEACOM\/GO;<br>Sindicato dos Empregados e Trabalhadores em Cooperativas de Cr\u00e9ditos no<br>Estado de Goi\u00e1s \u2013 SINDICOOP;<br>Sindicato dos Empregados em Empresas de Compra, Venda, Loca\u00e7\u00e3o, e<br>Administra\u00e7\u00e3o de Im\u00f3veis Residenciais e Comerciais no Estado de Goi\u00e1s \u2013 S.E.I;<br>Sindicato dos Empregados em Turismo e Hospitalidade no Estado de Goi\u00e1s \u2013<br>SETHEG;<br>Sindicato dos Policiais Civis do Estado de Goi\u00e1s \u2013 SINPOL\/GO;<br>Sindicato dos Servidores do Poder Judici\u00e1rio Federal de Goi\u00e1s \u2013 SINJUFEGO;<br>Sindicato dos Servidores P\u00fablicos do Munic\u00edpio de Aparecida de Goi\u00e2nia \u2013<br>SINDSPAG;<br>Sindicato dos Trabalhadores da Sa\u00fade \u2013 STS;<br>Sindicato dos Trabalhadores do Munic\u00edpio de Goi\u00e2nia \u2013 SINDIGOI\u00c2NIA;<br>Sindicato dos Trabalhadores do Sistema \u00danico de Sa\u00fade do Estado De Goi\u00e1s \u2013<br>SINDSA\u00daDE;<br>Sindicato dos Trabalhadores em Telecomunica\u00e7\u00f5es do Estado de Goi\u00e1s \u2013<br>SINTTEL\/GO;<br>Sindicato dos Trabalhadores nas Ind\u00fastrias Metal\u00fargicas, Mec\u00e2nicas e de<br>Material El\u00e9trico de Goi\u00e2nia \u2013 SINDMETAL\/GO;<br>Sindicato dos Trabalhadores Vigilantes e Seguran\u00e7as e Goi\u00e2nia \u2013 GO \u2013 SINDVIG;<br>Su\u00e9cia Ve\u00edculos S\/A;<br>Tecar Caminh\u00f5es e Servi\u00e7os Ltda;<br>Tit\u00e3 Elevadores Eireli;<br>Total Sistema de Prote\u00e7\u00e3o;<br>Tron Inform\u00e1tica Ltda \u2013 TRON;<br>Uni\u00e3o Goiana dos Policiais Civis \u2013 UGOPOCI;<br>WA do Brasil Ind. e Com. de Alimentos Ltda \u2013 DI NAPOLLI.<\/strong><\/p>\n\n\n\n<p>As institui\u00e7\u00f5es interessadas em firmar conv\u00eanio com a Faculdade Alfredo Nasser<br>Ltda \u2013 UNIFAN \u2013 Centro Universit\u00e1rio Alfredo Nasser devem entrar em contato com<br>Sra. Daniela Ferreira M\u00e1ximo dos Santos, Coordenadora de Conv\u00eanio, pelo e<br>mail convenios@unifan.edu.br, ou pelos telefones (62) 3094-9739 \/ 3094-9763 \/ 3094-9799<\/p>\n\n\n\n<p class=\"has-text-align-right\">Aparecida de Goi\u00e2nia \u2013 GO, 31 de Janeiro de 2025.<\/p>\n\n\n\n<p><\/p>\n","protected":false},"excerpt":{"rendered":"<p>Conv\u00eanios institucionais O conv\u00eanio educacional \u00e9 uma parceria de sucesso que a Faculdade AlfredoNasser Ltda \u2013 UNIFAN \u2013 Centro Universit\u00e1rio Alfredo Nasser desenvolve cominstitui\u00e7\u00f5es com&hellip;<\/p>\n","protected":false},"author":1,"featured_media":0,"parent":0,"menu_order":0,"comment_status":"closed","ping_status":"closed","template":"","meta":{"_acf_changed":false,"footnotes":""},"class_list":["post-119","page","type-page","status-publish","hentry"],"acf":[],"_links":{"self":[{"href":"https:\/\/www.unifan.edu.br\/unifan\/aparecida\/wp-json\/wp\/v2\/pages\/119","targetHints":{"allow":["GET"]}}],"collection":[{"href":"https:\/\/www.unifan.edu.br\/unifan\/aparecida\/wp-json\/wp\/v2\/pages"}],"about":[{"href":"https:\/\/www.unifan.edu.br\/unifan\/aparecida\/wp-json\/wp\/v2\/types\/page"}],"author":[{"embeddable":true,"href":"https:\/\/www.unifan.edu.br\/unifan\/aparecida\/wp-json\/wp\/v2\/users\/1"}],"replies":[{"embeddable":true,"href":"https:\/\/www.unifan.edu.br\/unifan\/aparecida\/wp-json\/wp\/v2\/comments?post=119"}],"version-history":[{"count":6,"href":"https:\/\/www.unifan.edu.br\/unifan\/aparecida\/wp-json\/wp\/v2\/pages\/119\/revisions"}],"predecessor-version":[{"id":10401,"href":"https:\/\/www.unifan.edu.br\/unifan\/aparecida\/wp-json\/wp\/v2\/pages\/119\/revisions\/10401"}],"wp:attachment":[{"href":"https:\/\/www.unifan.edu.br\/unifan\/aparecida\/wp-json\/wp\/v2\/media?parent=119"}],"curies":[{"name":"wp","href":"https:\/\/api.w.org\/{rel}","templated":true}]}}