{"id":139,"date":"2019-05-31T16:24:11","date_gmt":"2019-05-31T19:24:11","guid":{"rendered":"https:\/\/www.unifan.edu.br\/unifan\/aparecida\/?page_id=139"},"modified":"2024-04-18T17:46:29","modified_gmt":"2024-04-18T20:46:29","slug":"biomedicina","status":"publish","type":"page","link":"https:\/\/www.unifan.edu.br\/unifan\/aparecida\/cursos\/graduacao\/biomedicina\/","title":{"rendered":"Biomedicina"},"content":{"rendered":"\n<figure class=\"wp-block-image size-large\"><img loading=\"lazy\" decoding=\"async\" width=\"1024\" height=\"459\" src=\"https:\/\/www.unifan.edu.br\/unifan\/aparecida\/wp-content\/uploads\/sites\/2\/2024\/02\/Banner-Cursos-Site-Novosbiomed-1024x459.jpg\" alt=\"\" class=\"wp-image-8689\" srcset=\"https:\/\/www.unifan.edu.br\/unifan\/aparecida\/wp-content\/uploads\/sites\/2\/2024\/02\/Banner-Cursos-Site-Novosbiomed-1024x459.jpg 1024w, https:\/\/www.unifan.edu.br\/unifan\/aparecida\/wp-content\/uploads\/sites\/2\/2024\/02\/Banner-Cursos-Site-Novosbiomed-300x134.jpg 300w, https:\/\/www.unifan.edu.br\/unifan\/aparecida\/wp-content\/uploads\/sites\/2\/2024\/02\/Banner-Cursos-Site-Novosbiomed-768x344.jpg 768w, https:\/\/www.unifan.edu.br\/unifan\/aparecida\/wp-content\/uploads\/sites\/2\/2024\/02\/Banner-Cursos-Site-Novosbiomed.jpg 1426w\" sizes=\"auto, (max-width: 1024px) 100vw, 1024px\" \/><\/figure>\n\n\n\n<p><strong>O Curso<\/strong><\/p>\n\n\n\n<p><strong>Situa\u00e7\u00e3o Legal<\/strong><\/p>\n\n\n\n<p>&nbsp;&nbsp;&nbsp;&nbsp;&nbsp;&nbsp;&nbsp;&nbsp; &nbsp;Renova\u00e7\u00e3o de Reconhecimento pela Portaria SERES n\u00ba. 109, de 04\/02\/2021, publicada no DOU em 05\/02\/2021.&nbsp;<\/p>\n\n\n\n<p><strong>Miss\u00e3o do Curso<\/strong><\/p>\n\n\n\n<p>&nbsp;&nbsp;&nbsp;&nbsp;&nbsp;&nbsp;&nbsp;Qualificar o estudante de Biomedicina por meio do desenvolvimento de habilidades te\u00f3ricas, conceituais, anal\u00edticas, pr\u00e1ticas e human\u00edsticas, para o exerc\u00edcio de atividades biom\u00e9dicas, dentro dos padr\u00f5es de qualidade sob normas de seguran\u00e7a.<\/p>\n\n\n\n<div class=\"form-group\">\n\n<a href=\"https:\/\/www.unifan.edu.br\/unifan\/aparecida\/wp-content\/uploads\/sites\/2\/2024\/02\/Matriz-2024-BIOMEDICINA.pdf\" class=\"btn btn-primary\">Matriz\n<\/a>\n\n\n<a class=\"btn btn-success\" href=\"https:\/\/vestibularaparecida.unifan.edu.br\/Default.aspx?vestibular=agendado\">Vestibular Agendado\n<\/a>\n\n<\/div>\n","protected":false},"excerpt":{"rendered":"<p>O Curso Situa\u00e7\u00e3o Legal &nbsp;&nbsp;&nbsp;&nbsp;&nbsp;&nbsp;&nbsp;&nbsp; &nbsp;Renova\u00e7\u00e3o de Reconhecimento pela Portaria SERES n\u00ba. 109, de 04\/02\/2021, publicada no DOU em 05\/02\/2021.&nbsp; Miss\u00e3o do Curso &nbsp;&nbsp;&nbsp;&nbsp;&nbsp;&nbsp;&nbsp;Qualificar o&hellip;<\/p>\n","protected":false},"author":1,"featured_media":4036,"parent":52,"menu_order":0,"comment_status":"closed","ping_status":"closed","template":"","meta":{"_acf_changed":false,"footnotes":""},"class_list":["post-139","page","type-page","status-publish","has-post-thumbnail","hentry"],"acf":[],"_links":{"self":[{"href":"https:\/\/www.unifan.edu.br\/unifan\/aparecida\/wp-json\/wp\/v2\/pages\/139","targetHints":{"allow":["GET"]}}],"collection":[{"href":"https:\/\/www.unifan.edu.br\/unifan\/aparecida\/wp-json\/wp\/v2\/pages"}],"about":[{"href":"https:\/\/www.unifan.edu.br\/unifan\/aparecida\/wp-json\/wp\/v2\/types\/page"}],"author":[{"embeddable":true,"href":"https:\/\/www.unifan.edu.br\/unifan\/aparecida\/wp-json\/wp\/v2\/users\/1"}],"replies":[{"embeddable":true,"href":"https:\/\/www.unifan.edu.br\/unifan\/aparecida\/wp-json\/wp\/v2\/comments?post=139"}],"version-history":[{"count":15,"href":"https:\/\/www.unifan.edu.br\/unifan\/aparecida\/wp-json\/wp\/v2\/pages\/139\/revisions"}],"predecessor-version":[{"id":8977,"href":"https:\/\/www.unifan.edu.br\/unifan\/aparecida\/wp-json\/wp\/v2\/pages\/139\/revisions\/8977"}],"up":[{"embeddable":true,"href":"https:\/\/www.unifan.edu.br\/unifan\/aparecida\/wp-json\/wp\/v2\/pages\/52"}],"wp:featuredmedia":[{"embeddable":true,"href":"https:\/\/www.unifan.edu.br\/unifan\/aparecida\/wp-json\/wp\/v2\/media\/4036"}],"wp:attachment":[{"href":"https:\/\/www.unifan.edu.br\/unifan\/aparecida\/wp-json\/wp\/v2\/media?parent=139"}],"curies":[{"name":"wp","href":"https:\/\/api.w.org\/{rel}","templated":true}]}}