{"id":164,"date":"2019-06-03T17:58:52","date_gmt":"2019-06-03T20:58:52","guid":{"rendered":"https:\/\/www.unifan.edu.br\/unifan\/aparecida\/?page_id=164"},"modified":"2025-02-27T14:52:41","modified_gmt":"2025-02-27T17:52:41","slug":"direito","status":"publish","type":"page","link":"https:\/\/www.unifan.edu.br\/unifan\/aparecida\/cursos\/graduacao\/direito\/","title":{"rendered":"Direito"},"content":{"rendered":"\n<figure class=\"wp-block-image size-large\"><img loading=\"lazy\" decoding=\"async\" width=\"1024\" height=\"459\" src=\"https:\/\/www.unifan.edu.br\/unifan\/aparecida\/wp-content\/uploads\/sites\/2\/2024\/02\/Banner-Cursos-Site-Novosdireito-1024x459.jpg\" alt=\"\" class=\"wp-image-8693\" srcset=\"https:\/\/www.unifan.edu.br\/unifan\/aparecida\/wp-content\/uploads\/sites\/2\/2024\/02\/Banner-Cursos-Site-Novosdireito-1024x459.jpg 1024w, https:\/\/www.unifan.edu.br\/unifan\/aparecida\/wp-content\/uploads\/sites\/2\/2024\/02\/Banner-Cursos-Site-Novosdireito-300x134.jpg 300w, https:\/\/www.unifan.edu.br\/unifan\/aparecida\/wp-content\/uploads\/sites\/2\/2024\/02\/Banner-Cursos-Site-Novosdireito-768x344.jpg 768w, https:\/\/www.unifan.edu.br\/unifan\/aparecida\/wp-content\/uploads\/sites\/2\/2024\/02\/Banner-Cursos-Site-Novosdireito.jpg 1426w\" sizes=\"auto, (max-width: 1024px) 100vw, 1024px\" \/><\/figure>\n\n\n\n<p><strong>O Curso<\/strong><\/p>\n\n\n\n<p><strong>Situa\u00e7\u00e3o Legal<\/strong><\/p>\n\n\n\n<p>Renova\u00e7\u00e3o de Reconhecimento pela Portaria SERES n\u00ba. 384, de 13\/08\/2024, publicada no DOU em 14\/08\/2024.\u00a0\u00a0\u00a0\u00a0\u00a0<\/p>\n\n\n\n<p><strong>Miss\u00e3o&nbsp;do Curso&nbsp;<\/strong><\/p>\n\n\n\n<p>Qualificar o estudante de Direito,&nbsp;por meio do desenvolvimento de habilidades te\u00f3ricas, conceituais, anal\u00edticas, pr\u00e1ticas e human\u00edsticas,&nbsp;para o exerc\u00edcio de atividades jur\u00eddicas.<\/p>\n\n\n\n<p><strong>Mercado de trabalho&nbsp;&nbsp;&nbsp;&nbsp;&nbsp;<\/strong><\/p>\n\n\n\n<p>O bacharel em Direito, ap\u00f3s credenciamento, atua na Advocacia em \u00e1reas privadas e p\u00fablicas, nas magistraturas, minist\u00e9rios p\u00fablicos, delegacias de pol\u00edcia, f\u00f3runs e procuradorias judici\u00e1rias, pesquisas e doc\u00eancia.&nbsp;<\/p>\n\n\n\n<div class=\"form-group\">\n\n<a href=\"https:\/\/www.unifan.edu.br\/unifan\/aparecida\/wp-content\/uploads\/sites\/2\/2024\/02\/NOVA-MATRIZ.pdf\" class=\"btn btn-primary\">Matriz\n<\/a>\n\n\n<a class=\"btn btn-success\" href=\"https:\/\/vestibularaparecida.unifan.edu.br\/Default.aspx?vestibular=agendado\">Vestibular Agendado\n<\/a>\n\n<\/div>\n","protected":false},"excerpt":{"rendered":"<p>O Curso Situa\u00e7\u00e3o Legal Renova\u00e7\u00e3o de Reconhecimento pela Portaria SERES n\u00ba. 384, de 13\/08\/2024, publicada no DOU em 14\/08\/2024.\u00a0\u00a0\u00a0\u00a0\u00a0 Miss\u00e3o&nbsp;do Curso&nbsp; Qualificar o estudante de&hellip;<\/p>\n","protected":false},"author":1,"featured_media":4038,"parent":52,"menu_order":0,"comment_status":"closed","ping_status":"closed","template":"","meta":{"_acf_changed":false,"footnotes":""},"class_list":["post-164","page","type-page","status-publish","has-post-thumbnail","hentry"],"acf":[],"_links":{"self":[{"href":"https:\/\/www.unifan.edu.br\/unifan\/aparecida\/wp-json\/wp\/v2\/pages\/164","targetHints":{"allow":["GET"]}}],"collection":[{"href":"https:\/\/www.unifan.edu.br\/unifan\/aparecida\/wp-json\/wp\/v2\/pages"}],"about":[{"href":"https:\/\/www.unifan.edu.br\/unifan\/aparecida\/wp-json\/wp\/v2\/types\/page"}],"author":[{"embeddable":true,"href":"https:\/\/www.unifan.edu.br\/unifan\/aparecida\/wp-json\/wp\/v2\/users\/1"}],"replies":[{"embeddable":true,"href":"https:\/\/www.unifan.edu.br\/unifan\/aparecida\/wp-json\/wp\/v2\/comments?post=164"}],"version-history":[{"count":16,"href":"https:\/\/www.unifan.edu.br\/unifan\/aparecida\/wp-json\/wp\/v2\/pages\/164\/revisions"}],"predecessor-version":[{"id":10565,"href":"https:\/\/www.unifan.edu.br\/unifan\/aparecida\/wp-json\/wp\/v2\/pages\/164\/revisions\/10565"}],"up":[{"embeddable":true,"href":"https:\/\/www.unifan.edu.br\/unifan\/aparecida\/wp-json\/wp\/v2\/pages\/52"}],"wp:featuredmedia":[{"embeddable":true,"href":"https:\/\/www.unifan.edu.br\/unifan\/aparecida\/wp-json\/wp\/v2\/media\/4038"}],"wp:attachment":[{"href":"https:\/\/www.unifan.edu.br\/unifan\/aparecida\/wp-json\/wp\/v2\/media?parent=164"}],"curies":[{"name":"wp","href":"https:\/\/api.w.org\/{rel}","templated":true}]}}