{"id":173,"date":"2019-06-03T18:02:21","date_gmt":"2019-06-03T21:02:21","guid":{"rendered":"https:\/\/www.unifan.edu.br\/unifan\/aparecida\/?page_id=173"},"modified":"2025-06-10T09:14:21","modified_gmt":"2025-06-10T12:14:21","slug":"farmacia","status":"publish","type":"page","link":"https:\/\/www.unifan.edu.br\/unifan\/aparecida\/cursos\/graduacao\/farmacia\/","title":{"rendered":"Farm\u00e1cia"},"content":{"rendered":"\n<figure class=\"wp-block-image size-large\"><img loading=\"lazy\" decoding=\"async\" width=\"1024\" height=\"459\" src=\"https:\/\/www.unifan.edu.br\/unifan\/aparecida\/wp-content\/uploads\/sites\/2\/2024\/02\/Banner-Cursos-Site-Novosfarmacia-1024x459.jpg\" alt=\"\" class=\"wp-image-8697\" srcset=\"https:\/\/www.unifan.edu.br\/unifan\/aparecida\/wp-content\/uploads\/sites\/2\/2024\/02\/Banner-Cursos-Site-Novosfarmacia-1024x459.jpg 1024w, https:\/\/www.unifan.edu.br\/unifan\/aparecida\/wp-content\/uploads\/sites\/2\/2024\/02\/Banner-Cursos-Site-Novosfarmacia-300x134.jpg 300w, https:\/\/www.unifan.edu.br\/unifan\/aparecida\/wp-content\/uploads\/sites\/2\/2024\/02\/Banner-Cursos-Site-Novosfarmacia-768x344.jpg 768w, https:\/\/www.unifan.edu.br\/unifan\/aparecida\/wp-content\/uploads\/sites\/2\/2024\/02\/Banner-Cursos-Site-Novosfarmacia.jpg 1426w\" sizes=\"auto, (max-width: 1024px) 100vw, 1024px\" \/><\/figure>\n\n\n\n<p><strong>O Curso<\/strong><\/p>\n\n\n\n<p><strong>Situa\u00e7\u00e3o Legal<\/strong><\/p>\n\n\n\n<p>Renova\u00e7\u00e3o de Reconhecimento pela Portaria SERES n\u00ba. 109, de 04\/02\/2021, publicada no DOU em 05\/02\/2021.<\/p>\n\n\n\n<p><strong>Miss\u00e3o do curso<\/strong><\/p>\n\n\n\n<p>Qualificar o estudante de Farm\u00e1cia,&nbsp;por meio do desenvolvimento de habilidades te\u00f3ricas, conceituais, anal\u00edticas, pr\u00e1ticas e human\u00edsticas, para atuar em equipes multiprofissionais e interdisciplinares em todos os n\u00edveis da aten\u00e7\u00e3o \u00e0 sa\u00fade, legalmente nas \u00e1reas de medicamentos, cosm\u00e9ticos, an\u00e1lises cl\u00ednicas e alimentos.<\/p>\n\n\n\n<p><strong>Mercado de trabalho<\/strong><\/p>\n\n\n\n<p>&nbsp;&nbsp;&nbsp;&nbsp;&nbsp;&nbsp;&nbsp;&nbsp;&nbsp;&nbsp;&nbsp;&nbsp;O&nbsp;bacharel&nbsp;em Farm\u00e1cia atua em segmentos de&nbsp;aten\u00e7\u00e3o integral \u00e0 sa\u00fade no setor p\u00fablico, com \u00eanfase no Sistema \u00danico de Sa\u00fade (SUS) e, no setor privado, nas \u00e1reas de farm\u00e1cia, an\u00e1lises cl\u00ednicas, ind\u00fastria de medicamentos, cosm\u00e9ticos, alimentos, etc.<\/p>\n\n\n\n<div class=\"form-group\">\n\n<a href=\"https:\/\/www.unifan.edu.br\/unifan\/aparecida\/wp-content\/uploads\/sites\/2\/2025\/06\/Matriz-Farmacia-2024-1.pdf\" class=\"btn btn-primary\">Matriz\n<\/a>\n\n<a class=\"btn btn-success\" href=\"https:\/\/vestibularaparecida.unifan.edu.br\/Default.aspx?vestibular=agendado\">Vestibular Agendado\n<\/a>\n\n<\/div>\n","protected":false},"excerpt":{"rendered":"<p>O Curso Situa\u00e7\u00e3o Legal Renova\u00e7\u00e3o de Reconhecimento pela Portaria SERES n\u00ba. 109, de 04\/02\/2021, publicada no DOU em 05\/02\/2021. Miss\u00e3o do curso Qualificar o estudante&hellip;<\/p>\n","protected":false},"author":1,"featured_media":4040,"parent":52,"menu_order":0,"comment_status":"closed","ping_status":"closed","template":"","meta":{"_acf_changed":false,"footnotes":""},"class_list":["post-173","page","type-page","status-publish","has-post-thumbnail","hentry"],"acf":[],"_links":{"self":[{"href":"https:\/\/www.unifan.edu.br\/unifan\/aparecida\/wp-json\/wp\/v2\/pages\/173","targetHints":{"allow":["GET"]}}],"collection":[{"href":"https:\/\/www.unifan.edu.br\/unifan\/aparecida\/wp-json\/wp\/v2\/pages"}],"about":[{"href":"https:\/\/www.unifan.edu.br\/unifan\/aparecida\/wp-json\/wp\/v2\/types\/page"}],"author":[{"embeddable":true,"href":"https:\/\/www.unifan.edu.br\/unifan\/aparecida\/wp-json\/wp\/v2\/users\/1"}],"replies":[{"embeddable":true,"href":"https:\/\/www.unifan.edu.br\/unifan\/aparecida\/wp-json\/wp\/v2\/comments?post=173"}],"version-history":[{"count":17,"href":"https:\/\/www.unifan.edu.br\/unifan\/aparecida\/wp-json\/wp\/v2\/pages\/173\/revisions"}],"predecessor-version":[{"id":11295,"href":"https:\/\/www.unifan.edu.br\/unifan\/aparecida\/wp-json\/wp\/v2\/pages\/173\/revisions\/11295"}],"up":[{"embeddable":true,"href":"https:\/\/www.unifan.edu.br\/unifan\/aparecida\/wp-json\/wp\/v2\/pages\/52"}],"wp:featuredmedia":[{"embeddable":true,"href":"https:\/\/www.unifan.edu.br\/unifan\/aparecida\/wp-json\/wp\/v2\/media\/4040"}],"wp:attachment":[{"href":"https:\/\/www.unifan.edu.br\/unifan\/aparecida\/wp-json\/wp\/v2\/media?parent=173"}],"curies":[{"name":"wp","href":"https:\/\/api.w.org\/{rel}","templated":true}]}}