{"id":177,"date":"2019-06-03T18:03:17","date_gmt":"2019-06-03T21:03:17","guid":{"rendered":"https:\/\/www.unifan.edu.br\/unifan\/aparecida\/?page_id=177"},"modified":"2025-05-21T17:18:12","modified_gmt":"2025-05-21T20:18:12","slug":"fisioterapia","status":"publish","type":"page","link":"https:\/\/www.unifan.edu.br\/unifan\/aparecida\/cursos\/graduacao\/fisioterapia\/","title":{"rendered":"Fisioterapia"},"content":{"rendered":"\n<figure class=\"wp-block-image size-large\"><img loading=\"lazy\" decoding=\"async\" width=\"1024\" height=\"459\" src=\"https:\/\/www.unifan.edu.br\/unifan\/aparecida\/wp-content\/uploads\/sites\/2\/2024\/02\/Banner-Cursos-Site-Novosfisio-1024x459.jpg\" alt=\"\" class=\"wp-image-8699\" srcset=\"https:\/\/www.unifan.edu.br\/unifan\/aparecida\/wp-content\/uploads\/sites\/2\/2024\/02\/Banner-Cursos-Site-Novosfisio-1024x459.jpg 1024w, https:\/\/www.unifan.edu.br\/unifan\/aparecida\/wp-content\/uploads\/sites\/2\/2024\/02\/Banner-Cursos-Site-Novosfisio-300x134.jpg 300w, https:\/\/www.unifan.edu.br\/unifan\/aparecida\/wp-content\/uploads\/sites\/2\/2024\/02\/Banner-Cursos-Site-Novosfisio-768x344.jpg 768w, https:\/\/www.unifan.edu.br\/unifan\/aparecida\/wp-content\/uploads\/sites\/2\/2024\/02\/Banner-Cursos-Site-Novosfisio.jpg 1426w\" sizes=\"auto, (max-width: 1024px) 100vw, 1024px\" \/><\/figure>\n\n\n\n<p><strong>O Curso<\/strong><\/p>\n\n\n\n<p><strong>Situa\u00e7\u00e3o Legal<\/strong><\/p>\n\n\n\n<p>Renova\u00e7\u00e3o de Reconhecimento pela Portaria SERES n\u00ba. 109, de 04\/02\/2021, publicada no DOU em 05\/02\/2021.<\/p>\n\n\n\n<p><strong>Miss\u00e3o do curso<\/strong><\/p>\n\n\n\n<p>Qualificar o estudante de Fisioterapia,&nbsp;por meio do desenvolvimento de habilidades te\u00f3ricas, conceituais, anal\u00edticas, pr\u00e1ticas e human\u00edsticas, para atuar no&nbsp;processo de preven\u00e7\u00e3o e tratamento das pessoas, integrado \u00e0 realidade epidemiol\u00f3gica e profissional.<\/p>\n\n\n\n<p><strong>Mercado de trabalho<br><\/strong>&nbsp;&nbsp;&nbsp;&nbsp;&nbsp;&nbsp; O&nbsp;bacharel&nbsp;em Fisioterapia atua&nbsp;em ambulat\u00f3rios, consult\u00f3rios, centros de reabilita\u00e7\u00e3o,&nbsp;hospitais, cl\u00ednicas, sa\u00fade coletiva, a\u00e7\u00f5es b\u00e1sicas de sa\u00fade, fisioterapia ocupacional, programas institucionais, pesquisa e, ap\u00f3s habilita\u00e7\u00e3o, doc\u00eancia.<\/p>\n\n\n\n<div class=\"form-group\">\n\n<a href=\"https:\/\/www.unifan.edu.br\/unifan\/aparecida\/wp-content\/uploads\/sites\/2\/2025\/05\/MATRIZ-2024-fisioterapia.pdf\" class=\"btn btn-primary\">Matriz\n<\/a>\n\n<a class=\"btn btn-success\" href=\"https:\/\/www.unifan.edu.br\/unifan\/aparecida\/wp-content\/uploads\/sites\/2\/2024\/05\/CURSO-DE-FISIOTERAPIA-MATRIZ-2024.pdf\">Vestibular Agendado\n<\/a>\n\n<\/div>\n","protected":false},"excerpt":{"rendered":"<p>O Curso Situa\u00e7\u00e3o Legal Renova\u00e7\u00e3o de Reconhecimento pela Portaria SERES n\u00ba. 109, de 04\/02\/2021, publicada no DOU em 05\/02\/2021. Miss\u00e3o do curso Qualificar o estudante&hellip;<\/p>\n","protected":false},"author":1,"featured_media":4041,"parent":52,"menu_order":0,"comment_status":"closed","ping_status":"closed","template":"","meta":{"_acf_changed":false,"footnotes":""},"class_list":["post-177","page","type-page","status-publish","has-post-thumbnail","hentry"],"acf":[],"_links":{"self":[{"href":"https:\/\/www.unifan.edu.br\/unifan\/aparecida\/wp-json\/wp\/v2\/pages\/177","targetHints":{"allow":["GET"]}}],"collection":[{"href":"https:\/\/www.unifan.edu.br\/unifan\/aparecida\/wp-json\/wp\/v2\/pages"}],"about":[{"href":"https:\/\/www.unifan.edu.br\/unifan\/aparecida\/wp-json\/wp\/v2\/types\/page"}],"author":[{"embeddable":true,"href":"https:\/\/www.unifan.edu.br\/unifan\/aparecida\/wp-json\/wp\/v2\/users\/1"}],"replies":[{"embeddable":true,"href":"https:\/\/www.unifan.edu.br\/unifan\/aparecida\/wp-json\/wp\/v2\/comments?post=177"}],"version-history":[{"count":14,"href":"https:\/\/www.unifan.edu.br\/unifan\/aparecida\/wp-json\/wp\/v2\/pages\/177\/revisions"}],"predecessor-version":[{"id":11195,"href":"https:\/\/www.unifan.edu.br\/unifan\/aparecida\/wp-json\/wp\/v2\/pages\/177\/revisions\/11195"}],"up":[{"embeddable":true,"href":"https:\/\/www.unifan.edu.br\/unifan\/aparecida\/wp-json\/wp\/v2\/pages\/52"}],"wp:featuredmedia":[{"embeddable":true,"href":"https:\/\/www.unifan.edu.br\/unifan\/aparecida\/wp-json\/wp\/v2\/media\/4041"}],"wp:attachment":[{"href":"https:\/\/www.unifan.edu.br\/unifan\/aparecida\/wp-json\/wp\/v2\/media?parent=177"}],"curies":[{"name":"wp","href":"https:\/\/api.w.org\/{rel}","templated":true}]}}