{"id":181,"date":"2019-06-03T18:04:13","date_gmt":"2019-06-03T21:04:13","guid":{"rendered":"https:\/\/www.unifan.edu.br\/unifan\/aparecida\/?page_id=181"},"modified":"2024-02-27T14:15:44","modified_gmt":"2024-02-27T17:15:44","slug":"medicina","status":"publish","type":"page","link":"https:\/\/www.unifan.edu.br\/unifan\/aparecida\/cursos\/graduacao\/medicina\/","title":{"rendered":"Medicina"},"content":{"rendered":"\n<figure class=\"wp-block-image size-large\"><img loading=\"lazy\" decoding=\"async\" width=\"1024\" height=\"459\" src=\"https:\/\/www.unifan.edu.br\/unifan\/aparecida\/wp-content\/uploads\/sites\/2\/2024\/02\/Banner-Cursos-Site-Novosmedciner-1024x459.jpg\" alt=\"\" class=\"wp-image-8701\" srcset=\"https:\/\/www.unifan.edu.br\/unifan\/aparecida\/wp-content\/uploads\/sites\/2\/2024\/02\/Banner-Cursos-Site-Novosmedciner-1024x459.jpg 1024w, https:\/\/www.unifan.edu.br\/unifan\/aparecida\/wp-content\/uploads\/sites\/2\/2024\/02\/Banner-Cursos-Site-Novosmedciner-300x134.jpg 300w, https:\/\/www.unifan.edu.br\/unifan\/aparecida\/wp-content\/uploads\/sites\/2\/2024\/02\/Banner-Cursos-Site-Novosmedciner-768x344.jpg 768w, https:\/\/www.unifan.edu.br\/unifan\/aparecida\/wp-content\/uploads\/sites\/2\/2024\/02\/Banner-Cursos-Site-Novosmedciner.jpg 1426w\" sizes=\"auto, (max-width: 1024px) 100vw, 1024px\" \/><\/figure>\n\n\n\n<p><strong>O Curso<\/strong><\/p>\n\n\n\n<p><strong>Situa\u00e7\u00e3o Legal<br><\/strong>&nbsp;&nbsp;&nbsp;Reconhecimento pela Portaria SERES n\u00ba. 880, de 31\/08\/2022, publicada no DOU em 01\/09\/2022.&nbsp;<\/p>\n\n\n\n<p><strong>Miss\u00e3o do curso<\/strong><br>&nbsp; Qualificar o estudante de Medicina, por meio do desenvolvimento de habilidades te\u00f3ricas, conceituais, anal\u00edticas, pr\u00e1ticas e human\u00edsticas, para realizar pesquisas, diagnosticar, informar, promover, proteger e reabilitar a sa\u00fade individual e coletiva das pessoas em todos os contextos sociais.&nbsp;&nbsp;<\/p>\n\n\n\n<p><strong>Mercado de trabalho<br><\/strong>&nbsp; O graduado em Medicina atua a servi\u00e7o da sa\u00fade, em organiza\u00e7\u00f5es p\u00fablicas e privadas, em conformidade com os processos regulat\u00f3rios do Conselho Federal de Medicina (CFM).<\/p>\n\n\n\n<div class=\"form-group\">\n\n<a href=\"https:\/\/www.unifan.edu.br\/unifan\/wp-content\/uploads\/2024\/02\/Matriz-Curricular-versAo-2024.pdf\" class=\"btn btn-primary\">Matriz\n<\/a>\n\n\n<\/div>\n","protected":false},"excerpt":{"rendered":"<p>O Curso Situa\u00e7\u00e3o Legal&nbsp;&nbsp;&nbsp;Reconhecimento pela Portaria SERES n\u00ba. 880, de 31\/08\/2022, publicada no DOU em 01\/09\/2022.&nbsp; Miss\u00e3o do curso&nbsp; Qualificar o estudante de Medicina, por&hellip;<\/p>\n","protected":false},"author":1,"featured_media":4045,"parent":52,"menu_order":0,"comment_status":"closed","ping_status":"closed","template":"","meta":{"_acf_changed":false,"footnotes":""},"class_list":["post-181","page","type-page","status-publish","has-post-thumbnail","hentry"],"acf":[],"_links":{"self":[{"href":"https:\/\/www.unifan.edu.br\/unifan\/aparecida\/wp-json\/wp\/v2\/pages\/181","targetHints":{"allow":["GET"]}}],"collection":[{"href":"https:\/\/www.unifan.edu.br\/unifan\/aparecida\/wp-json\/wp\/v2\/pages"}],"about":[{"href":"https:\/\/www.unifan.edu.br\/unifan\/aparecida\/wp-json\/wp\/v2\/types\/page"}],"author":[{"embeddable":true,"href":"https:\/\/www.unifan.edu.br\/unifan\/aparecida\/wp-json\/wp\/v2\/users\/1"}],"replies":[{"embeddable":true,"href":"https:\/\/www.unifan.edu.br\/unifan\/aparecida\/wp-json\/wp\/v2\/comments?post=181"}],"version-history":[{"count":10,"href":"https:\/\/www.unifan.edu.br\/unifan\/aparecida\/wp-json\/wp\/v2\/pages\/181\/revisions"}],"predecessor-version":[{"id":8702,"href":"https:\/\/www.unifan.edu.br\/unifan\/aparecida\/wp-json\/wp\/v2\/pages\/181\/revisions\/8702"}],"up":[{"embeddable":true,"href":"https:\/\/www.unifan.edu.br\/unifan\/aparecida\/wp-json\/wp\/v2\/pages\/52"}],"wp:featuredmedia":[{"embeddable":true,"href":"https:\/\/www.unifan.edu.br\/unifan\/aparecida\/wp-json\/wp\/v2\/media\/4045"}],"wp:attachment":[{"href":"https:\/\/www.unifan.edu.br\/unifan\/aparecida\/wp-json\/wp\/v2\/media?parent=181"}],"curies":[{"name":"wp","href":"https:\/\/api.w.org\/{rel}","templated":true}]}}