{"id":189,"date":"2019-06-03T18:05:48","date_gmt":"2019-06-03T21:05:48","guid":{"rendered":"https:\/\/www.unifan.edu.br\/unifan\/aparecida\/?page_id=189"},"modified":"2025-02-27T14:53:01","modified_gmt":"2025-02-27T17:53:01","slug":"psicologia","status":"publish","type":"page","link":"https:\/\/www.unifan.edu.br\/unifan\/aparecida\/cursos\/graduacao\/psicologia\/","title":{"rendered":"Psicologia"},"content":{"rendered":"\n<figure class=\"wp-block-image size-large\"><img loading=\"lazy\" decoding=\"async\" width=\"1024\" height=\"459\" src=\"https:\/\/www.unifan.edu.br\/unifan\/aparecida\/wp-content\/uploads\/sites\/2\/2024\/02\/Banner-Cursos-Site-Novospsico-1024x459.jpg\" alt=\"\" class=\"wp-image-8705\" srcset=\"https:\/\/www.unifan.edu.br\/unifan\/aparecida\/wp-content\/uploads\/sites\/2\/2024\/02\/Banner-Cursos-Site-Novospsico-1024x459.jpg 1024w, https:\/\/www.unifan.edu.br\/unifan\/aparecida\/wp-content\/uploads\/sites\/2\/2024\/02\/Banner-Cursos-Site-Novospsico-300x134.jpg 300w, https:\/\/www.unifan.edu.br\/unifan\/aparecida\/wp-content\/uploads\/sites\/2\/2024\/02\/Banner-Cursos-Site-Novospsico-768x344.jpg 768w, https:\/\/www.unifan.edu.br\/unifan\/aparecida\/wp-content\/uploads\/sites\/2\/2024\/02\/Banner-Cursos-Site-Novospsico.jpg 1426w\" sizes=\"auto, (max-width: 1024px) 100vw, 1024px\" \/><\/figure>\n\n\n\n<p>O Curso<\/p>\n\n\n\n<figure class=\"wp-block-image\"><img decoding=\"async\" src=\"https:\/\/www.unifan.edu.br\/unifan\/aparecida\/wp-content\/uploads\/sites\/2\/2019\/06\/image-6.jpg\" alt=\"\" class=\"wp-image-190\" \/><\/figure>\n\n\n\n<p><strong>Situa\u00e7\u00e3o Legal<\/strong><\/p>\n\n\n\n<p>\u00a0\u00a0\u00a0\u00a0\u00a0\u00a0\u00a0\u00a0\u00a0\u00a0\u00a0\u00a0\u00a0Renova\u00e7\u00e3o de Reconhecimento pela Portaria SERES n\u00ba. 384, de 13\/08\/2024, publicada no DOU em 14\/08\/2024.<\/p>\n\n\n\n<p><strong>Miss\u00e3o do curso<\/strong><\/p>\n\n\n\n<p>&nbsp;&nbsp;&nbsp;&nbsp;&nbsp;&nbsp;&nbsp;&nbsp;Qualificar o estudante de Psicologia,&nbsp;por meio do desenvolvimento de habilidades te\u00f3ricas, conceituais, anal\u00edticas, pr\u00e1ticas e human\u00edsticas,&nbsp;para realizar pesquisas, diagnosticar, informar, promover, proteger e reabilitar a sa\u00fade psicol\u00f3gica individual e coletiva das pessoas em todos os contextos sociais.<\/p>\n\n\n\n<p><strong>Mercado de trabalho<\/strong><\/p>\n\n\n\n<p>O graduado em Psicologia atua&nbsp;a servi\u00e7o da sa\u00fade&nbsp;psicol\u00f3gica, em organiza\u00e7\u00f5es p\u00fablicas e privadas, em conformidade com os processos regulat\u00f3rios do Conselho Federal de Psicologia (CFP).&nbsp;<\/p>\n\n\n\n<div class=\"form-group\">\n\n<a href=\"https:\/\/www.unifan.edu.br\/unifan\/aparecida\/wp-content\/uploads\/sites\/2\/2024\/02\/Matriz-2024-PSICOLOGIA.pdf\" class=\"btn btn-primary\">Matriz\n<\/a>\n\n<a class=\"btn btn-success\" href=\"https:\/\/vestibularaparecida.unifan.edu.br\/Default.aspx?vestibular=agendado\">Vestibular Agendado\n<\/a>\n\n<\/div>\n","protected":false},"excerpt":{"rendered":"<p>O Curso Situa\u00e7\u00e3o Legal \u00a0\u00a0\u00a0\u00a0\u00a0\u00a0\u00a0\u00a0\u00a0\u00a0\u00a0\u00a0\u00a0Renova\u00e7\u00e3o de Reconhecimento pela Portaria SERES n\u00ba. 384, de 13\/08\/2024, publicada no DOU em 14\/08\/2024. Miss\u00e3o do curso &nbsp;&nbsp;&nbsp;&nbsp;&nbsp;&nbsp;&nbsp;&nbsp;Qualificar o estudante&hellip;<\/p>\n","protected":false},"author":1,"featured_media":4048,"parent":52,"menu_order":0,"comment_status":"closed","ping_status":"closed","template":"","meta":{"_acf_changed":false,"footnotes":""},"class_list":["post-189","page","type-page","status-publish","has-post-thumbnail","hentry"],"acf":[],"_links":{"self":[{"href":"https:\/\/www.unifan.edu.br\/unifan\/aparecida\/wp-json\/wp\/v2\/pages\/189","targetHints":{"allow":["GET"]}}],"collection":[{"href":"https:\/\/www.unifan.edu.br\/unifan\/aparecida\/wp-json\/wp\/v2\/pages"}],"about":[{"href":"https:\/\/www.unifan.edu.br\/unifan\/aparecida\/wp-json\/wp\/v2\/types\/page"}],"author":[{"embeddable":true,"href":"https:\/\/www.unifan.edu.br\/unifan\/aparecida\/wp-json\/wp\/v2\/users\/1"}],"replies":[{"embeddable":true,"href":"https:\/\/www.unifan.edu.br\/unifan\/aparecida\/wp-json\/wp\/v2\/comments?post=189"}],"version-history":[{"count":19,"href":"https:\/\/www.unifan.edu.br\/unifan\/aparecida\/wp-json\/wp\/v2\/pages\/189\/revisions"}],"predecessor-version":[{"id":10566,"href":"https:\/\/www.unifan.edu.br\/unifan\/aparecida\/wp-json\/wp\/v2\/pages\/189\/revisions\/10566"}],"up":[{"embeddable":true,"href":"https:\/\/www.unifan.edu.br\/unifan\/aparecida\/wp-json\/wp\/v2\/pages\/52"}],"wp:featuredmedia":[{"embeddable":true,"href":"https:\/\/www.unifan.edu.br\/unifan\/aparecida\/wp-json\/wp\/v2\/media\/4048"}],"wp:attachment":[{"href":"https:\/\/www.unifan.edu.br\/unifan\/aparecida\/wp-json\/wp\/v2\/media?parent=189"}],"curies":[{"name":"wp","href":"https:\/\/api.w.org\/{rel}","templated":true}]}}