{"id":2,"date":"2019-05-02T19:37:27","date_gmt":"2019-05-02T22:37:27","guid":{"rendered":"https:\/\/www.unifan.edu.br\/unifan\/aparecida\/?page_id=2"},"modified":"2025-06-09T08:57:45","modified_gmt":"2025-06-09T11:57:45","slug":"institucional","status":"publish","type":"page","link":"https:\/\/www.unifan.edu.br\/unifan\/aparecida\/institucional\/","title":{"rendered":"Institucional"},"content":{"rendered":"\n<p><strong>A proposta da Institui\u00e7\u00e3o<\/strong><\/p>\n\n\n\n<p>O Centro Universit\u00e1rio Alfredo Nasser localiza-se no seio de uma comunidade em franca expans\u00e3o econ\u00f4mica, populacional, social e de conquistas pol\u00edticas, por estar privilegiada como parte da Regi\u00e3o Metropolitana da Capital do estado de Goi\u00e1s.&nbsp; &nbsp; &nbsp;<\/p>\n\n\n\n<p>Sua proposta \u00e9 oferecer aos estudantes educa\u00e7\u00e3o acad\u00eamica com desenvolvimento human\u00edstico, cient\u00edfico e tecnol\u00f3gico, norteado por princ\u00edpios cidad\u00e3os, para se tornarem pessoas aptas a pensarem a realidade, em seus campos de trabalho e, transform\u00e1-la, mediante inser\u00e7\u00e3o e atua\u00e7\u00e3o nos diversos setores profissionais.<\/p>\n\n\n\n<p>Na condu\u00e7\u00e3o de suas atividades, o Centro Universit\u00e1rio Alfredo Nasser orienta-se por uma perspectiva de trabalho constitu\u00edda por miss\u00e3o, objetivos, metas e valores.<\/p>\n\n\n\n<p><strong>Miss\u00e3o<\/strong>&nbsp;<\/p>\n\n\n\n<p>Qualificar o acad\u00eamico para atua\u00e7\u00e3o profissional na sociedade contempor\u00e2nea com base em princ\u00edpios da cidadania.<\/p>\n\n\n\n<p><strong>Objetivos e metas<\/strong><\/p>\n\n\n\n<p>Ampliar sua presen\u00e7a de mercado e ser reconhecida pela qualidade na presta\u00e7\u00e3o de servi\u00e7os educacionais.<\/p>\n\n\n\n<p><strong>Valores&nbsp;<\/strong><\/p>\n\n\n\n<p>Acolhimento, Autonomia, Coopera\u00e7\u00e3o, \u00c9tica e Est\u00edmulo \u00e0 Inova\u00e7\u00e3o.<\/p>\n","protected":false},"excerpt":{"rendered":"<p>A proposta da Institui\u00e7\u00e3o O Centro Universit\u00e1rio Alfredo Nasser localiza-se no seio de uma comunidade em franca expans\u00e3o econ\u00f4mica, populacional, social e de conquistas pol\u00edticas,&hellip;<\/p>\n","protected":false},"author":1,"featured_media":0,"parent":0,"menu_order":0,"comment_status":"closed","ping_status":"closed","template":"template-pagina-pai.php","meta":{"_acf_changed":false,"footnotes":""},"class_list":["post-2","page","type-page","status-publish","hentry"],"acf":[],"_links":{"self":[{"href":"https:\/\/www.unifan.edu.br\/unifan\/aparecida\/wp-json\/wp\/v2\/pages\/2","targetHints":{"allow":["GET"]}}],"collection":[{"href":"https:\/\/www.unifan.edu.br\/unifan\/aparecida\/wp-json\/wp\/v2\/pages"}],"about":[{"href":"https:\/\/www.unifan.edu.br\/unifan\/aparecida\/wp-json\/wp\/v2\/types\/page"}],"author":[{"embeddable":true,"href":"https:\/\/www.unifan.edu.br\/unifan\/aparecida\/wp-json\/wp\/v2\/users\/1"}],"replies":[{"embeddable":true,"href":"https:\/\/www.unifan.edu.br\/unifan\/aparecida\/wp-json\/wp\/v2\/comments?post=2"}],"version-history":[{"count":12,"href":"https:\/\/www.unifan.edu.br\/unifan\/aparecida\/wp-json\/wp\/v2\/pages\/2\/revisions"}],"predecessor-version":[{"id":8579,"href":"https:\/\/www.unifan.edu.br\/unifan\/aparecida\/wp-json\/wp\/v2\/pages\/2\/revisions\/8579"}],"wp:attachment":[{"href":"https:\/\/www.unifan.edu.br\/unifan\/aparecida\/wp-json\/wp\/v2\/media?parent=2"}],"curies":[{"name":"wp","href":"https:\/\/api.w.org\/{rel}","templated":true}]}}