{"id":2101,"date":"2019-12-18T18:42:52","date_gmt":"2019-12-18T21:42:52","guid":{"rendered":"https:\/\/www.unifan.edu.br\/unifan\/aparecida\/?page_id=2101"},"modified":"2021-06-21T17:17:53","modified_gmt":"2021-06-21T20:17:53","slug":"pibic-2020-2021","status":"publish","type":"page","link":"https:\/\/www.unifan.edu.br\/unifan\/aparecida\/418-2\/pibic-pivic\/pibic-2020-2021\/","title":{"rendered":"PIBIC 2020 &#8211; 2021"},"content":{"rendered":"\n<p class=\"has-text-align-center\"><strong>PIBIC \u2013 PROGRAMA INSTITUCIONAL DE BOLSAS DE INICIA\u00c7\u00c3O CIENT\u00cdFICA<\/strong><\/p>\n\n\n\n<h2 style=\"text-align:center\"><img loading=\"lazy\" decoding=\"async\" width=\"500\" height=\"278\" class=\"wp-image-680\" style=\"width: 500px;\" src=\"https:\/\/www.unifan.edu.br\/unifan\/aparecida\/wp-content\/uploads\/sites\/2\/2019\/08\/\u00edndice.png\" alt=\"\" srcset=\"https:\/\/www.unifan.edu.br\/unifan\/aparecida\/wp-content\/uploads\/sites\/2\/2019\/08\/\u00edndice.png 640w, https:\/\/www.unifan.edu.br\/unifan\/aparecida\/wp-content\/uploads\/sites\/2\/2019\/08\/\u00edndice-300x167.png 300w\" sizes=\"auto, (max-width: 500px) 100vw, 500px\" \/><\/h2>\n\n\n\n<p class=\"has-text-align-center\"><a href=\"https:\/\/www.unifan.edu.br\/unifan\/aparecida\/wp-content\/uploads\/sites\/2\/2019\/12\/Edital-do-PIBIC-2020.pdf\">ACESSE E LEIA AQUI O EDITAL<\/a><\/p>\n\n\n\n<p class=\"has-text-align-center\"><a href=\"https:\/\/www.unifan.edu.br\/unifan\/aparecida\/wp-content\/uploads\/sites\/2\/2020\/03\/Aditivo-ao-Edital-do-PIBIC-2020.pdf\">Aditivo ao Edital do PIBIC\/2020<\/a> <\/p>\n\n\n\n<p class=\"has-text-align-center\">  <a href=\"https:\/\/www.unifan.edu.br\/unifan\/aparecida\/wp-content\/uploads\/sites\/2\/2020\/06\/Aditivo-N\u00ba-2-ao-Edital-do-PIBIC-2020.pdf\">Aditivo N\u00ba 2 ao Edital do PIBIC\/2020 <\/a><\/p>\n\n\n\n<p class=\"has-text-align-center\"><a href=\"https:\/\/forms.gle\/qC9ThmYxL4hLwfeF9\">FAZER INSCRI\u00c7\u00c3O<\/a><\/p>\n\n\n\n<p class=\"has-text-align-center\"><a href=\"https:\/\/www.unifan.edu.br\/unifan\/aparecida\/wp-content\/uploads\/sites\/2\/2020\/08\/Resultados-PIBIC-PIVIC-2020-.pdf\">RESULTADO<\/a><\/p>\n","protected":false},"excerpt":{"rendered":"<p>PIBIC \u2013 PROGRAMA INSTITUCIONAL DE BOLSAS DE INICIA\u00c7\u00c3O CIENT\u00cdFICA ACESSE E LEIA AQUI O EDITAL Aditivo ao Edital do PIBIC\/2020 Aditivo N\u00ba 2 ao Edital&hellip;<\/p>\n","protected":false},"author":1,"featured_media":0,"parent":426,"menu_order":3,"comment_status":"closed","ping_status":"closed","template":"template-pagina-pai.php","meta":{"_acf_changed":false,"footnotes":""},"class_list":["post-2101","page","type-page","status-publish","hentry"],"acf":[],"_links":{"self":[{"href":"https:\/\/www.unifan.edu.br\/unifan\/aparecida\/wp-json\/wp\/v2\/pages\/2101","targetHints":{"allow":["GET"]}}],"collection":[{"href":"https:\/\/www.unifan.edu.br\/unifan\/aparecida\/wp-json\/wp\/v2\/pages"}],"about":[{"href":"https:\/\/www.unifan.edu.br\/unifan\/aparecida\/wp-json\/wp\/v2\/types\/page"}],"author":[{"embeddable":true,"href":"https:\/\/www.unifan.edu.br\/unifan\/aparecida\/wp-json\/wp\/v2\/users\/1"}],"replies":[{"embeddable":true,"href":"https:\/\/www.unifan.edu.br\/unifan\/aparecida\/wp-json\/wp\/v2\/comments?post=2101"}],"version-history":[{"count":14,"href":"https:\/\/www.unifan.edu.br\/unifan\/aparecida\/wp-json\/wp\/v2\/pages\/2101\/revisions"}],"predecessor-version":[{"id":4158,"href":"https:\/\/www.unifan.edu.br\/unifan\/aparecida\/wp-json\/wp\/v2\/pages\/2101\/revisions\/4158"}],"up":[{"embeddable":true,"href":"https:\/\/www.unifan.edu.br\/unifan\/aparecida\/wp-json\/wp\/v2\/pages\/426"}],"wp:attachment":[{"href":"https:\/\/www.unifan.edu.br\/unifan\/aparecida\/wp-json\/wp\/v2\/media?parent=2101"}],"curies":[{"name":"wp","href":"https:\/\/api.w.org\/{rel}","templated":true}]}}