{"id":3634,"date":"2021-02-11T14:35:38","date_gmt":"2021-02-11T17:35:38","guid":{"rendered":"https:\/\/www.unifan.edu.br\/unifan\/aparecida\/?page_id=3634"},"modified":"2021-06-30T15:12:39","modified_gmt":"2021-06-30T18:12:39","slug":"regimento-interno","status":"publish","type":"page","link":"https:\/\/www.unifan.edu.br\/unifan\/aparecida\/418-2\/cep\/regimento-interno\/","title":{"rendered":"Regimento interno"},"content":{"rendered":"\n<p><br>REGIMENTO INTERNO DO COMIT\u00ca DE \u00c9TICA EM PESQUISA &#8211; CEP UNIFAN<\/p>\n\n\n\n<p>No link abaixo, voc\u00ea tem acesso ao regimento do Comit\u00ea de \u00c9tica em Pesquisa (CEP) do Centro Universit\u00e1rio Alfredo Nasser (UNIFAN). Ele fundamenta-se em C\u00f3digos de \u00c9tica estabelecidos como a Declara\u00e7\u00e3o de Helsinque (1964) e suas atualiza\u00e7\u00f5es, em Diretrizes \u00c9ticas Internacionais para pesquisas cient\u00edficas envolvendo seres humanos e, particularmente, nas Resolu\u00e7\u00f5es n\u00ba 466\/2012, 251\/1997, 292\/1999 e 510\/2016 do Conselho Nacional de Sa\u00fade (CNS), Comiss\u00e3o Nacional de \u00c9tica em Pesquisa (CONEP) e demais normas pertinentes ao assunto atualizadas.<\/p>\n\n\n\n<p><a href=\"https:\/\/www.unifan.edu.br\/unifan\/aparecida\/wp-content\/uploads\/sites\/2\/2021\/06\/CEP-Unifan-Regimento-Interno-versao-final.pdf\">CEP Unifan Reg. Interno versao final <\/a><\/p>\n","protected":false},"excerpt":{"rendered":"<p>REGIMENTO INTERNO DO COMIT\u00ca DE \u00c9TICA EM PESQUISA &#8211; CEP UNIFAN No link abaixo, voc\u00ea tem acesso ao regimento do Comit\u00ea de \u00c9tica em Pesquisa&hellip;<\/p>\n","protected":false},"author":2,"featured_media":0,"parent":428,"menu_order":0,"comment_status":"closed","ping_status":"closed","template":"template-pagina-pai.php","meta":{"_acf_changed":false,"footnotes":""},"class_list":["post-3634","page","type-page","status-publish","hentry"],"acf":[],"_links":{"self":[{"href":"https:\/\/www.unifan.edu.br\/unifan\/aparecida\/wp-json\/wp\/v2\/pages\/3634","targetHints":{"allow":["GET"]}}],"collection":[{"href":"https:\/\/www.unifan.edu.br\/unifan\/aparecida\/wp-json\/wp\/v2\/pages"}],"about":[{"href":"https:\/\/www.unifan.edu.br\/unifan\/aparecida\/wp-json\/wp\/v2\/types\/page"}],"author":[{"embeddable":true,"href":"https:\/\/www.unifan.edu.br\/unifan\/aparecida\/wp-json\/wp\/v2\/users\/2"}],"replies":[{"embeddable":true,"href":"https:\/\/www.unifan.edu.br\/unifan\/aparecida\/wp-json\/wp\/v2\/comments?post=3634"}],"version-history":[{"count":4,"href":"https:\/\/www.unifan.edu.br\/unifan\/aparecida\/wp-json\/wp\/v2\/pages\/3634\/revisions"}],"predecessor-version":[{"id":4216,"href":"https:\/\/www.unifan.edu.br\/unifan\/aparecida\/wp-json\/wp\/v2\/pages\/3634\/revisions\/4216"}],"up":[{"embeddable":true,"href":"https:\/\/www.unifan.edu.br\/unifan\/aparecida\/wp-json\/wp\/v2\/pages\/428"}],"wp:attachment":[{"href":"https:\/\/www.unifan.edu.br\/unifan\/aparecida\/wp-json\/wp\/v2\/media?parent=3634"}],"curies":[{"name":"wp","href":"https:\/\/api.w.org\/{rel}","templated":true}]}}