{"id":4182,"date":"2021-06-28T11:49:47","date_gmt":"2021-06-28T14:49:47","guid":{"rendered":"https:\/\/www.unifan.edu.br\/unifan\/aparecida\/?page_id=4182"},"modified":"2021-06-28T15:38:23","modified_gmt":"2021-06-28T18:38:23","slug":"4182-2","status":"publish","type":"page","link":"https:\/\/www.unifan.edu.br\/unifan\/aparecida\/418-2\/nupex\/4182-2\/","title":{"rendered":"REGIMENTO INTERNO DO N\u00daCLEO DE PESQUISA E EXTENS\u00c3O EM DIREITO (NUPEX)"},"content":{"rendered":"\n<p>O\u00a0N\u00facleo de Pesquisa e Extens\u00e3o (Nupex), do curso de Direito do Centro Universit\u00e1rio Alfredo Nasser (Unifan), \u00e9 voltado para o estudo, pesquisa e extens\u00e3o relacionados \u00e0 \u00e1rea de concentra\u00e7\u00e3o \u201cDireito e Cidadania\u201d. Seus objetivos s\u00e3o:<\/p>\n\n\n\n<p>I \u2013 Desenvolver atividades de car\u00e1ter did\u00e1tico-pedag\u00f3gico, social, cultural, art\u00edstico, tecnol\u00f3gico e de extens\u00e3o em rela\u00e7\u00e3o \u00e0 sociedade local e regional;<\/p>\n\n\n\n<p>II \u2013 Buscar a interdisciplinaridade e integra\u00e7\u00e3o da matriz disciplinar em Aparecida de Goi\u00e2nia, Goi\u00e1s, com as suas unidades em Casa Nova e Remanso, Bahia e Pontalina em Goi\u00e1s;<\/p>\n\n\n\n<p>III \u2013 Incentivar a aglutina\u00e7\u00e3o de docentes que trabalham em assuntos comuns e espec\u00edficos, propiciando apoio institucional no desenvolvimento de suas atividades;<\/p>\n\n\n\n<p>IV \u2013 Estimular a participa\u00e7\u00e3o dos estudantes e docentes em projetos de inicia\u00e7\u00e3o cient\u00edfica e demais atividades acad\u00eamicas;<\/p>\n\n\n\n<p>V \u2013 Permitir um claro delineamento das linhas de pesquisa e seus respectivos grupos de estudo aos alunos e docentes;<\/p>\n\n\n\n<p>VI &#8211; Viabilizar a execu\u00e7\u00e3o das atividades relativas \u00e0 elabora\u00e7\u00e3o do Trabalho de Conclus\u00e3o de Curso.<\/p>\n\n\n\n<p><a href=\"https:\/\/www.unifan.edu.br\/unifan\/aparecida\/wp-content\/uploads\/sites\/2\/2021\/06\/Resolucao-n.-34-CS-de-28-06-2021-Regimento-Interno_NUPEX_Direito.pdf\">Para acessar o Regimento Interno do Nupex, clique aqui\u00a0<\/a><\/p>\n","protected":false},"excerpt":{"rendered":"<p>O\u00a0N\u00facleo de Pesquisa e Extens\u00e3o (Nupex), do curso de Direito do Centro Universit\u00e1rio Alfredo Nasser (Unifan), \u00e9 voltado para o estudo, pesquisa e extens\u00e3o relacionados&hellip;<\/p>\n","protected":false},"author":2,"featured_media":0,"parent":4179,"menu_order":0,"comment_status":"closed","ping_status":"closed","template":"template-pagina-pai.php","meta":{"_acf_changed":false,"footnotes":""},"class_list":["post-4182","page","type-page","status-publish","hentry"],"acf":[],"_links":{"self":[{"href":"https:\/\/www.unifan.edu.br\/unifan\/aparecida\/wp-json\/wp\/v2\/pages\/4182","targetHints":{"allow":["GET"]}}],"collection":[{"href":"https:\/\/www.unifan.edu.br\/unifan\/aparecida\/wp-json\/wp\/v2\/pages"}],"about":[{"href":"https:\/\/www.unifan.edu.br\/unifan\/aparecida\/wp-json\/wp\/v2\/types\/page"}],"author":[{"embeddable":true,"href":"https:\/\/www.unifan.edu.br\/unifan\/aparecida\/wp-json\/wp\/v2\/users\/2"}],"replies":[{"embeddable":true,"href":"https:\/\/www.unifan.edu.br\/unifan\/aparecida\/wp-json\/wp\/v2\/comments?post=4182"}],"version-history":[{"count":9,"href":"https:\/\/www.unifan.edu.br\/unifan\/aparecida\/wp-json\/wp\/v2\/pages\/4182\/revisions"}],"predecessor-version":[{"id":4194,"href":"https:\/\/www.unifan.edu.br\/unifan\/aparecida\/wp-json\/wp\/v2\/pages\/4182\/revisions\/4194"}],"up":[{"embeddable":true,"href":"https:\/\/www.unifan.edu.br\/unifan\/aparecida\/wp-json\/wp\/v2\/pages\/4179"}],"wp:attachment":[{"href":"https:\/\/www.unifan.edu.br\/unifan\/aparecida\/wp-json\/wp\/v2\/media?parent=4182"}],"curies":[{"name":"wp","href":"https:\/\/api.w.org\/{rel}","templated":true}]}}