{"id":448,"date":"2019-08-07T16:37:48","date_gmt":"2019-08-07T19:37:48","guid":{"rendered":"https:\/\/www.unifan.edu.br\/unifan\/aparecida\/?page_id=448"},"modified":"2024-05-27T16:22:59","modified_gmt":"2024-05-27T19:22:59","slug":"anais-do-pesquisar","status":"publish","type":"page","link":"https:\/\/www.unifan.edu.br\/unifan\/aparecida\/418-2\/pesquisar\/anais-do-pesquisar\/","title":{"rendered":"ANAIS DO PESQUISAR"},"content":{"rendered":"\n<figure class=\"wp-block-image size-large is-resized\"><img loading=\"lazy\" decoding=\"async\" width=\"1024\" height=\"225\" src=\"https:\/\/www.unifan.edu.br\/unifan\/aparecida\/wp-content\/uploads\/sites\/2\/2024\/05\/Camada-pesquisar-1-1024x225.png\" alt=\"\" class=\"wp-image-9126\" style=\"width:840px;height:auto\" srcset=\"https:\/\/www.unifan.edu.br\/unifan\/aparecida\/wp-content\/uploads\/sites\/2\/2024\/05\/Camada-pesquisar-1-1024x225.png 1024w, https:\/\/www.unifan.edu.br\/unifan\/aparecida\/wp-content\/uploads\/sites\/2\/2024\/05\/Camada-pesquisar-1-300x66.png 300w, https:\/\/www.unifan.edu.br\/unifan\/aparecida\/wp-content\/uploads\/sites\/2\/2024\/05\/Camada-pesquisar-1-768x169.png 768w, https:\/\/www.unifan.edu.br\/unifan\/aparecida\/wp-content\/uploads\/sites\/2\/2024\/05\/Camada-pesquisar-1.png 1313w\" sizes=\"auto, (max-width: 1024px) 100vw, 1024px\" \/><\/figure>\n\n\n\n<p><strong><a href=\"https:\/\/servicosonlineaparecida.unifan.edu.br\/files\/docBiblioteca\/ebooks\/%C2%B0%C2%B0275834843.pdf\">XII PESQUISAR \u2013 Congresso Interdisciplinar de Produ\u00e7\u00e3o Cient\u00edfica<\/a><\/strong><br>Anais do XII PESQUISAR, Congresso Interdisciplinar de Produ\u00e7\u00e3o Cient\u00edfica do Centro Universit\u00e1rio Alfredo Nasser, realizado entre os dias de 18 a 20 de outubro de 2023.\u00a0ISSN 2447-2239\u00a0<\/p>\n\n\n\n<figure class=\"wp-block-image size-large\"><img loading=\"lazy\" decoding=\"async\" width=\"1024\" height=\"330\" src=\"https:\/\/www.unifan.edu.br\/unifan\/aparecida\/wp-content\/uploads\/sites\/2\/2023\/03\/11PESQUISAR-1024x330.png\" alt=\"\" class=\"wp-image-7155\" srcset=\"https:\/\/www.unifan.edu.br\/unifan\/aparecida\/wp-content\/uploads\/sites\/2\/2023\/03\/11PESQUISAR-1024x330.png 1024w, https:\/\/www.unifan.edu.br\/unifan\/aparecida\/wp-content\/uploads\/sites\/2\/2023\/03\/11PESQUISAR-300x97.png 300w, https:\/\/www.unifan.edu.br\/unifan\/aparecida\/wp-content\/uploads\/sites\/2\/2023\/03\/11PESQUISAR-768x247.png 768w, https:\/\/www.unifan.edu.br\/unifan\/aparecida\/wp-content\/uploads\/sites\/2\/2023\/03\/11PESQUISAR-1536x495.png 1536w, https:\/\/www.unifan.edu.br\/unifan\/aparecida\/wp-content\/uploads\/sites\/2\/2023\/03\/11PESQUISAR-2048x660.png 2048w\" sizes=\"auto, (max-width: 1024px) 100vw, 1024px\" \/><\/figure>\n\n\n\n<p><strong><a href=\"https:\/\/www.unifan.edu.br\/unifan\/aparecida\/?page_id=7262\">XI PESQUISAR \u2013 Congresso Interdisciplinar de Produ\u00e7\u00e3o Cient\u00edfica<\/a><\/strong><br>Anais do XI PESQUISAR, Congresso Interdisciplinar de Produ\u00e7\u00e3o Cient\u00edfica do Centro Universit\u00e1rio Alfredo Nasser, realizado entre os dias de 19 a 21 de outubro de 2022.&nbsp;ISSN 2447-2239&nbsp;<\/p>\n\n\n\n<figure class=\"wp-block-image size-large\"><img loading=\"lazy\" decoding=\"async\" width=\"1024\" height=\"536\" src=\"https:\/\/www.unifan.edu.br\/unifan\/aparecida\/wp-content\/uploads\/sites\/2\/2022\/09\/LOGO-PESQUISAR-1024x536.jpg\" alt=\"\" class=\"wp-image-6196\" srcset=\"https:\/\/www.unifan.edu.br\/unifan\/aparecida\/wp-content\/uploads\/sites\/2\/2022\/09\/LOGO-PESQUISAR-1024x536.jpg 1024w, https:\/\/www.unifan.edu.br\/unifan\/aparecida\/wp-content\/uploads\/sites\/2\/2022\/09\/LOGO-PESQUISAR-300x157.jpg 300w, https:\/\/www.unifan.edu.br\/unifan\/aparecida\/wp-content\/uploads\/sites\/2\/2022\/09\/LOGO-PESQUISAR-768x402.jpg 768w, https:\/\/www.unifan.edu.br\/unifan\/aparecida\/wp-content\/uploads\/sites\/2\/2022\/09\/LOGO-PESQUISAR-1536x804.jpg 1536w, https:\/\/www.unifan.edu.br\/unifan\/aparecida\/wp-content\/uploads\/sites\/2\/2022\/09\/LOGO-PESQUISAR.jpg 1600w\" sizes=\"auto, (max-width: 1024px) 100vw, 1024px\" \/><\/figure>\n\n\n\n<p><strong><a href=\"https:\/\/www.unifan.edu.br\/unifan\/aparecida\/?page_id=6205&amp;preview=true\">X PESQUISAR \u2013 Congresso Interdisciplinar de Produ\u00e7\u00e3o Cient\u00edfica<\/a><\/strong><br>Anais do X PESQUISAR, Congresso Interdisciplinar de Produ\u00e7\u00e3o Cient\u00edfica do Centro Universit\u00e1rio Alfredo Nasser, realizado entre os dias de 20 a 22 de outubro de 2021.&nbsp;ISSN 2447-2239&nbsp;<\/p>\n\n\n\n<figure class=\"wp-block-gallery has-nested-images columns-default is-cropped wp-block-gallery-1 is-layout-flex wp-block-gallery-is-layout-flex\">\n<figure class=\"wp-block-image size-large\"><img loading=\"lazy\" decoding=\"async\" width=\"1024\" height=\"497\" data-id=\"3897\" src=\"https:\/\/www.unifan.edu.br\/unifan\/aparecida\/wp-content\/uploads\/sites\/2\/2021\/05\/pesquisar-sd-1024x497.jpg\" alt=\"\" class=\"wp-image-3897\" srcset=\"https:\/\/www.unifan.edu.br\/unifan\/aparecida\/wp-content\/uploads\/sites\/2\/2021\/05\/pesquisar-sd-1024x497.jpg 1024w, https:\/\/www.unifan.edu.br\/unifan\/aparecida\/wp-content\/uploads\/sites\/2\/2021\/05\/pesquisar-sd-300x146.jpg 300w, https:\/\/www.unifan.edu.br\/unifan\/aparecida\/wp-content\/uploads\/sites\/2\/2021\/05\/pesquisar-sd-768x373.jpg 768w, https:\/\/www.unifan.edu.br\/unifan\/aparecida\/wp-content\/uploads\/sites\/2\/2021\/05\/pesquisar-sd-1536x746.jpg 1536w, https:\/\/www.unifan.edu.br\/unifan\/aparecida\/wp-content\/uploads\/sites\/2\/2021\/05\/pesquisar-sd-2048x994.jpg 2048w\" sizes=\"auto, (max-width: 1024px) 100vw, 1024px\" \/><figcaption class=\"wp-element-caption\"><br><\/figcaption><\/figure>\n<\/figure>\n\n\n\n<p><a href=\"https:\/\/www.unifan.edu.br\/unifan\/aparecida\/?page_id=3832\"><strong>IX PESQUISAR \u2013 Congresso Interdisciplinar de Produ\u00e7\u00e3o Cient\u00edfica<\/strong><\/a><br>Anais do IX PESQUISAR, Congresso Interdisciplinar de Produ\u00e7\u00e3o Cient\u00edfica do Centro Universit\u00e1rio Alfredo Nasser, realizado entre os dias 21 e 23 de outubro de 2020 de forma remota pelo aplicativo Zoom.&nbsp;ISSN 2447-2239&nbsp;<\/p>\n\n\n\n<figure class=\"wp-block-gallery has-nested-images columns-default is-cropped wp-block-gallery-2 is-layout-flex wp-block-gallery-is-layout-flex\">\n<figure class=\"wp-block-image size-large\"><img loading=\"lazy\" decoding=\"async\" width=\"1024\" height=\"363\" data-id=\"2778\" src=\"https:\/\/www.unifan.edu.br\/unifan\/aparecida\/wp-content\/uploads\/sites\/2\/2020\/07\/logo-1024x363.jpg\" alt=\"\" class=\"wp-image-2778\" srcset=\"https:\/\/www.unifan.edu.br\/unifan\/aparecida\/wp-content\/uploads\/sites\/2\/2020\/07\/logo-1024x363.jpg 1024w, https:\/\/www.unifan.edu.br\/unifan\/aparecida\/wp-content\/uploads\/sites\/2\/2020\/07\/logo-300x106.jpg 300w, https:\/\/www.unifan.edu.br\/unifan\/aparecida\/wp-content\/uploads\/sites\/2\/2020\/07\/logo-768x272.jpg 768w\" sizes=\"auto, (max-width: 1024px) 100vw, 1024px\" \/><\/figure>\n<\/figure>\n\n\n\n<p><strong><a href=\"https:\/\/www.unifan.edu.br\/unifan\/aparecida\/?page_id=2776\">VIII PESQUISAR &#8211; Congresso Interdisciplinar de Produ\u00e7\u00e3o Cient\u00edfica<\/a><\/strong><br> Anais do VIII PESQUISAR, Congresso Interdisciplinar de Produ\u00e7\u00e3o Cient\u00edfica  da Faculdade Alfredo Nasser, realizado em Aparecida de Goi\u00e2nia&nbsp; nos  dias 16 a 18 de outubro de 2019.<br>ISSN 2447-2239&nbsp; <\/p>\n\n\n\n<figure class=\"wp-block-gallery has-nested-images columns-default is-cropped wp-block-gallery-3 is-layout-flex wp-block-gallery-is-layout-flex\">\n<figure class=\"wp-block-image size-large\"><img loading=\"lazy\" decoding=\"async\" width=\"1024\" height=\"376\" data-id=\"2235\" src=\"https:\/\/www.unifan.edu.br\/unifan\/aparecida\/wp-content\/uploads\/sites\/2\/2020\/02\/7pesquisar-logo_-1024x376.png\" alt=\"\" class=\"wp-image-2235\" srcset=\"https:\/\/www.unifan.edu.br\/unifan\/aparecida\/wp-content\/uploads\/sites\/2\/2020\/02\/7pesquisar-logo_-1024x376.png 1024w, https:\/\/www.unifan.edu.br\/unifan\/aparecida\/wp-content\/uploads\/sites\/2\/2020\/02\/7pesquisar-logo_-300x110.png 300w, https:\/\/www.unifan.edu.br\/unifan\/aparecida\/wp-content\/uploads\/sites\/2\/2020\/02\/7pesquisar-logo_-768x282.png 768w\" sizes=\"auto, (max-width: 1024px) 100vw, 1024px\" \/><\/figure>\n<\/figure>\n\n\n\n<p><strong><a href=\"https:\/\/www.unifan.edu.br\/unifan\/aparecida\/?page_id=2198\">VII PESQUISAR &#8211; Congresso Interdisciplinar de Produ\u00e7\u00e3o Cient\u00edfica<\/a><\/strong><br> Anais do VII PESQUISAR, Congresso Interdisciplinar de Produ\u00e7\u00e3o Cient\u00edfica  da Faculdade Alfredo Nasser, realizado em Aparecida de Goi\u00e2nia&nbsp; nos  dias 15 a 17 de outubro de 2018.<br>ISSN 2447-2239&nbsp; <\/p>\n\n\n\n<figure class=\"wp-block-image\"><img decoding=\"async\" src=\"https:\/\/www.faculdadealfredonasser.edu.br\/files\/diracademica\/09-02-2018-09.51.18.png\" alt=\"\" \/><\/figure>\n\n\n\n<p><strong><a href=\"https:\/\/www.unifan.edu.br\/unifan\/aparecida\/?page_id=1845\">VI PESQUISAR &#8211; Congresso Interdisciplinar de Produ\u00e7\u00e3o Cient\u00edfica<\/a><\/strong><br>Anais do VI PESQUISAR, Congresso Interdisciplinar de Produ\u00e7\u00e3o Cient\u00edfica da Faculdade Alfredo Nasser, realizado em Aparecida de Goi\u00e2nia&nbsp; nos dias 16 a 18 de outubro de 2017.<br>ISSN 2447-2239&nbsp;<\/p>\n\n\n\n<p><\/p>\n\n\n\n<figure class=\"wp-block-image\"><img decoding=\"async\" src=\"https:\/\/www.faculdadealfredonasser.edu.br\/files\/imagens\/17-11-2016-10.33.45.jpg\" alt=\"\" \/><\/figure>\n\n\n\n<p><strong><a href=\"https:\/\/www.unifan.edu.br\/unifan\/aparecida\/?page_id=1728\">V PESQUISAR &#8211; Semin\u00e1rio Interdisciplinar de Produ\u00e7\u00e3o Cient\u00edfica<\/a><\/strong><br>Anais do V PESQUISAR, Semin\u00e1rio Interdisciplinar de Produ\u00e7\u00e3o Cient\u00edfica da Faculdade Alfredo Nasser, realizado em Aparecida de Goi\u00e2nia&nbsp; nos dias 17 a 19 de outubro de 2016.<br>ISSN 2447-2239&nbsp;<\/p>\n\n\n\n<p><\/p>\n\n\n\n<p><\/p>\n\n\n\n<figure class=\"wp-block-image\"><img decoding=\"async\" src=\"https:\/\/www.faculdadealfredonasser.edu.br\/files\/imagens\/logo%204%C2%BA%20pesquisar%20fundo%20vermelho%20pequeno.png\" alt=\"\" \/><\/figure>\n\n\n\n<p><strong><a href=\"https:\/\/www.unifan.edu.br\/unifan\/aparecida\/?page_id=1839\">IV PESQUISAR &#8211; Semin\u00e1rio Interdisciplinar de Produ\u00e7\u00e3o Cient\u00edfica<\/a><\/strong><br>Anais do IV PESQUISAR, Semin\u00e1rio Interdisciplinar de Produ\u00e7\u00e3o Cient\u00edfica da Faculdade Alfredo Nasser, realizado em Aparecida de Goi\u00e2nia&nbsp; nos dias 21 a 23 de outubro de 2015.<br>ISSN 2447-2239&nbsp;<\/p>\n\n\n\n<p><\/p>\n\n\n\n<p><\/p>\n\n\n\n<p><\/p>\n\n\n\n<figure class=\"wp-block-image\"><img decoding=\"async\" src=\"https:\/\/www.faculdadealfredonasser.edu.br\/files\/noticias\/logo.jpg\" alt=\"\" \/><\/figure>\n\n\n\n<p><strong><a href=\"https:\/\/www.unifan.edu.br\/unifan\/aparecida\/?page_id=1702\">III PESQUISAR &#8211; Semin\u00e1rio Interdisciplinar de Produ\u00e7\u00e3o Cient\u00edfica<\/a><\/strong><br>Anais do III PESQUISAR, Semin\u00e1rio Interdisciplinar de Produ\u00e7\u00e3o Cient\u00edfica da Faculdade Alfredo Nasser, realizado em Aparecida de Goi\u00e2nia&nbsp; nos dias 22 e 23 de outubro de 2014.<br>ISSN 2447-2239&nbsp;<\/p>\n\n\n\n<p><\/p>\n\n\n\n<p><\/p>\n\n\n\n<p><\/p>\n\n\n\n<figure class=\"wp-block-image\"><img loading=\"lazy\" decoding=\"async\" width=\"430\" height=\"304\" src=\"https:\/\/www.unifan.edu.br\/unifan\/aparecida\/wp-content\/uploads\/sites\/2\/2019\/08\/image.png\" alt=\"\" class=\"wp-image-451\" srcset=\"https:\/\/www.unifan.edu.br\/unifan\/aparecida\/wp-content\/uploads\/sites\/2\/2019\/08\/image.png 430w, https:\/\/www.unifan.edu.br\/unifan\/aparecida\/wp-content\/uploads\/sites\/2\/2019\/08\/image-300x212.png 300w\" sizes=\"auto, (max-width: 430px) 100vw, 430px\" \/><\/figure>\n\n\n\n<p><strong><a href=\"https:\/\/www.unifan.edu.br\/unifan\/aparecida\/?page_id=1842\">II PESQUISAR &#8211; Semin\u00e1rio Interdisciplinar de Produ\u00e7\u00e3o Cient\u00edfica<\/a><\/strong><br>Anais do II PESQUISAR, Semin\u00e1rio Interdisciplinar de Produ\u00e7\u00e3o Cient\u00edfica da Faculdade Alfredo Nasser, realizado em Aparecida de Goi\u00e2nia&nbsp; nos dias 16 e 17 de outubro de 2013.<br>ISSN 2447-2239&nbsp;&nbsp;<\/p>\n\n\n\n<p><\/p>\n\n\n\n<p><\/p>\n\n\n\n<p><\/p>\n\n\n\n<figure class=\"wp-block-image\"><img loading=\"lazy\" decoding=\"async\" width=\"264\" height=\"211\" src=\"https:\/\/www.unifan.edu.br\/unifan\/aparecida\/wp-content\/uploads\/sites\/2\/2019\/08\/image-1.png\" alt=\"\" class=\"wp-image-452\" \/><\/figure>\n\n\n\n<p><strong><a href=\"https:\/\/www.unifan.edu.br\/unifan\/aparecida\/?page_id=1689\">I PESQUISAR &#8211; Semin\u00e1rio Interdisciplinar de Produ\u00e7\u00e3o Cient\u00edfica<\/a><\/strong><br>Anais do I PESQUISAR, Semin\u00e1rio Interdisciplinar de Produ\u00e7\u00e3o Cient\u00edfica da Faculdade Alfredo Nasser, realizado em Aparecida de Goi\u00e2nia nos dias 07 e 08 de mar\u00e7o de 2012.<br>ISSN 2447-2239&nbsp;<br><\/p>\n","protected":false},"excerpt":{"rendered":"<p>XII PESQUISAR \u2013 Congresso Interdisciplinar de Produ\u00e7\u00e3o Cient\u00edficaAnais do XII PESQUISAR, Congresso Interdisciplinar de Produ\u00e7\u00e3o Cient\u00edfica do Centro Universit\u00e1rio Alfredo Nasser, realizado entre os dias&hellip;<\/p>\n","protected":false},"author":1,"featured_media":0,"parent":122,"menu_order":0,"comment_status":"closed","ping_status":"closed","template":"template-pagina-pai.php","meta":{"_acf_changed":false,"footnotes":""},"class_list":["post-448","page","type-page","status-publish","hentry"],"acf":[],"_links":{"self":[{"href":"https:\/\/www.unifan.edu.br\/unifan\/aparecida\/wp-json\/wp\/v2\/pages\/448","targetHints":{"allow":["GET"]}}],"collection":[{"href":"https:\/\/www.unifan.edu.br\/unifan\/aparecida\/wp-json\/wp\/v2\/pages"}],"about":[{"href":"https:\/\/www.unifan.edu.br\/unifan\/aparecida\/wp-json\/wp\/v2\/types\/page"}],"author":[{"embeddable":true,"href":"https:\/\/www.unifan.edu.br\/unifan\/aparecida\/wp-json\/wp\/v2\/users\/1"}],"replies":[{"embeddable":true,"href":"https:\/\/www.unifan.edu.br\/unifan\/aparecida\/wp-json\/wp\/v2\/comments?post=448"}],"version-history":[{"count":28,"href":"https:\/\/www.unifan.edu.br\/unifan\/aparecida\/wp-json\/wp\/v2\/pages\/448\/revisions"}],"predecessor-version":[{"id":9129,"href":"https:\/\/www.unifan.edu.br\/unifan\/aparecida\/wp-json\/wp\/v2\/pages\/448\/revisions\/9129"}],"up":[{"embeddable":true,"href":"https:\/\/www.unifan.edu.br\/unifan\/aparecida\/wp-json\/wp\/v2\/pages\/122"}],"wp:attachment":[{"href":"https:\/\/www.unifan.edu.br\/unifan\/aparecida\/wp-json\/wp\/v2\/media?parent=448"}],"curies":[{"name":"wp","href":"https:\/\/api.w.org\/{rel}","templated":true}]}}