{"id":456,"date":"2019-08-07T16:47:50","date_gmt":"2019-08-07T19:47:50","guid":{"rendered":"https:\/\/www.unifan.edu.br\/unifan\/aparecida\/?page_id=456"},"modified":"2021-06-21T16:52:31","modified_gmt":"2021-06-21T19:52:31","slug":"pibic-2017-2018","status":"publish","type":"page","link":"https:\/\/www.unifan.edu.br\/unifan\/aparecida\/418-2\/pibic-pivic\/pibic-2017-2018\/","title":{"rendered":"PIBIC 2017 &#8211; 2018"},"content":{"rendered":"\n<p class=\"has-text-align-center\"> <strong>PIBIC &#8211; PROGRAMA INSTITUCIONAL DE BOLSAS DE INICIA\u00c7\u00c3O CIENT\u00cdFICA<\/strong> <\/p>\n\n\n\n<h2 class=\"has-text-align-center wp-block-heading\"><img loading=\"lazy\" decoding=\"async\" width=\"500\" height=\"278\" class=\"wp-image-680\" style=\"width: 500px;\" src=\"https:\/\/www.unifan.edu.br\/unifan\/aparecida\/wp-content\/uploads\/sites\/2\/2019\/08\/\u00edndice.png\" alt=\"\" srcset=\"https:\/\/www.unifan.edu.br\/unifan\/aparecida\/wp-content\/uploads\/sites\/2\/2019\/08\/\u00edndice.png 640w, https:\/\/www.unifan.edu.br\/unifan\/aparecida\/wp-content\/uploads\/sites\/2\/2019\/08\/\u00edndice-300x167.png 300w\" sizes=\"auto, (max-width: 500px) 100vw, 500px\" \/><\/h2>\n\n\n\n<p class=\"has-text-align-center\"><strong>&nbsp;Inscri\u00e7\u00f5es encerradas<\/strong><\/p>\n\n\n\n<p class=\"has-text-align-center\"><a href=\"https:\/\/www.unifan.edu.br\/unifan\/aparecida\/wp-content\/uploads\/sites\/2\/2019\/08\/Acesse-e-Leia-aqui-o-Edital-pibic.pdf\">Acesse e Leia aqui o Edital PIBIC<\/a><\/p>\n\n\n\n<p class=\"has-text-align-center\"><a href=\"https:\/\/www.unifan.edu.br\/unifan\/aparecida\/wp-content\/uploads\/sites\/2\/2019\/08\/Resultadopibic.pdf\">Resultado<\/a><\/p>\n","protected":false},"excerpt":{"rendered":"<p>PIBIC &#8211; PROGRAMA INSTITUCIONAL DE BOLSAS DE INICIA\u00c7\u00c3O CIENT\u00cdFICA &nbsp;Inscri\u00e7\u00f5es encerradas Acesse e Leia aqui o Edital PIBIC Resultado<\/p>\n","protected":false},"author":1,"featured_media":0,"parent":426,"menu_order":0,"comment_status":"closed","ping_status":"closed","template":"template-pagina-pai.php","meta":{"_acf_changed":false,"footnotes":""},"class_list":["post-456","page","type-page","status-publish","hentry"],"acf":[],"_links":{"self":[{"href":"https:\/\/www.unifan.edu.br\/unifan\/aparecida\/wp-json\/wp\/v2\/pages\/456","targetHints":{"allow":["GET"]}}],"collection":[{"href":"https:\/\/www.unifan.edu.br\/unifan\/aparecida\/wp-json\/wp\/v2\/pages"}],"about":[{"href":"https:\/\/www.unifan.edu.br\/unifan\/aparecida\/wp-json\/wp\/v2\/types\/page"}],"author":[{"embeddable":true,"href":"https:\/\/www.unifan.edu.br\/unifan\/aparecida\/wp-json\/wp\/v2\/users\/1"}],"replies":[{"embeddable":true,"href":"https:\/\/www.unifan.edu.br\/unifan\/aparecida\/wp-json\/wp\/v2\/comments?post=456"}],"version-history":[{"count":6,"href":"https:\/\/www.unifan.edu.br\/unifan\/aparecida\/wp-json\/wp\/v2\/pages\/456\/revisions"}],"predecessor-version":[{"id":4157,"href":"https:\/\/www.unifan.edu.br\/unifan\/aparecida\/wp-json\/wp\/v2\/pages\/456\/revisions\/4157"}],"up":[{"embeddable":true,"href":"https:\/\/www.unifan.edu.br\/unifan\/aparecida\/wp-json\/wp\/v2\/pages\/426"}],"wp:attachment":[{"href":"https:\/\/www.unifan.edu.br\/unifan\/aparecida\/wp-json\/wp\/v2\/media?parent=456"}],"curies":[{"name":"wp","href":"https:\/\/api.w.org\/{rel}","templated":true}]}}