{"id":479,"date":"2019-08-09T08:30:08","date_gmt":"2019-08-09T11:30:08","guid":{"rendered":"https:\/\/www.unifan.edu.br\/unifan\/aparecida\/?page_id=479"},"modified":"2022-03-23T14:07:06","modified_gmt":"2022-03-23T17:07:06","slug":"biblioteca","status":"publish","type":"page","link":"https:\/\/www.unifan.edu.br\/unifan\/aparecida\/biblioteca\/","title":{"rendered":"Biblioteca"},"content":{"rendered":"\n<figure class=\"wp-block-image\"><img loading=\"lazy\" decoding=\"async\" width=\"1024\" height=\"453\" src=\"https:\/\/www.unifan.edu.br\/unifan\/aparecida\/wp-content\/uploads\/sites\/2\/2019\/08\/biblioteca-1024x453.jpg\" alt=\"\" class=\"wp-image-880\" srcset=\"https:\/\/www.unifan.edu.br\/unifan\/aparecida\/wp-content\/uploads\/sites\/2\/2019\/08\/biblioteca.jpg 1024w, https:\/\/www.unifan.edu.br\/unifan\/aparecida\/wp-content\/uploads\/sites\/2\/2019\/08\/biblioteca-300x133.jpg 300w, https:\/\/www.unifan.edu.br\/unifan\/aparecida\/wp-content\/uploads\/sites\/2\/2019\/08\/biblioteca-768x340.jpg 768w\" sizes=\"auto, (max-width: 1024px) 100vw, 1024px\" \/><\/figure>\n\n\n\n<h4 class=\"wp-block-heading\">1 \u2013 Acervo de livros e peri\u00f3dicos por \u00e1rea de conhecimento<\/h4>\n\n\n\n<p> A Biblioteca do Centro Universit\u00e1rio Alfredo Nasser \u00e9 constitu\u00edda de livros, peri\u00f3dicos, CDs e DVDs das v\u00e1rias     \u00e1reas do conhecimento, tais como: Ci\u00eancias Humanas; Ci\u00eancias Sociais Aplicadas; Ci\u00eancias      Exatas e da Terra; Letras; Artes; e Ci\u00eancias Biol\u00f3gicas. Tamb\u00e9m h\u00e1 microcomputadores para acessar     a base de dados e a Internet. Todo o acervo \u00e9 informatizado e tecnicamente organizado para      leituras, pesquisas e empr\u00e9stimos que  possibilitam a transforma\u00e7\u00e3o da informa\u00e7\u00e3o em conhecimento.     Este acervo est\u00e1 em constante expans\u00e3o, para fornecer \u00e0 comunidade acad\u00eamica a documenta\u00e7\u00e3o     necess\u00e1ria ao ensino, pesquisa e extens\u00e3o. Do acervo, boa parte pode ser retirada por meio de      empr\u00e9stimos, exceto peri\u00f3dicos e obras de refer\u00eancias. O acesso ao acervo \u00e9 fechado, isto \u00e9, as     obras dever\u00e3o ser solicitadas aos atendentes nas se\u00e7\u00f5es de refer\u00eancias, para que possam ser     consultadas no local ou retiradas por empr\u00e9stimos. \u00c9 necess\u00e1rio o cadastro do usu\u00e1rio na Biblioteca.     Para acessar produtos e servi\u00e7os, o usu\u00e1rio comparece ao recinto, se identifica como estudante,     professor, colaborador ou membro da comunidade externa e usa a senha individual de identifica\u00e7\u00e3o. <\/p>\n\n\n\n<h4 class=\"wp-block-heading\">2 \u2013 Pol\u00edtica de atualiza\u00e7\u00e3o e informatiza\u00e7\u00e3o<\/h4>\n\n\n\n<p>\nA pol\u00edtica de atualiza\u00e7\u00e3o do acervo atende \u00e0s solicita\u00e7\u00f5es das \ncoordena\u00e7\u00f5es dos cursos por meio de aquisi\u00e7\u00f5es semestrais.\n  \nA Biblioteca possui sistema interno de gerenciamento e controle de SGCB,\n desenvolvido pela pr\u00f3pria Institui\u00e7\u00e3o, que possibilita consulta r\u00e1pida,\n citando-se o t\u00edtulo ou autor ou palavra-chave, o que resulta na \ndisponibilidade, ou n\u00e3o, da obra consultada. \n\n<\/p>\n\n\n\n<h4 class=\"wp-block-heading\">3 \u2013 \u00c1rea f\u00edsica dispon\u00edvel<\/h4>\n\n\n\n<p>   \nFunciona em tr\u00eas unidades de atendimento, em conformidade com as necessidades espec\u00edficas dos cursos que a \n     Institui\u00e7\u00e3o oferece. Disponibiliza espa\u00e7os individuais de estudos, para leitura, trabalhos em grupos e \n     salas destinadas aos servi\u00e7os de processamento t\u00e9cnico e acervos.\n\n<\/p>\n\n\n\n<h4 class=\"wp-block-heading\">4 \u2013 Recomenda\u00e7\u00f5es aos usu\u00e1rios<\/h4>\n\n\n\n<p>\n1. O usu\u00e1rio deve preencher o formul\u00e1rio e poder\u00e1 realizar na Biblioteca o cadastro da Biometria para efetuar \n     empr\u00e9stimos e devolu\u00e7\u00f5es.\n2. A devolu\u00e7\u00e3o, ap\u00f3s o dia do vencimento do empr\u00e9stimo, gera multa por dia de atraso.\n3. A Biblioteca \u00e9 um ambiente de estudo e pesquisa, portanto fale com modera\u00e7\u00e3o e somente o necess\u00e1rio.\n4. N\u00e3o consuma alimentos e bebidas de quaisquer esp\u00e9cies.\n5. N\u00e3o \u00e9 permitido acesso a sites que n\u00e3o estejam relacionados a conhecimentos cient\u00edficos e t\u00e9cnicos nas \u00e1reas\n     acad\u00eamicas. \n6. Todo usu\u00e1rio dever\u00e1 zelar pelas obras e equipamentos dispon\u00edveis na Biblioteca. \n\n<\/p>\n\n\n\n<h4 class=\"wp-block-heading\">5 \u2013 Hor\u00e1rios de funcionamento<\/h4>\n\n\n\n<p>\nA Biblioteca funciona em todos os dias letivos, nos tr\u00eas turnos. \n\n<\/p>\n","protected":false},"excerpt":{"rendered":"<p>1 \u2013 Acervo de livros e peri\u00f3dicos por \u00e1rea de conhecimento A Biblioteca do Centro Universit\u00e1rio Alfredo Nasser \u00e9 constitu\u00edda de livros, peri\u00f3dicos, CDs e&hellip;<\/p>\n","protected":false},"author":4,"featured_media":0,"parent":0,"menu_order":0,"comment_status":"closed","ping_status":"closed","template":"template-pagina-pai.php","meta":{"_acf_changed":false,"footnotes":""},"class_list":["post-479","page","type-page","status-publish","hentry"],"acf":[],"_links":{"self":[{"href":"https:\/\/www.unifan.edu.br\/unifan\/aparecida\/wp-json\/wp\/v2\/pages\/479","targetHints":{"allow":["GET"]}}],"collection":[{"href":"https:\/\/www.unifan.edu.br\/unifan\/aparecida\/wp-json\/wp\/v2\/pages"}],"about":[{"href":"https:\/\/www.unifan.edu.br\/unifan\/aparecida\/wp-json\/wp\/v2\/types\/page"}],"author":[{"embeddable":true,"href":"https:\/\/www.unifan.edu.br\/unifan\/aparecida\/wp-json\/wp\/v2\/users\/4"}],"replies":[{"embeddable":true,"href":"https:\/\/www.unifan.edu.br\/unifan\/aparecida\/wp-json\/wp\/v2\/comments?post=479"}],"version-history":[{"count":3,"href":"https:\/\/www.unifan.edu.br\/unifan\/aparecida\/wp-json\/wp\/v2\/pages\/479\/revisions"}],"predecessor-version":[{"id":5406,"href":"https:\/\/www.unifan.edu.br\/unifan\/aparecida\/wp-json\/wp\/v2\/pages\/479\/revisions\/5406"}],"wp:attachment":[{"href":"https:\/\/www.unifan.edu.br\/unifan\/aparecida\/wp-json\/wp\/v2\/media?parent=479"}],"curies":[{"name":"wp","href":"https:\/\/api.w.org\/{rel}","templated":true}]}}