{"id":4829,"date":"2021-12-10T15:49:31","date_gmt":"2021-12-10T18:49:31","guid":{"rendered":"https:\/\/www.unifan.edu.br\/unifan\/aparecida\/?page_id=4829"},"modified":"2024-12-13T13:59:13","modified_gmt":"2024-12-13T16:59:13","slug":"engenharia-de-software-4-anos","status":"publish","type":"page","link":"https:\/\/www.unifan.edu.br\/unifan\/aparecida\/engenharia-de-software-4-anos\/","title":{"rendered":"Engenharia de Software (4 anos)"},"content":{"rendered":"\n<figure class=\"wp-block-image size-large\"><img loading=\"lazy\" decoding=\"async\" width=\"1024\" height=\"459\" src=\"https:\/\/www.unifan.edu.br\/unifan\/aparecida\/wp-content\/uploads\/sites\/2\/2024\/02\/Banner-Cursos-Site-Novosengenharia-de-soft-1024x459.jpg\" alt=\"\" class=\"wp-image-8728\" srcset=\"https:\/\/www.unifan.edu.br\/unifan\/aparecida\/wp-content\/uploads\/sites\/2\/2024\/02\/Banner-Cursos-Site-Novosengenharia-de-soft-1024x459.jpg 1024w, https:\/\/www.unifan.edu.br\/unifan\/aparecida\/wp-content\/uploads\/sites\/2\/2024\/02\/Banner-Cursos-Site-Novosengenharia-de-soft-300x134.jpg 300w, https:\/\/www.unifan.edu.br\/unifan\/aparecida\/wp-content\/uploads\/sites\/2\/2024\/02\/Banner-Cursos-Site-Novosengenharia-de-soft-768x344.jpg 768w, https:\/\/www.unifan.edu.br\/unifan\/aparecida\/wp-content\/uploads\/sites\/2\/2024\/02\/Banner-Cursos-Site-Novosengenharia-de-soft.jpg 1426w\" sizes=\"auto, (max-width: 1024px) 100vw, 1024px\" \/><\/figure>\n\n\n\n<p><strong>O Curso<\/strong><\/p>\n\n\n\n<p><strong>Situa\u00e7\u00e3o Legal<\/strong><\/p>\n\n\n\n<p>Curso criado pela Resolu\u00e7\u00e3o n. 27B-CS do Conselho Superior do Centro Universit\u00e1rio Alfredo Nasser.<\/p>\n\n\n\n<p><strong>Miss\u00e3o do Curso<\/strong><\/p>\n\n\n\n<p>Qualificar o estudante para assumir fun\u00e7\u00f5es em diferentes n\u00edveis dentro das organiza\u00e7\u00f5es, para a carreira t\u00e9cnica ou de gest\u00e3o. Dentro das capacidades destacam-se as principais \u00e1reas de atua\u00e7\u00e3o:<\/p>\n\n\n\n<p>\u2013 Desenvolvimento de Sistemas de Software<\/p>\n\n\n\n<p>\u2013 Manuten\u00e7\u00e3o de Software<\/p>\n\n\n\n<p>\u2013 Reengenharia de Software<\/p>\n\n\n\n<p>\u2013 Gerenciamento de Configura\u00e7\u00e3o e Engenharia de Software<\/p>\n\n\n\n<p>\u2013 Desenvolvimento de M\u00e9todos e Ferramentas da Engenharia de Software<\/p>\n\n\n\n<p>\u2013 Desenvolvimento e Gerenciamento de Banco de Dados<\/p>\n\n\n\n<p>\u2013 Planejamento e Controle de Qualidade de Software<\/p>\n\n\n\n<p>\u2013 Especifica\u00e7\u00e3o e Projeto de Integra\u00e7\u00e3o de Sistemas Automatizados \u2013 Especifica\u00e7\u00e3o, Desenvolvimento e Implanta\u00e7\u00e3o de Sistemas de Informa\u00e7\u00e3o<\/p>\n\n\n\n<p><strong>Mercado de Trabalho\u00a0<br><\/strong><br>A \u00e1rea de atua\u00e7\u00e3o do Engenheiro de Software \u00e9 ampla. Toda empresa de tecnologia ou que tenha processos automatizados possui alguma vaga para este profissional que dedica-se ao desenvolvimento <em>software<\/em> para diferentes neg\u00f3cios, desde aplicativos para dispositivos m\u00f3veis at\u00e9 grandes plataformas. Al\u00e9m disso, o mercado de jogos que cresce mundialmente encontra-se aquecido com in\u00fameras oportunidades.<\/p>\n\n\n\n<p><\/p>\n\n\n\n<p><a href=\"https:\/\/www.unifan.edu.br\/unifan\/aparecida\/wp-content\/uploads\/sites\/2\/2024\/12\/Edital_-_Professor_Engenharia_de_Software_2025_1_assinado.pdf\">EDITAL PARA SELE\u00c7\u00c3O DE DOCENTES<\/a><\/p>\n\n\n\n<div class=\"form-group\">\n\n<a href=\"https:\/\/www.unifan.edu.br\/unifan\/wp-content\/uploads\/2024\/02\/MATRIZ-CURRICULAR_Engenharia-de-Software_2024-1-1.pdf\" class=\"btn btn-primary\">Matriz\n<\/a>\n\n<a class=\"btn btn-success\" href=\"http:\/\/vestibular2.faculdadealfredonasser.edu.br\/?vestibular=agendado\">Vestibular Agendado\n<\/a>\n\n<\/div>\n","protected":false},"excerpt":{"rendered":"<p>O Curso Situa\u00e7\u00e3o Legal Curso criado pela Resolu\u00e7\u00e3o n. 27B-CS do Conselho Superior do Centro Universit\u00e1rio Alfredo Nasser. Miss\u00e3o do Curso Qualificar o estudante para&hellip;<\/p>\n","protected":false},"author":1,"featured_media":4901,"parent":0,"menu_order":0,"comment_status":"closed","ping_status":"closed","template":"","meta":{"_acf_changed":false,"footnotes":""},"class_list":["post-4829","page","type-page","status-publish","has-post-thumbnail","hentry"],"acf":[],"_links":{"self":[{"href":"https:\/\/www.unifan.edu.br\/unifan\/aparecida\/wp-json\/wp\/v2\/pages\/4829","targetHints":{"allow":["GET"]}}],"collection":[{"href":"https:\/\/www.unifan.edu.br\/unifan\/aparecida\/wp-json\/wp\/v2\/pages"}],"about":[{"href":"https:\/\/www.unifan.edu.br\/unifan\/aparecida\/wp-json\/wp\/v2\/types\/page"}],"author":[{"embeddable":true,"href":"https:\/\/www.unifan.edu.br\/unifan\/aparecida\/wp-json\/wp\/v2\/users\/1"}],"replies":[{"embeddable":true,"href":"https:\/\/www.unifan.edu.br\/unifan\/aparecida\/wp-json\/wp\/v2\/comments?post=4829"}],"version-history":[{"count":15,"href":"https:\/\/www.unifan.edu.br\/unifan\/aparecida\/wp-json\/wp\/v2\/pages\/4829\/revisions"}],"predecessor-version":[{"id":10263,"href":"https:\/\/www.unifan.edu.br\/unifan\/aparecida\/wp-json\/wp\/v2\/pages\/4829\/revisions\/10263"}],"wp:featuredmedia":[{"embeddable":true,"href":"https:\/\/www.unifan.edu.br\/unifan\/aparecida\/wp-json\/wp\/v2\/media\/4901"}],"wp:attachment":[{"href":"https:\/\/www.unifan.edu.br\/unifan\/aparecida\/wp-json\/wp\/v2\/media?parent=4829"}],"curies":[{"name":"wp","href":"https:\/\/api.w.org\/{rel}","templated":true}]}}