{"id":4836,"date":"2021-12-10T15:54:21","date_gmt":"2021-12-10T18:54:21","guid":{"rendered":"https:\/\/www.unifan.edu.br\/unifan\/aparecida\/?page_id=4836"},"modified":"2024-12-13T14:00:07","modified_gmt":"2024-12-13T17:00:07","slug":"curso-superior-de-tecnologia-em-seguranca-da-informacao-2-anos","status":"publish","type":"page","link":"https:\/\/www.unifan.edu.br\/unifan\/aparecida\/curso-superior-de-tecnologia-em-seguranca-da-informacao-2-anos\/","title":{"rendered":"Curso Superior de Tecnologia em Seguran\u00e7a da Informa\u00e7\u00e3o (2 anos)"},"content":{"rendered":"\n<figure class=\"wp-block-image size-large\"><img loading=\"lazy\" decoding=\"async\" width=\"1024\" height=\"459\" src=\"https:\/\/www.unifan.edu.br\/unifan\/aparecida\/wp-content\/uploads\/sites\/2\/2024\/02\/Banner-Cursos-Site-Novosseg-da-info-1024x459.jpg\" alt=\"\" class=\"wp-image-8709\" srcset=\"https:\/\/www.unifan.edu.br\/unifan\/aparecida\/wp-content\/uploads\/sites\/2\/2024\/02\/Banner-Cursos-Site-Novosseg-da-info-1024x459.jpg 1024w, https:\/\/www.unifan.edu.br\/unifan\/aparecida\/wp-content\/uploads\/sites\/2\/2024\/02\/Banner-Cursos-Site-Novosseg-da-info-300x134.jpg 300w, https:\/\/www.unifan.edu.br\/unifan\/aparecida\/wp-content\/uploads\/sites\/2\/2024\/02\/Banner-Cursos-Site-Novosseg-da-info-768x344.jpg 768w, https:\/\/www.unifan.edu.br\/unifan\/aparecida\/wp-content\/uploads\/sites\/2\/2024\/02\/Banner-Cursos-Site-Novosseg-da-info.jpg 1426w\" sizes=\"auto, (max-width: 1024px) 100vw, 1024px\" \/><\/figure>\n\n\n\n<p><strong>O Curso<\/strong><\/p>\n\n\n\n<p><strong>Situa\u00e7\u00e3o Legal<\/strong><\/p>\n\n\n\n<p>Curso criado pela Resolu\u00e7\u00e3o n. 32B-CS do Conselho Superior do Centro Universit\u00e1rio Alfredo Nasser.<\/p>\n\n\n\n<p><strong>Miss\u00e3o do Curso<\/strong><\/p>\n\n\n\n<p>Qualificar o estudante para zelar pela integridade e resguardo de informa\u00e7\u00f5es das organiza\u00e7\u00f5es, protegendo-as contra acessos n\u00e3o autorizados. Dentro dos princ\u00edpios de confidencialidade, integridade e disponibilidade, esse profissional gerencia, aplica, administra e configura ambientes corporativos com requisitos de seguran\u00e7a. Realiza an\u00e1lises de riscos, administra sistemas de informa\u00e7\u00f5es, projeta e gerencia redes de computadores seguras, realiza auditorias, planeja conting\u00eancias e recupera\u00e7\u00e3o das informa\u00e7\u00f5es em caso de sinistros. Atua nos aspectos l\u00f3gicos e f\u00edsicos e controla os n\u00edveis de acesso aos servi\u00e7os dos sistemas operacionais, banco de dados e redes de computadores.<\/p>\n\n\n\n<p><strong>Mercado de Trabalho\u00a0<\/strong><br><strong><br><\/strong>O mercado na \u00e1rea de Seguran\u00e7a das Informa\u00e7\u00f5es est\u00e1 aquecido, e \u00e9 amplo. O Tecn\u00f3logo poder\u00e1 atuar em ind\u00fastrias, no com\u00e9rcio digital, em empresas de informa\u00e7\u00e3o e comunica\u00e7\u00e3o, ou empreender na \u00e1rea. A forma\u00e7\u00e3o permite ao profissional ser capaz de atuar em diferentes fun\u00e7\u00f5es, n\u00edveis hier\u00e1rquicos e contextos, sempre para contribuir na resolu\u00e7\u00e3o de problemas e a melhoria dos processos de seguran\u00e7a da informa\u00e7\u00e3o.<\/p>\n\n\n\n<p><\/p>\n\n\n\n<p><a href=\"https:\/\/www.unifan.edu.br\/unifan\/aparecida\/wp-content\/uploads\/sites\/2\/2024\/12\/Edital_-_Professor_Engenharia_de_Software_2025_1_assinado.pdf\">EDITAL PARA SELE\u00c7\u00c3O DE DOCENTES<\/a><\/p>\n\n\n\n<div class=\"form-group\">\n\n<a href=\"https:\/\/www.unifan.edu.br\/unifan\/aparecida\/wp-content\/uploads\/sites\/2\/2024\/06\/MATRIZ-CURRICULAR_Seguranca-da-Informacao_2024.pdf\" class=\"btn btn-primary\">Matriz\n<\/a>\n\n<a class=\"btn btn-success\" href=\"http:\/\/vestibular2.faculdadealfredonasser.edu.br\/?vestibular=agendado\">Vestibular Agendado\n<\/a>\n\n<\/div>\n","protected":false},"excerpt":{"rendered":"<p>O Curso Situa\u00e7\u00e3o Legal Curso criado pela Resolu\u00e7\u00e3o n. 32B-CS do Conselho Superior do Centro Universit\u00e1rio Alfredo Nasser. Miss\u00e3o do Curso Qualificar o estudante para&hellip;<\/p>\n","protected":false},"author":1,"featured_media":4897,"parent":0,"menu_order":0,"comment_status":"closed","ping_status":"closed","template":"","meta":{"_acf_changed":false,"footnotes":""},"class_list":["post-4836","page","type-page","status-publish","has-post-thumbnail","hentry"],"acf":[],"_links":{"self":[{"href":"https:\/\/www.unifan.edu.br\/unifan\/aparecida\/wp-json\/wp\/v2\/pages\/4836","targetHints":{"allow":["GET"]}}],"collection":[{"href":"https:\/\/www.unifan.edu.br\/unifan\/aparecida\/wp-json\/wp\/v2\/pages"}],"about":[{"href":"https:\/\/www.unifan.edu.br\/unifan\/aparecida\/wp-json\/wp\/v2\/types\/page"}],"author":[{"embeddable":true,"href":"https:\/\/www.unifan.edu.br\/unifan\/aparecida\/wp-json\/wp\/v2\/users\/1"}],"replies":[{"embeddable":true,"href":"https:\/\/www.unifan.edu.br\/unifan\/aparecida\/wp-json\/wp\/v2\/comments?post=4836"}],"version-history":[{"count":11,"href":"https:\/\/www.unifan.edu.br\/unifan\/aparecida\/wp-json\/wp\/v2\/pages\/4836\/revisions"}],"predecessor-version":[{"id":10264,"href":"https:\/\/www.unifan.edu.br\/unifan\/aparecida\/wp-json\/wp\/v2\/pages\/4836\/revisions\/10264"}],"wp:featuredmedia":[{"embeddable":true,"href":"https:\/\/www.unifan.edu.br\/unifan\/aparecida\/wp-json\/wp\/v2\/media\/4897"}],"wp:attachment":[{"href":"https:\/\/www.unifan.edu.br\/unifan\/aparecida\/wp-json\/wp\/v2\/media?parent=4836"}],"curies":[{"name":"wp","href":"https:\/\/api.w.org\/{rel}","templated":true}]}}