{"id":484,"date":"2019-08-09T08:41:30","date_gmt":"2019-08-09T11:41:30","guid":{"rendered":"https:\/\/www.unifan.edu.br\/unifan\/aparecida\/?page_id=484"},"modified":"2022-04-18T17:59:37","modified_gmt":"2022-04-18T20:59:37","slug":"consultar-acervo","status":"publish","type":"page","link":"https:\/\/www.unifan.edu.br\/unifan\/aparecida\/biblioteca\/consultar-acervo\/","title":{"rendered":"Consultar Acervo Livre"},"content":{"rendered":"\n<a href=\"https:\/\/pubmed.ncbi.nlm.nih.gov\" class=\"btn btn-link\" target=\"_blank\" rel=\"noopener\">1 &#8211; Pub Med<\/a>\n<BR><BR>\n<a href=\"https:\/\/scielo.org\/en\" class=\"btn btn-link\" target=\"_blank\" rel=\"noopener\">2 &#8211; Scielo<\/a>\n<BR><BR>\n<a href=\"https:\/\/bvsalud.org\" class=\"btn btn-link\" target=\"_blank\" rel=\"noopener\">3 &#8211; Biblioteca Virtual da Sa\u00fade (BIREME)<\/a>\n<BR><BR>\n<a href=\"https:\/\/bdtd.ibict.br\/vufind\" class=\"btn btn-link\" target=\"_blank\" rel=\"noopener\">4 &#8211; BDTD (Biblioteca Virtual de Teses e Disserta\u00e7\u00f5es)<\/a>\n<BR><BR>\n<a href=\"https:\/\/scholar.google.com.br\/?hl=pt\" class=\"btn btn-link\" target=\"_blank\" rel=\"noopener\">5 &#8211; Google Acad\u00eamico<\/a>\n\n\n\n\n<p><\/p>\n","protected":false},"excerpt":{"rendered":"<p>1 &#8211; Pub Med 2 &#8211; Scielo 3 &#8211; Biblioteca Virtual da Sa\u00fade (BIREME) 4 &#8211; BDTD (Biblioteca Virtual de Teses e Disserta\u00e7\u00f5es) 5 &#8211;&hellip;<\/p>\n","protected":false},"author":4,"featured_media":0,"parent":479,"menu_order":2,"comment_status":"closed","ping_status":"closed","template":"template-pagina-pai.php","meta":{"_acf_changed":false,"footnotes":""},"class_list":["post-484","page","type-page","status-publish","hentry"],"acf":[],"_links":{"self":[{"href":"https:\/\/www.unifan.edu.br\/unifan\/aparecida\/wp-json\/wp\/v2\/pages\/484","targetHints":{"allow":["GET"]}}],"collection":[{"href":"https:\/\/www.unifan.edu.br\/unifan\/aparecida\/wp-json\/wp\/v2\/pages"}],"about":[{"href":"https:\/\/www.unifan.edu.br\/unifan\/aparecida\/wp-json\/wp\/v2\/types\/page"}],"author":[{"embeddable":true,"href":"https:\/\/www.unifan.edu.br\/unifan\/aparecida\/wp-json\/wp\/v2\/users\/4"}],"replies":[{"embeddable":true,"href":"https:\/\/www.unifan.edu.br\/unifan\/aparecida\/wp-json\/wp\/v2\/comments?post=484"}],"version-history":[{"count":13,"href":"https:\/\/www.unifan.edu.br\/unifan\/aparecida\/wp-json\/wp\/v2\/pages\/484\/revisions"}],"predecessor-version":[{"id":5480,"href":"https:\/\/www.unifan.edu.br\/unifan\/aparecida\/wp-json\/wp\/v2\/pages\/484\/revisions\/5480"}],"up":[{"embeddable":true,"href":"https:\/\/www.unifan.edu.br\/unifan\/aparecida\/wp-json\/wp\/v2\/pages\/479"}],"wp:attachment":[{"href":"https:\/\/www.unifan.edu.br\/unifan\/aparecida\/wp-json\/wp\/v2\/media?parent=484"}],"curies":[{"name":"wp","href":"https:\/\/api.w.org\/{rel}","templated":true}]}}