{"id":4847,"date":"2021-12-10T15:56:56","date_gmt":"2021-12-10T18:56:56","guid":{"rendered":"https:\/\/www.unifan.edu.br\/unifan\/aparecida\/?page_id=4847"},"modified":"2025-06-10T09:15:02","modified_gmt":"2025-06-10T12:15:02","slug":"tecnologo-em-estetica-e-cosmetica-2-anos","status":"publish","type":"page","link":"https:\/\/www.unifan.edu.br\/unifan\/aparecida\/tecnologo-em-estetica-e-cosmetica-2-anos\/","title":{"rendered":"Tecn\u00f3logo em Est\u00e9tica e Cosm\u00e9tica (2 anos)"},"content":{"rendered":"\n<figure class=\"wp-block-image size-large\"><img loading=\"lazy\" decoding=\"async\" width=\"1024\" height=\"459\" src=\"https:\/\/www.unifan.edu.br\/unifan\/aparecida\/wp-content\/uploads\/sites\/2\/2024\/02\/Banner-Cursos-Site-Novosest-e-coms-1024x459.jpg\" alt=\"\" class=\"wp-image-8711\" srcset=\"https:\/\/www.unifan.edu.br\/unifan\/aparecida\/wp-content\/uploads\/sites\/2\/2024\/02\/Banner-Cursos-Site-Novosest-e-coms-1024x459.jpg 1024w, https:\/\/www.unifan.edu.br\/unifan\/aparecida\/wp-content\/uploads\/sites\/2\/2024\/02\/Banner-Cursos-Site-Novosest-e-coms-300x134.jpg 300w, https:\/\/www.unifan.edu.br\/unifan\/aparecida\/wp-content\/uploads\/sites\/2\/2024\/02\/Banner-Cursos-Site-Novosest-e-coms-768x344.jpg 768w, https:\/\/www.unifan.edu.br\/unifan\/aparecida\/wp-content\/uploads\/sites\/2\/2024\/02\/Banner-Cursos-Site-Novosest-e-coms.jpg 1426w\" sizes=\"auto, (max-width: 1024px) 100vw, 1024px\" \/><\/figure>\n\n\n\n<p><strong>O Curso<\/strong><\/p>\n\n\n\n<p><strong>Situa\u00e7\u00e3o Legal<\/strong><\/p>\n\n\n\n<p>Curso criado pela Resolu\u00e7\u00e3o n. 27A-CS do Conselho Superior do Centro Universit\u00e1rio Alfredo Nasser.<\/p>\n\n\n\n<p><strong>Miss\u00e3o do Curso<\/strong><\/p>\n\n\n\n<p>Formar profissionais para atuar na est\u00e9tica corporal, facial e capilar.<\/p>\n\n\n\n<p><strong>Mercado de Trabalho&nbsp;<\/strong><br><strong><br><\/strong>O profissional em Est\u00e9tica e Cosm\u00e9tica desenvolve, realiza, prop\u00f5e e participa de estudos cient\u00edficos para o desenvolvimento de novas tecnologias na \u00e1rea de tratamentos est\u00e9ticos inovadores, bem como para a avalia\u00e7\u00e3o de novos produtos, procedimentos, protocolos e sua aplicabilidade. Planeja, organiza e gerencia empresas da \u00e1rea de est\u00e9tica e cosm\u00e9tica. Avalia e elabora parecer t\u00e9cnico em sua \u00e1rea de forma\u00e7\u00e3o.&nbsp;<\/p>\n\n\n\n<div class=\"form-group\">\n\n<a href=\"https:\/\/www.unifan.edu.br\/unifan\/aparecida\/wp-content\/uploads\/sites\/2\/2025\/06\/Matriz-Estetica-e-Cosmetica-2024-1.pdf\" class=\"btn btn-primary\">Matriz\n<\/a>\n\n<a class=\"btn btn-success\" href=\"http:\/\/vestibular2.faculdadealfredonasser.edu.br\/?vestibular=agendado\">Vestibular Agendado\n<\/a>\n\n<\/div>\n","protected":false},"excerpt":{"rendered":"<p>O Curso Situa\u00e7\u00e3o Legal Curso criado pela Resolu\u00e7\u00e3o n. 27A-CS do Conselho Superior do Centro Universit\u00e1rio Alfredo Nasser. Miss\u00e3o do Curso Formar profissionais para atuar&hellip;<\/p>\n","protected":false},"author":1,"featured_media":4893,"parent":0,"menu_order":0,"comment_status":"closed","ping_status":"closed","template":"","meta":{"_acf_changed":false,"footnotes":""},"class_list":["post-4847","page","type-page","status-publish","has-post-thumbnail","hentry"],"acf":[],"_links":{"self":[{"href":"https:\/\/www.unifan.edu.br\/unifan\/aparecida\/wp-json\/wp\/v2\/pages\/4847","targetHints":{"allow":["GET"]}}],"collection":[{"href":"https:\/\/www.unifan.edu.br\/unifan\/aparecida\/wp-json\/wp\/v2\/pages"}],"about":[{"href":"https:\/\/www.unifan.edu.br\/unifan\/aparecida\/wp-json\/wp\/v2\/types\/page"}],"author":[{"embeddable":true,"href":"https:\/\/www.unifan.edu.br\/unifan\/aparecida\/wp-json\/wp\/v2\/users\/1"}],"replies":[{"embeddable":true,"href":"https:\/\/www.unifan.edu.br\/unifan\/aparecida\/wp-json\/wp\/v2\/comments?post=4847"}],"version-history":[{"count":13,"href":"https:\/\/www.unifan.edu.br\/unifan\/aparecida\/wp-json\/wp\/v2\/pages\/4847\/revisions"}],"predecessor-version":[{"id":11296,"href":"https:\/\/www.unifan.edu.br\/unifan\/aparecida\/wp-json\/wp\/v2\/pages\/4847\/revisions\/11296"}],"wp:featuredmedia":[{"embeddable":true,"href":"https:\/\/www.unifan.edu.br\/unifan\/aparecida\/wp-json\/wp\/v2\/media\/4893"}],"wp:attachment":[{"href":"https:\/\/www.unifan.edu.br\/unifan\/aparecida\/wp-json\/wp\/v2\/media?parent=4847"}],"curies":[{"name":"wp","href":"https:\/\/api.w.org\/{rel}","templated":true}]}}