{"id":489,"date":"2019-08-09T11:28:26","date_gmt":"2019-08-09T14:28:26","guid":{"rendered":"https:\/\/www.unifan.edu.br\/unifan\/aparecida\/?page_id=489"},"modified":"2025-06-06T17:50:35","modified_gmt":"2025-06-06T20:50:35","slug":"internacionalizacao","status":"publish","type":"page","link":"https:\/\/www.unifan.edu.br\/unifan\/aparecida\/institucional\/internacionalizacao\/","title":{"rendered":"Internacionaliza\u00e7\u00e3o"},"content":{"rendered":"\n<figure class=\"wp-block-gallery has-nested-images columns-default is-cropped wp-block-gallery-1 is-layout-flex wp-block-gallery-is-layout-flex\">\n<figure class=\"wp-block-image size-large\"><img loading=\"lazy\" decoding=\"async\" width=\"1024\" height=\"341\" data-id=\"6759\" src=\"https:\/\/www.unifan.edu.br\/unifan\/aparecida\/wp-content\/uploads\/sites\/2\/2022\/12\/banner-mestrado-2022-1024x341.png\" alt=\"\" class=\"wp-image-6759\" srcset=\"https:\/\/www.unifan.edu.br\/unifan\/aparecida\/wp-content\/uploads\/sites\/2\/2022\/12\/banner-mestrado-2022-1024x341.png 1024w, https:\/\/www.unifan.edu.br\/unifan\/aparecida\/wp-content\/uploads\/sites\/2\/2022\/12\/banner-mestrado-2022-300x100.png 300w, https:\/\/www.unifan.edu.br\/unifan\/aparecida\/wp-content\/uploads\/sites\/2\/2022\/12\/banner-mestrado-2022-768x256.png 768w, https:\/\/www.unifan.edu.br\/unifan\/aparecida\/wp-content\/uploads\/sites\/2\/2022\/12\/banner-mestrado-2022.png 1125w\" sizes=\"auto, (max-width: 1024px) 100vw, 1024px\" \/><\/figure>\n<\/figure>\n\n\n\n<p><strong>Acordos de coopera\u00e7\u00e3o interinstitucional internacional<\/strong><\/p>\n\n\n\n<p>A\n Institui\u00e7\u00e3o mant\u00e9m conv\u00eanios de parcerias com pa\u00edses lus\u00f3fonos, por \nmeio dos quais s\u00e3o oferecidas bolsas de estudo parciais e integrais para\n p\u00f3s-gradua\u00e7\u00e3o e incentiva seus docentes na apresenta\u00e7\u00e3o de trabalhos de\n pesquisa em congressos de institui\u00e7\u00f5es internacionais de ensino \nsuperior.&nbsp;<\/p>\n\n\n\n<p>Os\n acordos de coopera\u00e7\u00e3o interinstitucional internacional t\u00eam por \nfinalidade regular as a\u00e7\u00f5es destinadas a estreitar rela\u00e7\u00f5es de \ncoopera\u00e7\u00e3o acad\u00eamica entre as partes, delineadas no \u00e2mbito dos acordos \ncelebrados entre os governos do Brasil e de Portugal.<\/p>\n\n\n\n<p><strong>Acordos firmados<\/strong><\/p>\n\n\n\n<p>PORTUGAL<\/p>\n\n\n\n<p>&#8211;&nbsp;Universidade Lus\u00f3fona de Lisboa;&nbsp;<\/p>\n\n\n\n<p>&#8211; Universidade&nbsp;Lus\u00f3fona do Porto;&nbsp;<\/p>\n\n\n\n<p>&#8211; Universidade&nbsp;Aut\u00f4noma de Lisboa; e,&nbsp;<\/p>\n\n\n\n<p>&#8211; Universidade&nbsp;de&nbsp;Coimbra.<\/p>\n\n\n\n<figure class=\"wp-block-gallery has-nested-images columns-default is-cropped wp-block-gallery-2 is-layout-flex wp-block-gallery-is-layout-flex\">\n<figure class=\"wp-block-image size-large\"><img loading=\"lazy\" decoding=\"async\" width=\"1024\" height=\"379\" data-id=\"7078\" src=\"https:\/\/www.unifan.edu.br\/unifan\/aparecida\/wp-content\/uploads\/sites\/2\/2023\/02\/adfhafhad-1024x379.png\" alt=\"\" class=\"wp-image-7078\" srcset=\"https:\/\/www.unifan.edu.br\/unifan\/aparecida\/wp-content\/uploads\/sites\/2\/2023\/02\/adfhafhad-1024x379.png 1024w, https:\/\/www.unifan.edu.br\/unifan\/aparecida\/wp-content\/uploads\/sites\/2\/2023\/02\/adfhafhad-300x111.png 300w, https:\/\/www.unifan.edu.br\/unifan\/aparecida\/wp-content\/uploads\/sites\/2\/2023\/02\/adfhafhad-768x284.png 768w, https:\/\/www.unifan.edu.br\/unifan\/aparecida\/wp-content\/uploads\/sites\/2\/2023\/02\/adfhafhad.png 1124w\" sizes=\"auto, (max-width: 1024px) 100vw, 1024px\" \/><\/figure>\n<\/figure>\n\n\n\n<p>EUA<\/p>\n\n\n\n<p>&#8211; Must University.<\/p>\n\n\n\n<p><\/p>\n\n\n\n<p><\/p>\n","protected":false},"excerpt":{"rendered":"<p>Acordos de coopera\u00e7\u00e3o interinstitucional internacional A Institui\u00e7\u00e3o mant\u00e9m conv\u00eanios de parcerias com pa\u00edses lus\u00f3fonos, por meio dos quais s\u00e3o oferecidas bolsas de estudo parciais e&hellip;<\/p>\n","protected":false},"author":4,"featured_media":0,"parent":2,"menu_order":6,"comment_status":"closed","ping_status":"closed","template":"template-pagina-pai.php","meta":{"_acf_changed":false,"footnotes":""},"class_list":["post-489","page","type-page","status-publish","hentry"],"acf":[],"_links":{"self":[{"href":"https:\/\/www.unifan.edu.br\/unifan\/aparecida\/wp-json\/wp\/v2\/pages\/489","targetHints":{"allow":["GET"]}}],"collection":[{"href":"https:\/\/www.unifan.edu.br\/unifan\/aparecida\/wp-json\/wp\/v2\/pages"}],"about":[{"href":"https:\/\/www.unifan.edu.br\/unifan\/aparecida\/wp-json\/wp\/v2\/types\/page"}],"author":[{"embeddable":true,"href":"https:\/\/www.unifan.edu.br\/unifan\/aparecida\/wp-json\/wp\/v2\/users\/4"}],"replies":[{"embeddable":true,"href":"https:\/\/www.unifan.edu.br\/unifan\/aparecida\/wp-json\/wp\/v2\/comments?post=489"}],"version-history":[{"count":8,"href":"https:\/\/www.unifan.edu.br\/unifan\/aparecida\/wp-json\/wp\/v2\/pages\/489\/revisions"}],"predecessor-version":[{"id":7086,"href":"https:\/\/www.unifan.edu.br\/unifan\/aparecida\/wp-json\/wp\/v2\/pages\/489\/revisions\/7086"}],"up":[{"embeddable":true,"href":"https:\/\/www.unifan.edu.br\/unifan\/aparecida\/wp-json\/wp\/v2\/pages\/2"}],"wp:attachment":[{"href":"https:\/\/www.unifan.edu.br\/unifan\/aparecida\/wp-json\/wp\/v2\/media?parent=489"}],"curies":[{"name":"wp","href":"https:\/\/api.w.org\/{rel}","templated":true}]}}