{"id":507,"date":"2019-08-12T10:19:56","date_gmt":"2019-08-12T13:19:56","guid":{"rendered":"https:\/\/www.unifan.edu.br\/unifan\/aparecida\/?page_id=507"},"modified":"2025-08-04T16:25:38","modified_gmt":"2025-08-04T19:25:38","slug":"regulamentos","status":"publish","type":"page","link":"https:\/\/www.unifan.edu.br\/unifan\/aparecida\/institucional\/a-instituicao\/regulamentos\/","title":{"rendered":"Regulamentos"},"content":{"rendered":"\n<p><\/p>\n\n\n\n<p><a href=\"https:\/\/www.unifan.edu.br\/unifan\/aparecida\/wp-content\/uploads\/sites\/2\/2022\/06\/Portaria-no-8-Reit.-de-01-06-2022-Cancelamento-de-antecipacao-de-colacao-de-grau.pdf\">Antecipa\u00e7\u00e3o de Cola\u00e7\u00e3o de Grau (CANCELADA)<\/a><\/p>\n\n\n\n<p><a href=\"https:\/\/www.unifan.edu.br\/unifan\/aparecida\/wp-content\/uploads\/sites\/2\/2025\/03\/Atividades-complementares-2025-1.pdf\">Atividades Complementares<\/a><\/p>\n\n\n\n<p><a href=\"https:\/\/www.unifan.edu.br\/unifan\/aparecida\/wp-content\/uploads\/sites\/2\/2022\/04\/Atividades-de-Extensao.pdf\">Atividades de Extens\u00e3o<\/a><\/p>\n\n\n\n<p><a href=\"https:\/\/www.unifan.edu.br\/unifan\/aparecida\/wp-content\/uploads\/sites\/2\/2022\/02\/Biblioteca.pdf\">Biblioteca<\/a><\/p>\n\n\n\n<p><a href=\"https:\/\/www.unifan.edu.br\/unifan\/aparecida\/wp-content\/uploads\/sites\/2\/2024\/02\/Res.-CS-no.-1-2024-Regulamento-das-discsiplinas-Eletivas-e-Optativas-PROAC-20-02-2024.pdf\">Disciplinas Eletivas e Optativas<\/a><\/p>\n\n\n\n<p><a href=\"https:\/\/www.unifan.edu.br\/unifan\/aparecida\/wp-content\/uploads\/sites\/2\/2022\/08\/Equivalencia-Curricular-para-Medicina.pdf\">Equival\u00eancia Curricular do curso de Medicina<\/a><\/p>\n\n\n\n<p><a href=\"https:\/\/www.unifan.edu.br\/unifan\/aparecida\/wp-content\/uploads\/sites\/2\/2024\/06\/Res.-CS-no.-2-2024-Regulamento-Geral-de-Estagio-Curricular-Supervisionado-PROAC-26-06-2024.pdf\">Est\u00e1gio Curricular Supervisionado<\/a><\/p>\n\n\n\n<p><a href=\"https:\/\/www.unifan.edu.br\/unifan\/aparecida\/wp-content\/uploads\/sites\/2\/2022\/02\/Extraordinario-Aproveitamento-de-Estudos.pdf\">Extraordin\u00e1rio Aproveitamento de Estudos<\/a> <\/p>\n\n\n\n<p><a href=\"https:\/\/www.unifan.edu.br\/unifan\/aparecida\/wp-content\/uploads\/sites\/2\/2024\/04\/Res.-CS-n.-38-2021-REGULAMENTO-DA-MANUTENCAO-E-GUARDA-DO-ACERVO-ACADEMICO.pdf\">Guarda e Manuten\u00e7\u00e3o do Acervo Acad\u00eamic<\/a><a href=\"https:\/\/www.unifan.edu.br\/unifan\/aparecida\/wp-content\/uploads\/sites\/2\/2019\/08\/Regulamento-da-Guarda-e-Manuten\u00e7\u00e3o-do-Acervo-Acad\u00eamico.pdf\">o<\/a><\/p>\n\n\n\n<p><a href=\"https:\/\/www.unifan.edu.br\/unifan\/aparecida\/wp-content\/uploads\/sites\/2\/2022\/02\/Regulamento-de-Laboratorios-de-informatica-2022-homologado.pdf\">Laborat\u00f3rios de inform\u00e1tica<\/a><\/p>\n\n\n\n<p><a href=\"https:\/\/www.unifan.edu.br\/unifan\/aparecida\/wp-content\/uploads\/sites\/2\/2022\/09\/Regulamento-Laboratorios-ICS-e-SESU.pdf\">Laborat\u00f3rios do ICS e CESU<\/a><\/p>\n\n\n\n<p><a href=\"https:\/\/www.unifan.edu.br\/unifan\/aparecida\/wp-content\/uploads\/sites\/2\/2024\/10\/Politica-de-acompanhamento-de-egressos-02-10-2024-2.pdf\">Pol\u00edtica de Acompanhamento de Egressos<\/a><\/p>\n\n\n\n<p><a href=\"https:\/\/www.unifan.edu.br\/unifan\/aparecida\/wp-content\/uploads\/sites\/2\/2024\/11\/Politica-de-Capacitacao-Docente-e-Formacao-Continuada-Unifan.pdf\">Pol\u00edtica de Capacita\u00e7\u00e3o Docente e Forma\u00e7\u00e3o Continuada<\/a><\/p>\n\n\n\n<p><a href=\"https:\/\/www.unifan.edu.br\/unifan\/aparecida\/wp-content\/uploads\/sites\/2\/2024\/05\/REGULAMENTO-DE-POLITICA-DE-INI.-A-PESQ.-INOV.-TECNOLOGICA-PROD.-versao-final.pdf\">Pol\u00edtica de Pesquisa, Inova\u00e7\u00e3o tecnol\u00f3gica, Produ\u00e7\u00e3o e Publica\u00e7\u00e3o<\/a><\/p>\n\n\n\n<p><a href=\"https:\/\/www.unifan.edu.br\/unifan\/aparecida\/wp-content\/uploads\/sites\/2\/2022\/08\/Politica-do-Programa-de-Nivelamento-para-graduacao.pdf\">Pol\u00edtica do Programa de Nivelamento para gradua\u00e7\u00e3o<\/a><\/p>\n\n\n\n<p><a href=\"https:\/\/www.unifan.edu.br\/unifan\/aparecida\/wp-content\/uploads\/sites\/2\/2024\/04\/Politica-Editorial.pdf\">Pol\u00edtica Editorial<\/a><\/p>\n\n\n\n<p><a href=\"https:\/\/www.unifan.edu.br\/unifan\/aparecida\/wp-content\/uploads\/sites\/2\/2025\/08\/Portaria-no-16A-CS-de-01-09-2023-Aproveitamento-de-disciplinas-para-o-curso-de-Medicina.pdf\">Portaria n\u00ba 16A-CS &#8211; Aproveitamento de disciplinas para o curso de Medicina<\/a><\/p>\n\n\n\n<p><a href=\"https:\/\/www.unifan.edu.br\/unifan\/aparecida\/wp-content\/uploads\/sites\/2\/2025\/08\/Portaria-no-24-CS-de-04-06-2025-Revogacao-da-Portaria-n.-16A-CS-de-01-09-2023.pdf\">Portaria n\u00ba 24-CS &#8211; Revoga\u00e7\u00e3o da Portaria n. 16A-CS<\/a><\/p>\n\n\n\n<p><a href=\"https:\/\/www.unifan.edu.br\/unifan\/aparecida\/wp-content\/uploads\/sites\/2\/2024\/06\/Pos-graduacao-lato-sensu-VERSAO-FINAL-26-06-2024.pdf\">P\u00f3s-gradua\u00e7\u00e3o <em>lato sensu<\/em><\/a><\/p>\n\n\n\n<p><a href=\"https:\/\/www.unifan.edu.br\/unifan\/aparecida\/wp-content\/uploads\/sites\/2\/2022\/03\/Resolucao-CS-n.-18-B-de-2-8-2020-Regulamento-do-Processo-de-expedicao-e-reg.-de-diploma.pdf\">Processo de Expedi\u00e7\u00e3o e Registro de Diplomas e Certificados<\/a><\/p>\n\n\n\n<p><a href=\"https:\/\/www.unifan.edu.br\/unifan\/aparecida\/wp-content\/uploads\/sites\/2\/2022\/08\/Programa-de-Monitoria.pdf\">Programa de Monitoria<\/a><\/p>\n\n\n\n<p><a href=\"https:\/\/www.unifan.edu.br\/unifan\/aparecida\/wp-content\/uploads\/sites\/2\/2022\/08\/Programa-de-Pesquisa.pdf\">Programa de Pesquisa<\/a><\/p>\n\n\n\n<p><a href=\"https:\/\/www.unifan.edu.br\/unifan\/aparecida\/wp-content\/uploads\/sites\/2\/2022\/08\/Programa-Institucional-de-Bolsas-de-Iniciacao-Cientifica-PIBIC.pdf\">Programa Institucional de Bolsas de Inicia\u00e7\u00e3o Cient\u00edfica &#8211; PIBIC<\/a><\/p>\n\n\n\n<p><a href=\"https:\/\/www.unifan.edu.br\/unifan\/aparecida\/wp-content\/uploads\/sites\/2\/2021\/06\/Proibicao-de-presenca-de-criancas-e-outros-em-sala-de-aula-atualizada-em-14-06-2021.pdf\">Pro\u00edbe a presen\u00e7a de crian\u00e7as e outros na sala de aula<\/a><\/p>\n\n\n\n<p><a href=\"https:\/\/www.unifan.edu.br\/unifan\/aparecida\/wp-content\/uploads\/sites\/2\/2024\/12\/Res.-CS-no-4-RED-2024-Regulamento-de-Regime-Domiciliar-de-Estudos-RDE-29-05-2024.pdf\">Regime Domiciliar de Estudos (RDE)<\/a><\/p>\n\n\n\n<p><a href=\"https:\/\/www.unifan.edu.br\/unifan\/aparecida\/wp-content\/uploads\/sites\/2\/2024\/02\/Regulamento-de-TCC-2023-Pro-reitoria-Academica.pdf\">TCC<\/a><\/p>\n","protected":false},"excerpt":{"rendered":"<p>Antecipa\u00e7\u00e3o de Cola\u00e7\u00e3o de Grau (CANCELADA) Atividades Complementares Atividades de Extens\u00e3o Biblioteca Disciplinas Eletivas e Optativas Equival\u00eancia Curricular do curso de Medicina Est\u00e1gio Curricular Supervisionado&hellip;<\/p>\n","protected":false},"author":2,"featured_media":0,"parent":767,"menu_order":2,"comment_status":"closed","ping_status":"closed","template":"template-pagina-pai.php","meta":{"_acf_changed":false,"footnotes":""},"class_list":["post-507","page","type-page","status-publish","hentry"],"acf":[],"_links":{"self":[{"href":"https:\/\/www.unifan.edu.br\/unifan\/aparecida\/wp-json\/wp\/v2\/pages\/507","targetHints":{"allow":["GET"]}}],"collection":[{"href":"https:\/\/www.unifan.edu.br\/unifan\/aparecida\/wp-json\/wp\/v2\/pages"}],"about":[{"href":"https:\/\/www.unifan.edu.br\/unifan\/aparecida\/wp-json\/wp\/v2\/types\/page"}],"author":[{"embeddable":true,"href":"https:\/\/www.unifan.edu.br\/unifan\/aparecida\/wp-json\/wp\/v2\/users\/2"}],"replies":[{"embeddable":true,"href":"https:\/\/www.unifan.edu.br\/unifan\/aparecida\/wp-json\/wp\/v2\/comments?post=507"}],"version-history":[{"count":69,"href":"https:\/\/www.unifan.edu.br\/unifan\/aparecida\/wp-json\/wp\/v2\/pages\/507\/revisions"}],"predecessor-version":[{"id":11494,"href":"https:\/\/www.unifan.edu.br\/unifan\/aparecida\/wp-json\/wp\/v2\/pages\/507\/revisions\/11494"}],"up":[{"embeddable":true,"href":"https:\/\/www.unifan.edu.br\/unifan\/aparecida\/wp-json\/wp\/v2\/pages\/767"}],"wp:attachment":[{"href":"https:\/\/www.unifan.edu.br\/unifan\/aparecida\/wp-json\/wp\/v2\/media?parent=507"}],"curies":[{"name":"wp","href":"https:\/\/api.w.org\/{rel}","templated":true}]}}