{"id":54,"date":"2019-05-15T18:29:24","date_gmt":"2019-05-15T21:29:24","guid":{"rendered":"https:\/\/www.unifan.edu.br\/unifan\/aparecida\/?page_id=54"},"modified":"2025-03-13T17:32:32","modified_gmt":"2025-03-13T20:32:32","slug":"administracao","status":"publish","type":"page","link":"https:\/\/www.unifan.edu.br\/unifan\/aparecida\/cursos\/graduacao\/administracao\/","title":{"rendered":"Administra\u00e7\u00e3o"},"content":{"rendered":"\n<figure class=\"wp-block-image size-large\"><img loading=\"lazy\" decoding=\"async\" width=\"1024\" height=\"459\" src=\"https:\/\/www.unifan.edu.br\/unifan\/aparecida\/wp-content\/uploads\/sites\/2\/2024\/02\/Banner-Cursos-Site-Novosadm-1024x459.jpg\" alt=\"\" class=\"wp-image-8687\" srcset=\"https:\/\/www.unifan.edu.br\/unifan\/aparecida\/wp-content\/uploads\/sites\/2\/2024\/02\/Banner-Cursos-Site-Novosadm-1024x459.jpg 1024w, https:\/\/www.unifan.edu.br\/unifan\/aparecida\/wp-content\/uploads\/sites\/2\/2024\/02\/Banner-Cursos-Site-Novosadm-300x134.jpg 300w, https:\/\/www.unifan.edu.br\/unifan\/aparecida\/wp-content\/uploads\/sites\/2\/2024\/02\/Banner-Cursos-Site-Novosadm-768x344.jpg 768w, https:\/\/www.unifan.edu.br\/unifan\/aparecida\/wp-content\/uploads\/sites\/2\/2024\/02\/Banner-Cursos-Site-Novosadm.jpg 1426w\" sizes=\"auto, (max-width: 1024px) 100vw, 1024px\" \/><\/figure>\n\n\n\n<p><strong>O Curso<\/strong><\/p>\n\n\n\n<p><strong>Situa\u00e7\u00e3o Legal<\/strong><\/p>\n\n\n\n<p>Renova\u00e7\u00e3o de Reconhecimento pela Portaria SERES n\u00ba. 948, de 30\/08\/2021, publicada no DOU em 31\/08\/2021.<\/p>\n\n\n\n<p><strong>Miss\u00e3o do Curso<\/strong><\/p>\n\n\n\n<p>Qualificar o estudante de Administra\u00e7\u00e3o para o desempenho de atividades gerenciais e empreendedoras nos diversos tipos de organiza\u00e7\u00e3o, por meio do desenvolvimento de habilidades te\u00f3ricas, conceituais, anal\u00edticas, pr\u00e1ticas e human\u00edsticas que potencializem produtos e ou servi\u00e7os com qualidade e competitividade, nas organiza\u00e7\u00f5es onde atuar.<\/p>\n\n\n\n<p><strong>Mercado de Trabalho&nbsp;<\/strong><br><strong><br><\/strong>O bacharel em Administra\u00e7\u00e3o atua em organiza\u00e7\u00f5es instaladas nas grandes \u00e1reas da ind\u00fastria, com\u00e9rcio, educa\u00e7\u00e3o, sa\u00fade, seguran\u00e7a, meio ambiente, agricultura, turismo, servi\u00e7os da administra\u00e7\u00e3o p\u00fablica, etc.<\/p>\n\n\n\n<div class=\"form-group\">\n\n<a href=\"https:\/\/www.unifan.edu.br\/unifan\/aparecida\/wp-content\/uploads\/sites\/2\/2025\/03\/Matriz-Curricular-ADMINISTRACAO-2024-1-Atual-2.pdf\" class=\"btn btn-primary\">Matriz\n<\/a>\n\n\n<a class=\"btn btn-success\">Vestibular Agendado\n<\/a>\n\n<\/div>\n","protected":false},"excerpt":{"rendered":"<p>O Curso Situa\u00e7\u00e3o Legal Renova\u00e7\u00e3o de Reconhecimento pela Portaria SERES n\u00ba. 948, de 30\/08\/2021, publicada no DOU em 31\/08\/2021. Miss\u00e3o do Curso Qualificar o estudante&hellip;<\/p>\n","protected":false},"author":1,"featured_media":4035,"parent":52,"menu_order":0,"comment_status":"closed","ping_status":"closed","template":"","meta":{"_acf_changed":false,"footnotes":""},"class_list":["post-54","page","type-page","status-publish","has-post-thumbnail","hentry"],"acf":[],"_links":{"self":[{"href":"https:\/\/www.unifan.edu.br\/unifan\/aparecida\/wp-json\/wp\/v2\/pages\/54","targetHints":{"allow":["GET"]}}],"collection":[{"href":"https:\/\/www.unifan.edu.br\/unifan\/aparecida\/wp-json\/wp\/v2\/pages"}],"about":[{"href":"https:\/\/www.unifan.edu.br\/unifan\/aparecida\/wp-json\/wp\/v2\/types\/page"}],"author":[{"embeddable":true,"href":"https:\/\/www.unifan.edu.br\/unifan\/aparecida\/wp-json\/wp\/v2\/users\/1"}],"replies":[{"embeddable":true,"href":"https:\/\/www.unifan.edu.br\/unifan\/aparecida\/wp-json\/wp\/v2\/comments?post=54"}],"version-history":[{"count":32,"href":"https:\/\/www.unifan.edu.br\/unifan\/aparecida\/wp-json\/wp\/v2\/pages\/54\/revisions"}],"predecessor-version":[{"id":11120,"href":"https:\/\/www.unifan.edu.br\/unifan\/aparecida\/wp-json\/wp\/v2\/pages\/54\/revisions\/11120"}],"up":[{"embeddable":true,"href":"https:\/\/www.unifan.edu.br\/unifan\/aparecida\/wp-json\/wp\/v2\/pages\/52"}],"wp:featuredmedia":[{"embeddable":true,"href":"https:\/\/www.unifan.edu.br\/unifan\/aparecida\/wp-json\/wp\/v2\/media\/4035"}],"wp:attachment":[{"href":"https:\/\/www.unifan.edu.br\/unifan\/aparecida\/wp-json\/wp\/v2\/media?parent=54"}],"curies":[{"name":"wp","href":"https:\/\/api.w.org\/{rel}","templated":true}]}}