{"id":628,"date":"2019-08-14T11:25:05","date_gmt":"2019-08-14T14:25:05","guid":{"rendered":"https:\/\/www.unifan.edu.br\/unifan\/aparecida\/?page_id=628"},"modified":"2020-03-03T17:19:46","modified_gmt":"2020-03-03T20:19:46","slug":"pibic-2019-2020","status":"publish","type":"page","link":"https:\/\/www.unifan.edu.br\/unifan\/aparecida\/418-2\/pibic-pivic\/pibic-2019-2020\/","title":{"rendered":"PIBIC 2019 &#8211; 2020"},"content":{"rendered":"\n<p style=\"text-align:center\"> <strong>PIBIC &#8211; PROGRAMA INSTITUCIONAL DE BOLSAS DE INICIA\u00c7\u00c3O CIENT\u00cdFICA <\/strong><\/p>\n\n\n\n<h2 class=\"wp-block-heading\" style=\"text-align:center\"><img loading=\"lazy\" decoding=\"async\" width=\"500\" height=\"278\" class=\"wp-image-680\" style=\"width: 500px;\" src=\"https:\/\/www.unifan.edu.br\/unifan\/aparecida\/wp-content\/uploads\/sites\/2\/2019\/08\/\u00edndice.png\" alt=\"\" srcset=\"https:\/\/www.unifan.edu.br\/unifan\/aparecida\/wp-content\/uploads\/sites\/2\/2019\/08\/\u00edndice.png 640w, https:\/\/www.unifan.edu.br\/unifan\/aparecida\/wp-content\/uploads\/sites\/2\/2019\/08\/\u00edndice-300x167.png 300w\" sizes=\"auto, (max-width: 500px) 100vw, 500px\" \/><\/h2>\n\n\n\n<p style=\"text-align:center\"><strong>Inscri\u00e7\u00f5es encerradas<\/strong><\/p>\n\n\n\n<p style=\"text-align:center\"><a href=\"https:\/\/www.unifan.edu.br\/unifan\/aparecida\/wp-content\/uploads\/sites\/2\/2019\/08\/ACESSE-E-LEIA-AQUI-O-EDITAL-2019-2020.pdf\">ACESSE E LEIA AQUI O EDITAL<\/a><\/p>\n\n\n\n<p style=\"text-align:center\"><a href=\"https:\/\/www.unifan.edu.br\/unifan\/aparecida\/wp-content\/uploads\/sites\/2\/2019\/08\/RESULTADO.pdf\">RESULTADO<\/a><\/p>\n","protected":false},"excerpt":{"rendered":"<p>PIBIC &#8211; PROGRAMA INSTITUCIONAL DE BOLSAS DE INICIA\u00c7\u00c3O CIENT\u00cdFICA Inscri\u00e7\u00f5es encerradas ACESSE E LEIA AQUI O EDITAL RESULTADO<\/p>\n","protected":false},"author":2,"featured_media":0,"parent":426,"menu_order":2,"comment_status":"closed","ping_status":"closed","template":"template-pagina-pai.php","meta":{"_acf_changed":false,"footnotes":""},"class_list":["post-628","page","type-page","status-publish","hentry"],"acf":[],"_links":{"self":[{"href":"https:\/\/www.unifan.edu.br\/unifan\/aparecida\/wp-json\/wp\/v2\/pages\/628","targetHints":{"allow":["GET"]}}],"collection":[{"href":"https:\/\/www.unifan.edu.br\/unifan\/aparecida\/wp-json\/wp\/v2\/pages"}],"about":[{"href":"https:\/\/www.unifan.edu.br\/unifan\/aparecida\/wp-json\/wp\/v2\/types\/page"}],"author":[{"embeddable":true,"href":"https:\/\/www.unifan.edu.br\/unifan\/aparecida\/wp-json\/wp\/v2\/users\/2"}],"replies":[{"embeddable":true,"href":"https:\/\/www.unifan.edu.br\/unifan\/aparecida\/wp-json\/wp\/v2\/comments?post=628"}],"version-history":[{"count":4,"href":"https:\/\/www.unifan.edu.br\/unifan\/aparecida\/wp-json\/wp\/v2\/pages\/628\/revisions"}],"predecessor-version":[{"id":2353,"href":"https:\/\/www.unifan.edu.br\/unifan\/aparecida\/wp-json\/wp\/v2\/pages\/628\/revisions\/2353"}],"up":[{"embeddable":true,"href":"https:\/\/www.unifan.edu.br\/unifan\/aparecida\/wp-json\/wp\/v2\/pages\/426"}],"wp:attachment":[{"href":"https:\/\/www.unifan.edu.br\/unifan\/aparecida\/wp-json\/wp\/v2\/media?parent=628"}],"curies":[{"name":"wp","href":"https:\/\/api.w.org\/{rel}","templated":true}]}}