{"id":631,"date":"2019-08-14T11:28:48","date_gmt":"2019-08-14T14:28:48","guid":{"rendered":"https:\/\/www.unifan.edu.br\/unifan\/aparecida\/?page_id=631"},"modified":"2025-07-01T08:39:36","modified_gmt":"2025-07-01T11:39:36","slug":"apresentacao","status":"publish","type":"page","link":"https:\/\/www.unifan.edu.br\/unifan\/aparecida\/418-2\/cep\/apresentacao\/","title":{"rendered":"Apresenta\u00e7\u00e3o"},"content":{"rendered":"\n<p class=\"has-text-align-center\"><strong>Comit\u00ea de \u00c9tica em Pesquisa<\/strong> <\/p>\n\n\n\n<h2 class=\"wp-block-heading has-text-align-center\"><img decoding=\"async\" class=\"wp-image-633\" style=\"width: 500px\" src=\"https:\/\/www.unifan.edu.br\/unifan\/aparecida\/wp-content\/uploads\/sites\/2\/2021\/02\/logo-CEP.png\" alt=\"\"><\/h2>\n\n\n\n<p>O Comit\u00ea de \u00c9tica em Pesquisa do Centro Universit\u00e1rio Alfredo Nasser (CEP\/Unifan) \u00e9 um colegiado interdisciplinar e independente, de car\u00e1ter consultivo, deliberativo e educativo, criado para defender os interesses dos participantes de pesquisa em sua integridade e dignidade e contribuir para o desenvolvimento da pesquisa dentro de padr\u00f5es \u00e9ticos em institui\u00e7\u00f5es de sa\u00fade que utilizem como objetos de pesquisa seres humanos, conforme a Resolu\u00e7\u00e3o CNS n\u00ba 466, de 12 de dezembro de 2012, e a Resolu\u00e7\u00e3o CNS n\u00ba 510, de 24 de maio de 2016. O CEP da Unifan \u00e9 composto por 12 (doze) membros volunt\u00e1rios (lista de membros abaixo descrita) que se re\u00fanem mensalmente.<\/p>\n\n\n\n<p>EQUIPE DO CEP\/UNIFAN<\/p>\n\n\n\n<p>Coordenadora:<\/p>\n\n\n\n<p>Mar\u00edlia Cordeiro de Sousa \u2013 Bacharel em Enfermagem (UNIP\/GO), Especialista em Enfermagem \u2013 Neonatologia e Pediatria (PUC\/GO), Mestre em Enfermagem (UFG), Doutora em Enfermagem (UFG).<\/p>\n\n\n\n<p>Vice-Coordenador:<\/p>\n\n\n\n<p>Paulo Reis Esselin de Melo \u2013 Bacharel em Medicina (Universidade Severino Sombra) e Especialista em Cirurgia Geral (Hospital e Maternidade Santa Rita).<\/p>\n\n\n\n<p>Membros (Pesquisadores Pareceristas):<\/p>\n\n\n\n<p>Humberto C\u00e9sar Machado \u2013 Bacharel em Filosofia (UFG) e em Pedagogia (ISCECAP), Especialista em Hist\u00f3ria (UFG), Mestre em Psicologia (PUC-GO), Doutor em Psicologia (PUC-GO), P\u00f3s-Doutor em Psicologia (PUC-GO);<\/p>\n\n\n\n<p>J\u00falio C\u00e9sar Borges \u2013 Bacharel em Ci\u00eancias Sociais (UFG), Mestre e Doutor em Antropologia Social (UnB).<\/p>\n\n\n\n<p>Kelen Michela Silva Alves \u2013 Bacharel e Licenciada em Matem\u00e1tica (PUC-GO), Especialista em Forma\u00e7\u00e3o de Professores (PUC-GO) e Mestre em Ci\u00eancias e Matem\u00e1tica (PPGECM) da Universidade Federal de Goi\u00e1s (UFG);<\/p>\n\n\n\n<p>Newton Paulo Monteiro \u2013 Bacharel em Letras\/L\u00edngua Portuguesa e Lingu\u00edstica (UFG), Mestre em Letras e Lingu\u00edstica (UFG), Doutorando em Lingu\u00edstica;<\/p>\n\n\n\n<p>Nivaldo dos Santos \u2013 Bacharel em Direito (UFG), Especialista em Direito Agr\u00e1rio e Direito Processual Penal (UFG), Mestre em Hist\u00f3ria (UFG), Doutor em Direito (PUC-SP) e P\u00f3s-Doutor em Direito (PUC-MG);<\/p>\n\n\n\n<p>Sabrina Fonseca Ing\u00eanito Moreira Dantas \u2013 Bacharel em Ci\u00eancias Biol\u00f3gicas \u2013 Modalidade M\u00e9dica (PUC-GO), Especialista em Sa\u00fade Est\u00e9tica (Faculdade Artur Tomas), Mestre em Biologia (UFG) e Doutora em Medicina Tropical e Sa\u00fade P\u00fablica (UFG);<\/p>\n\n\n\n<p>Stela Ramirez de Oliveira \u2013 Graduada em Ci\u00eancias Farmac\u00eauticas (UnB), Mestre em Ci\u00eancias Farmac\u00eauticas (UFG), Doutora em Ci\u00eancias da Sa\u00fade (UFG).<\/p>\n\n\n\n<p>Membro Suplentes:<\/p>\n\n\n\n<p>Vin\u00edcius Novais Gon\u00e7alves de Andrade \u2013 Graduado, Mestre e Doutor em Psicologia (PUC-GO); P\u00f3s \u2013 Doutor em Psicologia (PUC-GO);<\/p>\n\n\n\n<p>Membros representantes dos participantes da pesquisa (indicados pelo Conselho Estadual de Sa\u00fade):<\/p>\n\n\n\n<p>Glauciene Maia de Almeida Praxedes \u2013 Bacharel em Direito (PUC-GO);<\/p>\n\n\n\n<p>L\u00facia Dark Graciana Pereira \u2013 vendedora, aut\u00f4noma. <\/p>\n\n\n\n<p>Secret\u00e1ria: Marijara de Lima \u2013 Licenciada em Pedagogia (Unifan), Especialista em Doc\u00eancia no Ensino Superior e em Doc\u00eancia na Educa\u00e7\u00e3o \u00e0 Dist\u00e2ncia (Unifan), MBA em Ci\u00eancias da Educa\u00e7\u00e3o (Unifan). Mestranda em Tecnologias Emergentes em Educa\u00e7\u00e3o (Must University\/Fl\u00f3rida).<\/p>\n","protected":false},"excerpt":{"rendered":"<p>Comit\u00ea de \u00c9tica em Pesquisa O Comit\u00ea de \u00c9tica em Pesquisa do Centro Universit\u00e1rio Alfredo Nasser (CEP\/Unifan) \u00e9 um colegiado interdisciplinar e independente, de car\u00e1ter&hellip;<\/p>\n","protected":false},"author":2,"featured_media":0,"parent":428,"menu_order":0,"comment_status":"closed","ping_status":"closed","template":"template-pagina-pai.php","meta":{"_acf_changed":false,"footnotes":""},"class_list":["post-631","page","type-page","status-publish","hentry"],"acf":[],"_links":{"self":[{"href":"https:\/\/www.unifan.edu.br\/unifan\/aparecida\/wp-json\/wp\/v2\/pages\/631","targetHints":{"allow":["GET"]}}],"collection":[{"href":"https:\/\/www.unifan.edu.br\/unifan\/aparecida\/wp-json\/wp\/v2\/pages"}],"about":[{"href":"https:\/\/www.unifan.edu.br\/unifan\/aparecida\/wp-json\/wp\/v2\/types\/page"}],"author":[{"embeddable":true,"href":"https:\/\/www.unifan.edu.br\/unifan\/aparecida\/wp-json\/wp\/v2\/users\/2"}],"replies":[{"embeddable":true,"href":"https:\/\/www.unifan.edu.br\/unifan\/aparecida\/wp-json\/wp\/v2\/comments?post=631"}],"version-history":[{"count":17,"href":"https:\/\/www.unifan.edu.br\/unifan\/aparecida\/wp-json\/wp\/v2\/pages\/631\/revisions"}],"predecessor-version":[{"id":11429,"href":"https:\/\/www.unifan.edu.br\/unifan\/aparecida\/wp-json\/wp\/v2\/pages\/631\/revisions\/11429"}],"up":[{"embeddable":true,"href":"https:\/\/www.unifan.edu.br\/unifan\/aparecida\/wp-json\/wp\/v2\/pages\/428"}],"wp:attachment":[{"href":"https:\/\/www.unifan.edu.br\/unifan\/aparecida\/wp-json\/wp\/v2\/media?parent=631"}],"curies":[{"name":"wp","href":"https:\/\/api.w.org\/{rel}","templated":true}]}}