{"id":638,"date":"2019-08-14T11:36:12","date_gmt":"2019-08-14T14:36:12","guid":{"rendered":"https:\/\/www.unifan.edu.br\/unifan\/aparecida\/?page_id=638"},"modified":"2025-07-01T08:37:20","modified_gmt":"2025-07-01T11:37:20","slug":"calendario","status":"publish","type":"page","link":"https:\/\/www.unifan.edu.br\/unifan\/aparecida\/418-2\/cep\/calendario\/","title":{"rendered":"Calend\u00e1rio"},"content":{"rendered":"\n<p>Comunicamos que o Comit\u00ea de \u00c9tica em Pesquisa do Centro Universit\u00e1rio Alfredo Nasser estar\u00e1 em recesso no per\u00edodo de 01\/07 a 31\/07\/2025.<\/p>\n\n\n\n<p>Destacamos que n\u00e3o teremos atendimento e os protocolos de pesquisa inseridos na Plataforma Brasil durante este per\u00edodo ser\u00e3o objeto de an\u00e1lise \u00e9tica deste comit\u00ea somente a partir do dia 01\/08\/2025, quando as atividades retornar\u00e3o ao seu fluxo habitual.<\/p>\n\n\n\n<p>REUNI\u00d5ES DO COMIT\u00ca DE \u00c9TICA EM PESQUISA: 2025\/2<\/p>\n\n\n\n<p>Reuni\u00e3o: 22 de agosto<\/p>\n\n\n\n<p>Submiss\u00e3o na Plataforma Brasil at\u00e9: 01 de agosto<\/p>\n\n\n\n<p>Reuni\u00e3o: 5 de setembro<\/p>\n\n\n\n<p>Submiss\u00e3o na Plataforma Brasil at\u00e9: 16 de agosto<\/p>\n\n\n\n<p>Reuni\u00e3o: 3 de outubro<\/p>\n\n\n\n<p>Submiss\u00e3o na Plataforma Brasil at\u00e9: 13 de setembro<\/p>\n\n\n\n<p>Reuni\u00e3o: 7 de novembro<\/p>\n\n\n\n<p>Submiss\u00e3o na Plataforma Brasil at\u00e9: 18 de outubro<\/p>\n\n\n\n<p>Reuni\u00e3o: 5 de dezembro Submiss\u00e3o na Plataforma Brasil at\u00e9: 15 de novembro<\/p>\n","protected":false},"excerpt":{"rendered":"<p>Comunicamos que o Comit\u00ea de \u00c9tica em Pesquisa do Centro Universit\u00e1rio Alfredo Nasser estar\u00e1 em recesso no per\u00edodo de 01\/07 a 31\/07\/2025. Destacamos que n\u00e3o&hellip;<\/p>\n","protected":false},"author":2,"featured_media":0,"parent":428,"menu_order":1,"comment_status":"closed","ping_status":"closed","template":"template-pagina-pai.php","meta":{"_acf_changed":false,"footnotes":""},"class_list":["post-638","page","type-page","status-publish","hentry"],"acf":[],"_links":{"self":[{"href":"https:\/\/www.unifan.edu.br\/unifan\/aparecida\/wp-json\/wp\/v2\/pages\/638","targetHints":{"allow":["GET"]}}],"collection":[{"href":"https:\/\/www.unifan.edu.br\/unifan\/aparecida\/wp-json\/wp\/v2\/pages"}],"about":[{"href":"https:\/\/www.unifan.edu.br\/unifan\/aparecida\/wp-json\/wp\/v2\/types\/page"}],"author":[{"embeddable":true,"href":"https:\/\/www.unifan.edu.br\/unifan\/aparecida\/wp-json\/wp\/v2\/users\/2"}],"replies":[{"embeddable":true,"href":"https:\/\/www.unifan.edu.br\/unifan\/aparecida\/wp-json\/wp\/v2\/comments?post=638"}],"version-history":[{"count":14,"href":"https:\/\/www.unifan.edu.br\/unifan\/aparecida\/wp-json\/wp\/v2\/pages\/638\/revisions"}],"predecessor-version":[{"id":11427,"href":"https:\/\/www.unifan.edu.br\/unifan\/aparecida\/wp-json\/wp\/v2\/pages\/638\/revisions\/11427"}],"up":[{"embeddable":true,"href":"https:\/\/www.unifan.edu.br\/unifan\/aparecida\/wp-json\/wp\/v2\/pages\/428"}],"wp:attachment":[{"href":"https:\/\/www.unifan.edu.br\/unifan\/aparecida\/wp-json\/wp\/v2\/media?parent=638"}],"curies":[{"name":"wp","href":"https:\/\/api.w.org\/{rel}","templated":true}]}}