{"id":646,"date":"2019-08-14T11:56:39","date_gmt":"2019-08-14T14:56:39","guid":{"rendered":"https:\/\/www.unifan.edu.br\/unifan\/aparecida\/?page_id=646"},"modified":"2023-06-22T13:34:14","modified_gmt":"2023-06-22T16:34:14","slug":"como-proceder","status":"publish","type":"page","link":"https:\/\/www.unifan.edu.br\/unifan\/aparecida\/418-2\/cep\/como-proceder\/","title":{"rendered":"Como proceder"},"content":{"rendered":"\n<h5 class=\"wp-block-heading has-text-align-center\">\nCOMO ENCAMINHAR UM PROJETO DE PESQUISA\n\n<\/h5>\n\n\n\n<p>\u2013 PLATAFORMA BRASIL: O pesquisador respons\u00e1vel dever\u00e1 fazer o cadastro na Plataforma Brasil no link \u00a0<a href=\"https:\/\/plataformabrasil.saude.gov.br\/login.jsf\"><a rel=\"noreferrer noopener\" href=\"https:\/\/plataformabrasil.saude.gov.br\/login.jsf\" target=\"_blank\">https:\/\/plataformabrasil.saude.gov.br\/login.jsf<\/a><\/a><\/p>\n\n\n\n<p>II \u2013 PLATAFORMA BRASIL: As informa\u00e7\u00f5es da pesquisa ser\u00e3o depositadas \u00e0 medida que os itens (conforme listados abaixo) forem solicitados dentro do sistema Plataforma Brasil, passo a passo.<\/p>\n\n\n\n<p>Ao concluir todas as etapas o sistema Plataforma Brasil gerar\u00e1 uma&nbsp;<strong>Folha de Rosto<\/strong>&nbsp;que dever\u00e1 ser impressa, completados os campos em branco (manuscritos), carimbado e assinado pelos respons\u00e1veis, isto \u00e9 pesquisador respons\u00e1vel, respons\u00e1vel pela institui\u00e7\u00e3o proponente, e se houver financiamento dever\u00e1 ser carimbada e assinada pelo respons\u00e1vel pelo fomento.<\/p>\n\n\n\n<p><em>Deve-se inserir o Curr\u00edculo Lattes do respons\u00e1vel pela pesquisa e dos demais pesquisadores, quando se tratar de pesquisa que envolva uma equipe\/assistentes.<\/em><em><\/em><\/p>\n\n\n\n<p><strong>Itens&nbsp;obrigat\u00f3rios na composi\u00e7\u00e3o\/reda\u00e7\u00e3o do Projeto conforme a Plataforma Brasil:<\/strong><\/p>\n\n\n\n<p>1. Desenho do estudo: um resumo da metodologia da pesquisa<\/p>\n\n\n\n<p>2. Introdu\u00e7\u00e3o<\/p>\n\n\n\n<p>3. Resumo<\/p>\n\n\n\n<p>4. Hip\u00f3tese<\/p>\n\n\n\n<p>5. Objetivo Prim\u00e1rio<\/p>\n\n\n\n<p>6. Objetivo Secund\u00e1rio<\/p>\n\n\n\n<p>7. Metodologia proposta: contendo tipo de estudo, local, popula\u00e7\u00e3o, amostragem e tamanho da amostra, coleta de dados e aspectos \u00e9ticos<\/p>\n\n\n\n<p>8. Crit\u00e9rio de Inclus\u00e3o<\/p>\n\n\n\n<p>9. Crit\u00e9rio de Exclus\u00e3o<\/p>\n\n\n\n<p>10. Riscos e como minimiz\u00e1-los<\/p>\n\n\n\n<p>11. Benef\u00edcios<\/p>\n\n\n\n<p>12. Metodologia de An\u00e1lise de Dados<\/p>\n\n\n\n<p>13. Desfecho Prim\u00e1rio: resultados esperados<\/p>\n\n\n\n<p>14. Cronograma<\/p>\n\n\n\n<p>15. Or\u00e7amento<\/p>\n\n\n\n<p>16. Refer\u00eancias<\/p>\n\n\n\n<p>17. Anexos<\/p>\n\n\n\n<p>III \u2013 Escanear e anexar na Plataforma Brasil a Folha de Rosto assinada e carimbada, com todos os espa\u00e7os em branco preenchidos.<\/p>\n\n\n\n<p>IV \u2013 Anexar na Plataforma Brasil todos os ap\u00eandices ou anexos do projeto tais como:<\/p>\n\n\n\n<p>&#8211;&nbsp;Termo de Consentimento Livre e Esclarecido (TCLE) ou o Termo de Manuseio de Dados, para menores de 18 anos Termo de Assentimento (al\u00e9m do TCLE).<\/p>\n\n\n\n<p class=\"has-text-align-center\"><\/p>\n","protected":false},"excerpt":{"rendered":"<p>COMO ENCAMINHAR UM PROJETO DE PESQUISA \u2013 PLATAFORMA BRASIL: O pesquisador respons\u00e1vel dever\u00e1 fazer o cadastro na Plataforma Brasil no link \u00a0https:\/\/plataformabrasil.saude.gov.br\/login.jsf II \u2013 PLATAFORMA&hellip;<\/p>\n","protected":false},"author":2,"featured_media":0,"parent":428,"menu_order":3,"comment_status":"closed","ping_status":"closed","template":"template-pagina-pai.php","meta":{"_acf_changed":false,"footnotes":""},"class_list":["post-646","page","type-page","status-publish","hentry"],"acf":[],"_links":{"self":[{"href":"https:\/\/www.unifan.edu.br\/unifan\/aparecida\/wp-json\/wp\/v2\/pages\/646","targetHints":{"allow":["GET"]}}],"collection":[{"href":"https:\/\/www.unifan.edu.br\/unifan\/aparecida\/wp-json\/wp\/v2\/pages"}],"about":[{"href":"https:\/\/www.unifan.edu.br\/unifan\/aparecida\/wp-json\/wp\/v2\/types\/page"}],"author":[{"embeddable":true,"href":"https:\/\/www.unifan.edu.br\/unifan\/aparecida\/wp-json\/wp\/v2\/users\/2"}],"replies":[{"embeddable":true,"href":"https:\/\/www.unifan.edu.br\/unifan\/aparecida\/wp-json\/wp\/v2\/comments?post=646"}],"version-history":[{"count":12,"href":"https:\/\/www.unifan.edu.br\/unifan\/aparecida\/wp-json\/wp\/v2\/pages\/646\/revisions"}],"predecessor-version":[{"id":7758,"href":"https:\/\/www.unifan.edu.br\/unifan\/aparecida\/wp-json\/wp\/v2\/pages\/646\/revisions\/7758"}],"up":[{"embeddable":true,"href":"https:\/\/www.unifan.edu.br\/unifan\/aparecida\/wp-json\/wp\/v2\/pages\/428"}],"wp:attachment":[{"href":"https:\/\/www.unifan.edu.br\/unifan\/aparecida\/wp-json\/wp\/v2\/media?parent=646"}],"curies":[{"name":"wp","href":"https:\/\/api.w.org\/{rel}","templated":true}]}}