{"id":701,"date":"2019-08-14T15:18:27","date_gmt":"2019-08-14T18:18:27","guid":{"rendered":"https:\/\/www.unifan.edu.br\/unifan\/aparecida\/?page_id=701"},"modified":"2025-02-05T13:19:01","modified_gmt":"2025-02-05T16:19:01","slug":"corpo-gestor","status":"publish","type":"page","link":"https:\/\/www.unifan.edu.br\/unifan\/aparecida\/institucional\/a-instituicao\/corpo-gestor\/","title":{"rendered":"Corpo Gestor"},"content":{"rendered":"\n<p><strong>Reitor<\/strong><br>Prof. Esp. Alcides Ribeiro Filho<br><br><strong>Vice-Reitor<\/strong><br>Prof. Me. Jos\u00e9 Carlos Barbosa Soares<br><br><strong>Pr\u00f3-Reitor Acad\u00eamico<\/strong><br>Prof. Dr. Carlos Alberto Vicchiatti<br><br><strong>Pr\u00f3-Reitor de Rela\u00e7\u00f5es Institucionais<\/strong><br>Prof. Msd. Luiz Ant\u00f4nio de Faria<br><br><strong>Pr\u00f3-Reitor de Desenvolvimento<\/strong><br>Prof. Esp. Divino Eterno de Paula Gustavo<br><br><strong>Pr\u00f3-Reitor Financeiro<\/strong><br>Prof. Esp. Leandro Julio dos Santos Faria<br><br><strong>Pr\u00f3-Reitor de Apoio Estudantil<\/strong><br>Prof. Me. Claudio Everson da Silva e Souza<br><br><strong>Pr\u00f3-Reitor de Controladoria<\/strong><br>Prof. Me. Marcello de Oliveira Ferreira<br><strong><br>Diretora do Col\u00e9gio de Aplica\u00e7\u00e3o<\/strong><br>Prof\u00aa. Esp. Zilda Reis Gon\u00e7alves Neto<\/p>\n\n\n\n<p><br><\/p>\n","protected":false},"excerpt":{"rendered":"<p>ReitorProf. Esp. Alcides Ribeiro Filho Vice-ReitorProf. Me. Jos\u00e9 Carlos Barbosa Soares Pr\u00f3-Reitor Acad\u00eamicoProf. Dr. Carlos Alberto Vicchiatti Pr\u00f3-Reitor de Rela\u00e7\u00f5es InstitucionaisProf. Msd. Luiz Ant\u00f4nio de&hellip;<\/p>\n","protected":false},"author":2,"featured_media":0,"parent":767,"menu_order":1,"comment_status":"closed","ping_status":"closed","template":"template-pagina-pai.php","meta":{"_acf_changed":false,"footnotes":""},"class_list":["post-701","page","type-page","status-publish","hentry"],"acf":[],"_links":{"self":[{"href":"https:\/\/www.unifan.edu.br\/unifan\/aparecida\/wp-json\/wp\/v2\/pages\/701","targetHints":{"allow":["GET"]}}],"collection":[{"href":"https:\/\/www.unifan.edu.br\/unifan\/aparecida\/wp-json\/wp\/v2\/pages"}],"about":[{"href":"https:\/\/www.unifan.edu.br\/unifan\/aparecida\/wp-json\/wp\/v2\/types\/page"}],"author":[{"embeddable":true,"href":"https:\/\/www.unifan.edu.br\/unifan\/aparecida\/wp-json\/wp\/v2\/users\/2"}],"replies":[{"embeddable":true,"href":"https:\/\/www.unifan.edu.br\/unifan\/aparecida\/wp-json\/wp\/v2\/comments?post=701"}],"version-history":[{"count":11,"href":"https:\/\/www.unifan.edu.br\/unifan\/aparecida\/wp-json\/wp\/v2\/pages\/701\/revisions"}],"predecessor-version":[{"id":10403,"href":"https:\/\/www.unifan.edu.br\/unifan\/aparecida\/wp-json\/wp\/v2\/pages\/701\/revisions\/10403"}],"up":[{"embeddable":true,"href":"https:\/\/www.unifan.edu.br\/unifan\/aparecida\/wp-json\/wp\/v2\/pages\/767"}],"wp:attachment":[{"href":"https:\/\/www.unifan.edu.br\/unifan\/aparecida\/wp-json\/wp\/v2\/media?parent=701"}],"curies":[{"name":"wp","href":"https:\/\/api.w.org\/{rel}","templated":true}]}}