{"id":712,"date":"2019-08-14T15:41:48","date_gmt":"2019-08-14T18:41:48","guid":{"rendered":"https:\/\/www.unifan.edu.br\/unifan\/aparecida\/?page_id=712"},"modified":"2022-04-01T15:21:56","modified_gmt":"2022-04-01T18:21:56","slug":"historico-institucional","status":"publish","type":"page","link":"https:\/\/www.unifan.edu.br\/unifan\/aparecida\/institucional\/a-instituicao\/historico-institucional\/","title":{"rendered":"Hist\u00f3rico Institucional"},"content":{"rendered":"\n<p><strong>Hist\u00f3rico Institucional<\/strong><\/p>\n\n\n\n<p>O Centro Universit\u00e1rio Alfredo Nasser foi criado com a inten\u00e7\u00e3o de destacar-se no meio educacional e trazer mais arrojo ao debate acad\u00eamico, ao conhecimento cient\u00edfico e \u00e0 responsabilidade com o social. No dia 6 de novembro de 1973, o Professor Alcides Ribeiro Filho, com o seu pioneirismo, reuniu esfor\u00e7os com seus colaboradores e ergueram o Educand\u00e1rio Alfredo Nasser: primeira escola da iniciativa privada em Aparecida de Goi\u00e2nia, GO. O nome da Institui\u00e7\u00e3o \u00e9 homenagem ao ilustre pol\u00edtico, que ajudou Goi\u00e1s a galgar caminhos mais firmes na dire\u00e7\u00e3o do progresso.<\/p>\n\n\n\n<p>Para conciliar qualidade e baixo custo \u00e0 educa\u00e7\u00e3o, mais uma vez, o professor Alcides, com vis\u00e3o empreendedora, levou benef\u00edcios essenciais \u00e0 popula\u00e7\u00e3o: conhecimento e capacita\u00e7\u00e3o profissional. Com a finalidade de criar e manter escolas de todos os n\u00edveis de ensino, em 4 de junho de 1985, fundou a Associa\u00e7\u00e3o Aparecidense de Educa\u00e7\u00e3o (AAE), entidade sem fins lucrativos, com sede e foro em Aparecida de Goi\u00e2nia, e Estatuto registrado sob o n. 036, fs. 21 a 23 do Livro \u201cA\u201d, de Registro de Pessoas Jur\u00eddicas do Cart\u00f3rio Souza, 2\u00ba. Of\u00edcio, em 5 de junho de 1985. &nbsp;<\/p>\n\n\n\n<p>A partir da funda\u00e7\u00e3o da AAE, nasceu o desejo de dar forma \u00e0 educa\u00e7\u00e3o em n\u00edvel superior em Aparecida. A Escola Alfredo Nasser de Ensino Superior (EANES), redenominada Faculdade Alfredo Nasser (COD 1573), foi criada pela Associa\u00e7\u00e3o Aparecidense de Educa\u00e7\u00e3o e credenciada pela Portaria MEC n. 1.682, DOU: 23 de outubro de 2000. Com objetivo de construir sua imagem de refer\u00eancia, ser bem avaliada pelo Minist\u00e9rio da Educa\u00e7\u00e3o, comprometida com os estudantes, raz\u00e3o de sua exist\u00eancia, naquele ano, a Institui\u00e7\u00e3o implantou os cursos de Letras e Pedagogia. Em 2002, foram criados: o Instituto Superior de Educa\u00e7\u00e3o (ISE) e o Instituto de Ci\u00eancias Sociais Aplicadas (ICSA); em 2007, o Instituto de Ci\u00eancias Jur\u00eddicas (ICJ); em 2008, o Instituto de Ci\u00eancias da Sa\u00fade (ICS); e, em 2017, o Instituto de Ci\u00eancias Exatas (ICE).<\/p>\n\n\n\n<p>No mesmo tempo em que a Faculdade caminhava a passos largos, o Educand\u00e1rio tornou-se Col\u00e9gio de Aplica\u00e7\u00e3o Alfredo Nasser, integrado ao Sistema de Educa\u00e7\u00e3o de Goi\u00e1s, aprovado pela Portaria SEE n. 9.154, de 15 de outubro de 2003, como \u00f3rg\u00e3o complementar das atividades fins do Instituto Superior de Educa\u00e7\u00e3o.<\/p>\n\n\n\n<p><strong>O Centro Universit\u00e1rio da Inicia\u00e7\u00e3o \u00e0 Pesquisa e da Extens\u00e3o<\/strong><\/p>\n\n\n\n<p>Para integrar de forma expl\u00edcita o ensino, a inicia\u00e7\u00e3o \u00e0 pesquisa e a extens\u00e3o, o Conselho Superior (CS) da ent\u00e3o Faculdade Alfredo Nasser institucionalizou, em calend\u00e1rio semestral, eventos e programas no \u00e2mbito da extens\u00e3o, a exemplo do Movimento Cient\u00edfico Cultural de Aparecida de Goi\u00e2nia (MOCCA); e, da inicia\u00e7\u00e3o \u00e0 pesquisa, como o PESQUISAR e o PIBIC\/PIVIC. Al\u00e9m disso, criou a Editora Alfredo Nasser, por meio da Resolu\u00e7\u00e3o n. 9, de 1\u00ba\/2\/2013, inscrita no Minist\u00e9rio da Cultura \u2013 Funda\u00e7\u00e3o Biblioteca Nacional (FBN), [hoje, C\u00e2mara Brasileira do Livro (CBL)], com Prefixo Editorial n. 68122, em 2\/5\/2014, com vistas \u00e0 viabiliza\u00e7\u00e3o de publica\u00e7\u00f5es acad\u00eamicas e cient\u00edficas, dispon\u00edveis na aba Editora do site institucional.<\/p>\n\n\n\n<p><strong>O Centro Universit\u00e1rio da oportunidade e do crescimento<\/strong><\/p>\n\n\n\n<p>Em fun\u00e7\u00e3o da amplia\u00e7\u00e3o e implanta\u00e7\u00e3o de cursos de n\u00edveis superiores, para atender \u00e0s demandas, a Mantenedora Associa\u00e7\u00e3o Aparecidense de Educa\u00e7\u00e3o, por meio do Plano de Desenvolvimento Institucional (PDI \u2013 2017\/2021), transformou a Faculdade Alfredo Nasser de Aparecida de Goi\u00e2nia, GO, (COD 1573), em Centro Universit\u00e1rio Alfredo Nasser (UNIFAN), (COD 1573), credenciado pela Portaria MEC n. 1.063, publicada no DOU de 24 de dezembro de 2020. As rela\u00e7\u00f5es da UNIFAN se estendem, na medida em que se firmam conv\u00eanios e parcerias com centenas de outras institui\u00e7\u00f5es p\u00fablicas e privadas, no \u00e2mbito regional e nacional, a exemplo de escolas, ind\u00fastrias, com\u00e9rcios, prestadoras de servi\u00e7os, hospitais e unidades de sa\u00fade municipais e estaduais. Internacionalmente, as parcerias se efetivaram com a Universidade Lus\u00f3fona de Lisboa, Universidade Lus\u00f3fona do Porto, Universidade Aut\u00f4noma de Lisboa e Universidade de Coimbra, em Portugal; e, com a <em>Must University<\/em>, nos Estados Unidos, para a oferta de cursos de Mestrado.<\/p>\n\n\n\n<p><strong>Infraestrutura<\/strong> <\/p>\n\n\n\n<p>Ao longo de todos esses anos, a UNIFAN se preocupou tamb\u00e9m com a qualidade do espa\u00e7o f\u00edsico, para dar condi\u00e7\u00f5es \u00e0 amplia\u00e7\u00e3o de suas atividades, com acolhimento. Hoje, o Centro Universit\u00e1rio possui salas de aula cada vez mais ambientadas para o desenvolvimento do ensino-aprendizagem; laborat\u00f3rios multidisciplinares e de inform\u00e1tica; bibliotecas; audit\u00f3rio; espa\u00e7os de conviv\u00eancia; estacionamentos privativos para alunos e colaboradores, al\u00e9m de equipamentos para subsidiar, dinamizar e potencializar o conhecimento.<\/p>\n","protected":false},"excerpt":{"rendered":"<p>Hist\u00f3rico Institucional O Centro Universit\u00e1rio Alfredo Nasser foi criado com a inten\u00e7\u00e3o de destacar-se no meio educacional e trazer mais arrojo ao debate acad\u00eamico, ao&hellip;<\/p>\n","protected":false},"author":2,"featured_media":0,"parent":767,"menu_order":0,"comment_status":"closed","ping_status":"closed","template":"template-pagina-pai.php","meta":{"_acf_changed":false,"footnotes":""},"class_list":["post-712","page","type-page","status-publish","hentry"],"acf":[],"_links":{"self":[{"href":"https:\/\/www.unifan.edu.br\/unifan\/aparecida\/wp-json\/wp\/v2\/pages\/712","targetHints":{"allow":["GET"]}}],"collection":[{"href":"https:\/\/www.unifan.edu.br\/unifan\/aparecida\/wp-json\/wp\/v2\/pages"}],"about":[{"href":"https:\/\/www.unifan.edu.br\/unifan\/aparecida\/wp-json\/wp\/v2\/types\/page"}],"author":[{"embeddable":true,"href":"https:\/\/www.unifan.edu.br\/unifan\/aparecida\/wp-json\/wp\/v2\/users\/2"}],"replies":[{"embeddable":true,"href":"https:\/\/www.unifan.edu.br\/unifan\/aparecida\/wp-json\/wp\/v2\/comments?post=712"}],"version-history":[{"count":14,"href":"https:\/\/www.unifan.edu.br\/unifan\/aparecida\/wp-json\/wp\/v2\/pages\/712\/revisions"}],"predecessor-version":[{"id":5431,"href":"https:\/\/www.unifan.edu.br\/unifan\/aparecida\/wp-json\/wp\/v2\/pages\/712\/revisions\/5431"}],"up":[{"embeddable":true,"href":"https:\/\/www.unifan.edu.br\/unifan\/aparecida\/wp-json\/wp\/v2\/pages\/767"}],"wp:attachment":[{"href":"https:\/\/www.unifan.edu.br\/unifan\/aparecida\/wp-json\/wp\/v2\/media?parent=712"}],"curies":[{"name":"wp","href":"https:\/\/api.w.org\/{rel}","templated":true}]}}