{"id":7262,"date":"2023-03-10T15:33:15","date_gmt":"2023-03-10T18:33:15","guid":{"rendered":"https:\/\/www.unifan.edu.br\/unifan\/aparecida\/?page_id=7262"},"modified":"2023-03-10T15:46:34","modified_gmt":"2023-03-10T18:46:34","slug":"anais-do-x-pesquisar-v-11-2022-issn-2447-2239","status":"publish","type":"page","link":"https:\/\/www.unifan.edu.br\/unifan\/aparecida\/418-2\/pesquisar\/anais-do-pesquisar\/anais-do-x-pesquisar-v-11-2022-issn-2447-2239\/","title":{"rendered":"ANAIS DO XI PESQUISAR \u2013 V. 11, 2022 \u2013 ISSN 2447-2239"},"content":{"rendered":"\n<p><a href=\"https:\/\/www.unifan.edu.br\/unifan\/aparecida\/?page_id=7267\">Direito e Cidadania<\/a><\/p>\n\n\n\n<p><a href=\"https:\/\/www.unifan.edu.br\/unifan\/aparecida\/?page_id=7270\">Educa\u00e7\u00e3o e Comunica\u00e7\u00e3o<\/a><\/p>\n\n\n\n<p><a href=\"https:\/\/www.unifan.edu.br\/unifan\/aparecida\/?page_id=7273\">Empreendedorismo e Inova\u00e7\u00e3o<\/a><\/p>\n\n\n\n<p><a href=\"https:\/\/www.unifan.edu.br\/unifan\/aparecida\/?page_id=7276\">Sa\u00fade, Meio ambiente e Sustentabilidade<\/a><\/p>\n","protected":false},"excerpt":{"rendered":"<p>Direito e Cidadania Educa\u00e7\u00e3o e Comunica\u00e7\u00e3o Empreendedorismo e Inova\u00e7\u00e3o Sa\u00fade, Meio ambiente e Sustentabilidade<\/p>\n","protected":false},"author":9,"featured_media":0,"parent":448,"menu_order":0,"comment_status":"closed","ping_status":"closed","template":"","meta":{"_acf_changed":false,"footnotes":""},"class_list":["post-7262","page","type-page","status-publish","hentry"],"acf":[],"_links":{"self":[{"href":"https:\/\/www.unifan.edu.br\/unifan\/aparecida\/wp-json\/wp\/v2\/pages\/7262","targetHints":{"allow":["GET"]}}],"collection":[{"href":"https:\/\/www.unifan.edu.br\/unifan\/aparecida\/wp-json\/wp\/v2\/pages"}],"about":[{"href":"https:\/\/www.unifan.edu.br\/unifan\/aparecida\/wp-json\/wp\/v2\/types\/page"}],"author":[{"embeddable":true,"href":"https:\/\/www.unifan.edu.br\/unifan\/aparecida\/wp-json\/wp\/v2\/users\/9"}],"replies":[{"embeddable":true,"href":"https:\/\/www.unifan.edu.br\/unifan\/aparecida\/wp-json\/wp\/v2\/comments?post=7262"}],"version-history":[{"count":5,"href":"https:\/\/www.unifan.edu.br\/unifan\/aparecida\/wp-json\/wp\/v2\/pages\/7262\/revisions"}],"predecessor-version":[{"id":7278,"href":"https:\/\/www.unifan.edu.br\/unifan\/aparecida\/wp-json\/wp\/v2\/pages\/7262\/revisions\/7278"}],"up":[{"embeddable":true,"href":"https:\/\/www.unifan.edu.br\/unifan\/aparecida\/wp-json\/wp\/v2\/pages\/448"}],"wp:attachment":[{"href":"https:\/\/www.unifan.edu.br\/unifan\/aparecida\/wp-json\/wp\/v2\/media?parent=7262"}],"curies":[{"name":"wp","href":"https:\/\/api.w.org\/{rel}","templated":true}]}}