{"id":7289,"date":"2023-03-14T17:28:11","date_gmt":"2023-03-14T20:28:11","guid":{"rendered":"https:\/\/www.unifan.edu.br\/unifan\/aparecida\/?page_id=7289"},"modified":"2023-03-15T16:05:00","modified_gmt":"2023-03-15T19:05:00","slug":"normativas","status":"publish","type":"page","link":"https:\/\/www.unifan.edu.br\/unifan\/aparecida\/418-2\/cep\/normativas\/","title":{"rendered":"Normativas"},"content":{"rendered":"\n<p>NORMATIVAS<\/p>\n\n\n\n<p><strong><a href=\"https:\/\/www.unifan.edu.br\/unifan\/aparecida\/wp-content\/uploads\/sites\/2\/2023\/03\/OFICIO-CIRCULAR-n.-16-2022_Pesquisa-sobre-Covid.pdf\">OF\u00cdCIO CIRCULAR n. 16 2022_Pesquisa sobre Covid<\/a><\/strong><\/p>\n\n\n\n<p><strong><a href=\"https:\/\/www.unifan.edu.br\/unifan\/aparecida\/wp-content\/uploads\/sites\/2\/2023\/03\/Norma_Operacional_001-2013.pdf\">Norma_Operacional_001-2013<\/a><\/strong><\/p>\n\n\n\n<p><strong><a href=\"https:\/\/www.unifan.edu.br\/unifan\/aparecida\/wp-content\/uploads\/sites\/2\/2023\/03\/OFICIO-CIRCULAR-n.-23-2022_consentimento-e-assentimento-eletronicos-em-pesquisas_biobancos.pdf\">OF\u00cdCIO CIRCULAR n. 23 2022_consentimento e assentimento elet\u2026<\/a><\/strong><\/p>\n\n\n\n<p><strong><a href=\"https:\/\/www.unifan.edu.br\/unifan\/aparecida\/wp-content\/uploads\/sites\/2\/2023\/03\/Oficio_Circular_2_24fev2021_Pesquisa-em-ambiente-virtual.pdf\" data-type=\"URL\" data-id=\"https:\/\/www.unifan.edu.br\/unifan\/aparecida\/wp-content\/uploads\/sites\/2\/2023\/03\/Oficio_Circular_2_24fev2021_Pesquisa-em-ambiente-virtual.pdf\">Oficio_Circular_2_24fev2021_Pesquisa em ambiente virtual<\/a><\/strong><\/p>\n\n\n\n<p><strong><a href=\"https:\/\/www.unifan.edu.br\/unifan\/aparecida\/wp-content\/uploads\/sites\/2\/2023\/03\/Oficio_Circular_2_24fev2021_Pesquisa-em-ambiente-virtual.pdf\" data-type=\"URL\" data-id=\"https:\/\/www.unifan.edu.br\/unifan\/aparecida\/wp-content\/uploads\/sites\/2\/2023\/03\/Oficio_Circular_2_24fev2021_Pesquisa-em-ambiente-virtual.pdf\">Of\u00edcio_Circular_17 2022_Sobre a 510<\/a><\/strong><\/p>\n\n\n\n<p><strong><a href=\"https:\/\/www.unifan.edu.br\/unifan\/aparecida\/wp-content\/uploads\/sites\/2\/2023\/03\/Resolucao-n-510-2016_CHS.pdf\" data-type=\"URL\" data-id=\"https:\/\/www.unifan.edu.br\/unifan\/aparecida\/wp-content\/uploads\/sites\/2\/2023\/03\/Resolucao-n-510-2016_CHS.pdf\">Resolu\u00e7\u00e3o n 510 2016_CHS<\/a><\/strong><\/p>\n\n\n\n<p><strong><a href=\"https:\/\/www.unifan.edu.br\/unifan\/aparecida\/wp-content\/uploads\/sites\/2\/2023\/03\/Resolucao_304_2000_Povos_Indigenas.pdf\" data-type=\"URL\" data-id=\"https:\/\/www.unifan.edu.br\/unifan\/aparecida\/wp-content\/uploads\/sites\/2\/2023\/03\/Resolucao_304_2000_Povos_Indigenas.pdf\">Resolu\u00e7\u00e3o_304_2000_Povos_Ind\u00edgenas<\/a><\/strong><\/p>\n\n\n\n<p><strong><a href=\"https:\/\/www.unifan.edu.br\/unifan\/aparecida\/wp-content\/uploads\/sites\/2\/2023\/03\/Resolucao-n-466-2012_Pesq-com-seres-humanos.pdf\" data-type=\"URL\" data-id=\"https:\/\/www.unifan.edu.br\/unifan\/aparecida\/wp-content\/uploads\/sites\/2\/2023\/03\/Resolucao-n-466-2012_Pesq-com-seres-humanos.pdf\">Resolu\u00e7\u00e3o n 466 2012_Pesq com seres humanos<\/a><\/strong><\/p>\n\n\n\n<p><strong><a href=\"https:\/\/www.unifan.edu.br\/unifan\/aparecida\/wp-content\/uploads\/sites\/2\/2023\/03\/OFICIO-CIRCULAR-n.-24-2022_ensaios_clinicos.pdf\" data-type=\"URL\" data-id=\"https:\/\/www.unifan.edu.br\/unifan\/aparecida\/wp-content\/uploads\/sites\/2\/2023\/03\/OFICIO-CIRCULAR-n.-24-2022_ensaios_clinicos.pdf\">OF\u00cdCIO CIRCULAR n. 24 2022_ensaios_cl\u00ednicos<\/a><\/strong><\/p>\n\n\n\n<p><strong><a href=\"https:\/\/www.unifan.edu.br\/unifan\/aparecida\/wp-content\/uploads\/sites\/2\/2023\/03\/Resol.-647_Repres.-de-entidades-de-controle-social.pdf\">Resol. 647_Repres. de entidades de controle social<\/a><\/strong><\/p>\n\n\n\n<p><strong><a href=\"https:\/\/www.unifan.edu.br\/unifan\/aparecida\/wp-content\/uploads\/sites\/2\/2023\/03\/Oficio-Circular-n-26-2022_Pesquisas-com-pecas-humanas.pdf\">Oficio Circular n 26-2022_Pesquisas com pe\u00e7as humanas<\/a><\/strong><\/p>\n\n\n\n<p><strong><a href=\"https:\/\/www.unifan.edu.br\/unifan\/aparecida\/wp-content\/uploads\/sites\/2\/2023\/03\/Resolucao_674_2022_Tipificacao-de-pesquisas.pdf\" data-type=\"URL\" data-id=\"https:\/\/www.unifan.edu.br\/unifan\/aparecida\/wp-content\/uploads\/sites\/2\/2023\/03\/Resolucao_674_2022_Tipificacao-de-pesquisas.pdf\">Resolucao_674_2022_Tipifica\u00e7\u00e3o de pesquisas<\/a><\/strong><\/p>\n\n\n\n<p><strong><a href=\"https:\/\/www.unifan.edu.br\/unifan\/aparecida\/wp-content\/uploads\/sites\/2\/2023\/03\/Carta-Circular-n.-110-2017_Preench.-Plataforma-Brasil_Pesq.-CHS.pdf\" data-type=\"URL\" data-id=\"https:\/\/www.unifan.edu.br\/unifan\/aparecida\/wp-content\/uploads\/sites\/2\/2023\/03\/Carta-Circular-n.-110-2017_Preench.-Plataforma-Brasil_Pesq.-CHS.pdf\">Carta Circular n. 110 2017_Preench. Plataforma Brasil_Pesq.<\/a><\/strong><\/p>\n","protected":false},"excerpt":{"rendered":"<p>NORMATIVAS OF\u00cdCIO CIRCULAR n. 16 2022_Pesquisa sobre Covid Norma_Operacional_001-2013 OF\u00cdCIO CIRCULAR n. 23 2022_consentimento e assentimento elet\u2026 Oficio_Circular_2_24fev2021_Pesquisa em ambiente virtual Of\u00edcio_Circular_17 2022_Sobre a 510&hellip;<\/p>\n","protected":false},"author":1,"featured_media":0,"parent":428,"menu_order":10,"comment_status":"closed","ping_status":"closed","template":"template-pagina-pai.php","meta":{"_acf_changed":false,"footnotes":""},"class_list":["post-7289","page","type-page","status-publish","hentry"],"acf":[],"_links":{"self":[{"href":"https:\/\/www.unifan.edu.br\/unifan\/aparecida\/wp-json\/wp\/v2\/pages\/7289","targetHints":{"allow":["GET"]}}],"collection":[{"href":"https:\/\/www.unifan.edu.br\/unifan\/aparecida\/wp-json\/wp\/v2\/pages"}],"about":[{"href":"https:\/\/www.unifan.edu.br\/unifan\/aparecida\/wp-json\/wp\/v2\/types\/page"}],"author":[{"embeddable":true,"href":"https:\/\/www.unifan.edu.br\/unifan\/aparecida\/wp-json\/wp\/v2\/users\/1"}],"replies":[{"embeddable":true,"href":"https:\/\/www.unifan.edu.br\/unifan\/aparecida\/wp-json\/wp\/v2\/comments?post=7289"}],"version-history":[{"count":3,"href":"https:\/\/www.unifan.edu.br\/unifan\/aparecida\/wp-json\/wp\/v2\/pages\/7289\/revisions"}],"predecessor-version":[{"id":7322,"href":"https:\/\/www.unifan.edu.br\/unifan\/aparecida\/wp-json\/wp\/v2\/pages\/7289\/revisions\/7322"}],"up":[{"embeddable":true,"href":"https:\/\/www.unifan.edu.br\/unifan\/aparecida\/wp-json\/wp\/v2\/pages\/428"}],"wp:attachment":[{"href":"https:\/\/www.unifan.edu.br\/unifan\/aparecida\/wp-json\/wp\/v2\/media?parent=7289"}],"curies":[{"name":"wp","href":"https:\/\/api.w.org\/{rel}","templated":true}]}}