{"id":7291,"date":"2023-03-14T17:29:37","date_gmt":"2023-03-14T20:29:37","guid":{"rendered":"https:\/\/www.unifan.edu.br\/unifan\/aparecida\/?page_id=7291"},"modified":"2023-03-17T15:10:54","modified_gmt":"2023-03-17T18:10:54","slug":"guias-manuais","status":"publish","type":"page","link":"https:\/\/www.unifan.edu.br\/unifan\/aparecida\/418-2\/cep\/guias-manuais\/","title":{"rendered":"Guias\/Manuais"},"content":{"rendered":"\n<p>GUIAS\/MANUAIS<\/p>\n\n\n\n<p><\/p>\n\n\n\n<p><strong><a href=\"https:\/\/www.unifan.edu.br\/unifan\/aparecida\/wp-content\/uploads\/sites\/2\/2023\/03\/Roteiro_Relatorio-de-biobancos.pdf\">Roteiro_Relat\u00f3rio-de-biobancos<\/a><\/strong><\/p>\n\n\n\n<p><strong><a href=\"https:\/\/www.unifan.edu.br\/unifan\/aparecida\/wp-content\/uploads\/sites\/2\/2023\/03\/Cartilha_participante_de_pesquisa.pdf\">Cartilha_participante_de_pesquisa<\/a><\/strong><\/p>\n\n\n\n<p><a href=\"https:\/\/www.unifan.edu.br\/unifan\/aparecida\/wp-content\/uploads\/sites\/2\/2023\/03\/Carta_Circular_13_2020_Comunicacao-de-Eventos-Adversos-Graves.pdf\" data-type=\"URL\" data-id=\"https:\/\/www.unifan.edu.br\/unifan\/aparecida\/wp-content\/uploads\/sites\/2\/2023\/03\/Carta_Circular_13_2020_Comunicacao-de-Eventos-Adversos-Graves.pdf\"><strong>Carta_Circular_13_2020_Comunica\u00e7\u00e3o de Eventos Adversos Grave<\/strong>s<\/a><\/p>\n\n\n\n<p><strong><a href=\"https:\/\/www.unifan.edu.br\/unifan\/aparecida\/wp-content\/uploads\/sites\/2\/2023\/03\/Guia-de-perfis_Plataforma-Brasil.pdf\">Guia de perfis_Plataforma Brasil<\/a><\/strong><\/p>\n\n\n\n<p><strong><a href=\"https:\/\/www.unifan.edu.br\/unifan\/aparecida\/wp-content\/uploads\/sites\/2\/2023\/03\/Manual_Pesquisador_Plataforma-Brasil.pdf\" data-type=\"URL\" data-id=\"https:\/\/www.unifan.edu.br\/unifan\/aparecida\/wp-content\/uploads\/sites\/2\/2023\/03\/Manual_Pesquisador_Plataforma-Brasil.pdf\">Manual_Pesquisador_Plataforma Brasil<\/a><\/strong><\/p>\n\n\n\n<p><strong><a href=\"https:\/\/www.unifan.edu.br\/unifan\/aparecida\/wp-content\/uploads\/sites\/2\/2023\/03\/Pendencias_Frequentes_em_Protocolos_de_Pesquisa_Clinica.pdf\" data-type=\"URL\" data-id=\"https:\/\/www.unifan.edu.br\/unifan\/aparecida\/wp-content\/uploads\/sites\/2\/2023\/03\/Pendencias_Frequentes_em_Protocolos_de_Pesquisa_Clinica.pdf\">Pend\u00eancias_Frequentes_em_Protocolos_de_Pesquisa_Cl\u00ednica<\/a><\/strong><\/p>\n","protected":false},"excerpt":{"rendered":"<p>GUIAS\/MANUAIS Roteiro_Relat\u00f3rio-de-biobancos Cartilha_participante_de_pesquisa Carta_Circular_13_2020_Comunica\u00e7\u00e3o de Eventos Adversos Graves Guia de perfis_Plataforma Brasil Manual_Pesquisador_Plataforma Brasil Pend\u00eancias_Frequentes_em_Protocolos_de_Pesquisa_Cl\u00ednica<\/p>\n","protected":false},"author":1,"featured_media":0,"parent":428,"menu_order":11,"comment_status":"closed","ping_status":"closed","template":"template-pagina-pai.php","meta":{"_acf_changed":false,"footnotes":""},"class_list":["post-7291","page","type-page","status-publish","hentry"],"acf":[],"_links":{"self":[{"href":"https:\/\/www.unifan.edu.br\/unifan\/aparecida\/wp-json\/wp\/v2\/pages\/7291","targetHints":{"allow":["GET"]}}],"collection":[{"href":"https:\/\/www.unifan.edu.br\/unifan\/aparecida\/wp-json\/wp\/v2\/pages"}],"about":[{"href":"https:\/\/www.unifan.edu.br\/unifan\/aparecida\/wp-json\/wp\/v2\/types\/page"}],"author":[{"embeddable":true,"href":"https:\/\/www.unifan.edu.br\/unifan\/aparecida\/wp-json\/wp\/v2\/users\/1"}],"replies":[{"embeddable":true,"href":"https:\/\/www.unifan.edu.br\/unifan\/aparecida\/wp-json\/wp\/v2\/comments?post=7291"}],"version-history":[{"count":8,"href":"https:\/\/www.unifan.edu.br\/unifan\/aparecida\/wp-json\/wp\/v2\/pages\/7291\/revisions"}],"predecessor-version":[{"id":7341,"href":"https:\/\/www.unifan.edu.br\/unifan\/aparecida\/wp-json\/wp\/v2\/pages\/7291\/revisions\/7341"}],"up":[{"embeddable":true,"href":"https:\/\/www.unifan.edu.br\/unifan\/aparecida\/wp-json\/wp\/v2\/pages\/428"}],"wp:attachment":[{"href":"https:\/\/www.unifan.edu.br\/unifan\/aparecida\/wp-json\/wp\/v2\/media?parent=7291"}],"curies":[{"name":"wp","href":"https:\/\/api.w.org\/{rel}","templated":true}]}}