{"id":761,"date":"2019-08-15T15:10:46","date_gmt":"2019-08-15T18:10:46","guid":{"rendered":"https:\/\/www.unifan.edu.br\/unifan\/aparecida\/?page_id=761"},"modified":"2022-02-07T09:26:01","modified_gmt":"2022-02-07T12:26:01","slug":"bolsas-e-financiamentos","status":"publish","type":"page","link":"https:\/\/www.unifan.edu.br\/unifan\/aparecida\/institucional\/servicos\/bolsas-e-financiamentos\/","title":{"rendered":"Bolsas e Financiamento"},"content":{"rendered":"\n<p><strong>Bolsas <\/strong><\/p>\n\n\n\n<p>Na concess\u00e3o de benef\u00edcios a estudantes de baixo poder aquisitivo, o Centro Universit\u00e1rio Alfredo Nasser est\u00e1 conveniado com:\u00a0 <\/p>\n\n\n\n<p>\u2013 a Organiza\u00e7\u00e3o das Volunt\u00e1rias de Goi\u00e1s (OVG) &#8211; Programa Universit\u00e1rio do Bem (ProBem). Endere\u00e7o: Rua T-38, n\u00ba 249, Setor Bueno, Tel.: (62) 3201-9453 e 0800629413 \/ e-mail: <a href=\"mailto:bolsa@ovg.org.br\">bolsa@ovg.org.br<\/a> \/ Site: &lt;https:\/\/<a href=\"https:\/\/www.ovg.org.br\/\">www.ovg.org.br<\/a>&gt;; e,\u00a0 <\/p>\n\n\n\n<p>\u2013\no Programa Universidade para Todos (ProUni). Site &lt;<a href=\"https:\/\/siteprouni.mec.gov.br\/\">https:\/\/siteprouni.mec.gov.br<\/a>&gt; ou pela Central de\nrelacionamento no telefone: 0800 616161. <\/p>\n\n\n\n<p>Oferece,\ntamb\u00e9m, por meio de sua Mantenedora, a Associa\u00e7\u00e3o Aparecidense de Educa\u00e7\u00e3o\n(AAE), os programas: <\/p>\n\n\n\n<p>\u00a0\u2013 Mensalidades Solid\u00e1rias, conforme previsto em edital do Processo Seletivo exposto no <em>site<\/em> da UNIFAN; e, <\/p>\n\n\n\n<p>\u2013 Descontos de pontualidade, vari\u00e1veis em cada curso, para pagamento feito at\u00e9 dia 5 de cada m\u00eas, conforme previsto em edital do Processo Seletivo, publicado no no <em>site<\/em> institucional. <\/p>\n\n\n\n<p><strong>Financiamento<\/strong><\/p>\n\n\n\n<p>O Centro Universit\u00e1rio Alfredo Nasser (UNIFAN) oportuniza a seus estudantes o Fundo de Financiamento ao Estudante do Ensino Superior (Fies), programa do MEC, por meio do Fundo Nacional de Desenvolvimento da Educa\u00e7\u00e3o (FNDE). Informa\u00e7\u00f5es pelo telefone\u00a00800 616161 e pelo site &lt;https:\/\/sisfiesportal.mec.gov.br\/&gt;.\u00a0<\/p>\n","protected":false},"excerpt":{"rendered":"<p>Bolsas Na concess\u00e3o de benef\u00edcios a estudantes de baixo poder aquisitivo, o Centro Universit\u00e1rio Alfredo Nasser est\u00e1 conveniado com:\u00a0 \u2013 a Organiza\u00e7\u00e3o das Volunt\u00e1rias de&hellip;<\/p>\n","protected":false},"author":2,"featured_media":0,"parent":759,"menu_order":0,"comment_status":"closed","ping_status":"closed","template":"template-pagina-pai.php","meta":{"_acf_changed":false,"footnotes":""},"class_list":["post-761","page","type-page","status-publish","hentry"],"acf":[],"_links":{"self":[{"href":"https:\/\/www.unifan.edu.br\/unifan\/aparecida\/wp-json\/wp\/v2\/pages\/761","targetHints":{"allow":["GET"]}}],"collection":[{"href":"https:\/\/www.unifan.edu.br\/unifan\/aparecida\/wp-json\/wp\/v2\/pages"}],"about":[{"href":"https:\/\/www.unifan.edu.br\/unifan\/aparecida\/wp-json\/wp\/v2\/types\/page"}],"author":[{"embeddable":true,"href":"https:\/\/www.unifan.edu.br\/unifan\/aparecida\/wp-json\/wp\/v2\/users\/2"}],"replies":[{"embeddable":true,"href":"https:\/\/www.unifan.edu.br\/unifan\/aparecida\/wp-json\/wp\/v2\/comments?post=761"}],"version-history":[{"count":5,"href":"https:\/\/www.unifan.edu.br\/unifan\/aparecida\/wp-json\/wp\/v2\/pages\/761\/revisions"}],"predecessor-version":[{"id":5226,"href":"https:\/\/www.unifan.edu.br\/unifan\/aparecida\/wp-json\/wp\/v2\/pages\/761\/revisions\/5226"}],"up":[{"embeddable":true,"href":"https:\/\/www.unifan.edu.br\/unifan\/aparecida\/wp-json\/wp\/v2\/pages\/759"}],"wp:attachment":[{"href":"https:\/\/www.unifan.edu.br\/unifan\/aparecida\/wp-json\/wp\/v2\/media?parent=761"}],"curies":[{"name":"wp","href":"https:\/\/api.w.org\/{rel}","templated":true}]}}