{"id":763,"date":"2019-08-15T15:15:08","date_gmt":"2019-08-15T18:15:08","guid":{"rendered":"https:\/\/www.unifan.edu.br\/unifan\/aparecida\/?page_id=763"},"modified":"2025-08-15T09:38:36","modified_gmt":"2025-08-15T12:38:36","slug":"nucleo-de-apoio-terapeutico-e-psicopedagogico-natpsi","status":"publish","type":"page","link":"https:\/\/www.unifan.edu.br\/unifan\/aparecida\/institucional\/servicos\/nucleo-de-apoio-terapeutico-e-psicopedagogico-natpsi\/","title":{"rendered":"N\u00facleo de Apoio Terap\u00eautico e Psicopedag\u00f3gico (NATPSI)"},"content":{"rendered":"\n<p>O NATPSI (N\u00facleo de Apoio Terap\u00eautico e Psicopedag\u00f3gico) \u00e9 refer\u00eancia em apoioterap\u00eautico e psicopedag\u00f3gico no Centro Universit\u00e1rio Alfredo Nasser-UNIFAN, h\u00e1 mais de 16 anos. <\/p>\n\n\n\n<p>Institu\u00eddo em 2007 pela portaria DP 05\/11\/2007, o N\u00facleo de Apoio Terap\u00eautico e Psicopedag\u00f3gico (NATPSI) do Centro Universit\u00e1rio Alfredo Nasser (UNIFAN), tem se consolidado como um dos principais servi\u00e7os de apoio estudantil do ensino superior em Goi\u00e1s.<\/p>\n\n\n\n<p>O N\u00facleo oferece atendimentos psicol\u00f3gicos e neuropsicopedag\u00f3gicos a estudantes e colaboradores da Institui\u00e7\u00e3o, estendendo, em casos excepcionais, o atendimento \u00e0 comunidade externa.<\/p>\n\n\n\n<p>O reconhecimento da atua\u00e7\u00e3o do NATPSI levou, em 2011, ao registro do servi\u00e7o junto ao Conselho Regional de Psicologia da 9\u00aa Regi\u00e3o. Desde ent\u00e3o, tem sido\u00a0 pe\u00e7a fundamental na promo\u00e7\u00e3o da sa\u00fade mental e no suporte psicopedag\u00f3gico da comunidade acad\u00eamica, al\u00e9m de participar ativamente de eventos cient\u00edficos, culturais e de extens\u00e3o promovidos pelo Centro Universit\u00e1rio Alfredo Nasser, (UNIFAN).<\/p>\n\n\n\n<p>Com mais de 16 anos de hist\u00f3ria, o NATPSI se mant\u00e9m como um dos servi\u00e7os mais procurados por colaboradores e especialmente por estudantes da Institui\u00e7\u00e3o e reafirma seu compromisso com o bem-estar e o desenvolvimento integral de todos que comp\u00f5em a UNIFAN.<\/p>\n\n\n\n<p><strong>SUPERVIS\u00c3O<\/strong><\/p>\n\n\n\n<p>Professora MSc Cleide Neves Guarda (CRP 09-16788)<\/p>\n\n\n\n<p><strong>PORTARIAS:<\/strong>&nbsp;DP, de 05\/11\/2007 (Funda\u00e7\u00e3o) e n\u00ba 53-R, de 01\/09\/2020 (NATPSI \u2013 Centro Universit\u00e1rio).<\/p>\n\n\n\n<p><strong>LOCALIZA\u00c7\u00c3O:<\/strong><\/p>\n\n\n\n<p>Centro de Especialidades da Sa\u00fade \u2013 Unifan (Clismed), Salas 06, 07 e no segundo andar do ICS do Centro Universit\u00e1rio Alfredo Nasser.<\/p>\n\n\n\n<p><strong>AGENDAMENTOS: <\/strong>Segunda a Quinta Feira das 08:30 \u00e0s 17:30, tel. 3094 9494 \u2013 Ramal 741 e sexta-feira das 08 \u00e0s 12h, tel. 30949494 Ramal 741<\/p>\n\n\n\n<p><strong>E-MAIL: <\/strong><a href=\"mailto:natpsi@unifan.edu.br\"><strong>natpsi@unifan.edu.br<\/strong><\/a>. <\/p>\n\n\n\n<p><a href=\"https:\/\/goo.gl\/forms\/Oyt6lfW9uD69RJf12\" target=\"_blank\" rel=\"noreferrer noopener\">Clique aqui para Participar<\/a><\/p>\n","protected":false},"excerpt":{"rendered":"<p>O NATPSI (N\u00facleo de Apoio Terap\u00eautico e Psicopedag\u00f3gico) \u00e9 refer\u00eancia em apoioterap\u00eautico e psicopedag\u00f3gico no Centro Universit\u00e1rio Alfredo Nasser-UNIFAN, h\u00e1 mais de 16 anos. Institu\u00eddo&hellip;<\/p>\n","protected":false},"author":2,"featured_media":0,"parent":759,"menu_order":3,"comment_status":"closed","ping_status":"closed","template":"template-pagina-pai.php","meta":{"_acf_changed":false,"footnotes":""},"class_list":["post-763","page","type-page","status-publish","hentry"],"acf":[],"_links":{"self":[{"href":"https:\/\/www.unifan.edu.br\/unifan\/aparecida\/wp-json\/wp\/v2\/pages\/763","targetHints":{"allow":["GET"]}}],"collection":[{"href":"https:\/\/www.unifan.edu.br\/unifan\/aparecida\/wp-json\/wp\/v2\/pages"}],"about":[{"href":"https:\/\/www.unifan.edu.br\/unifan\/aparecida\/wp-json\/wp\/v2\/types\/page"}],"author":[{"embeddable":true,"href":"https:\/\/www.unifan.edu.br\/unifan\/aparecida\/wp-json\/wp\/v2\/users\/2"}],"replies":[{"embeddable":true,"href":"https:\/\/www.unifan.edu.br\/unifan\/aparecida\/wp-json\/wp\/v2\/comments?post=763"}],"version-history":[{"count":11,"href":"https:\/\/www.unifan.edu.br\/unifan\/aparecida\/wp-json\/wp\/v2\/pages\/763\/revisions"}],"predecessor-version":[{"id":11548,"href":"https:\/\/www.unifan.edu.br\/unifan\/aparecida\/wp-json\/wp\/v2\/pages\/763\/revisions\/11548"}],"up":[{"embeddable":true,"href":"https:\/\/www.unifan.edu.br\/unifan\/aparecida\/wp-json\/wp\/v2\/pages\/759"}],"wp:attachment":[{"href":"https:\/\/www.unifan.edu.br\/unifan\/aparecida\/wp-json\/wp\/v2\/media?parent=763"}],"curies":[{"name":"wp","href":"https:\/\/api.w.org\/{rel}","templated":true}]}}