{"id":7688,"date":"2023-06-12T10:55:12","date_gmt":"2023-06-12T13:55:12","guid":{"rendered":"https:\/\/www.unifan.edu.br\/unifan\/aparecida\/?page_id=7688"},"modified":"2025-07-01T08:43:25","modified_gmt":"2025-07-01T11:43:25","slug":"cep-modelos-de-documentos","status":"publish","type":"page","link":"https:\/\/www.unifan.edu.br\/unifan\/aparecida\/418-2\/cep\/cep-modelos-de-documentos\/","title":{"rendered":"Modelos de documentos"},"content":{"rendered":"\n<p class=\"has-text-align-left\"><strong>MODELOS<\/strong><\/p>\n\n\n\n<p class=\"has-small-font-size\"><a href=\"https:\/\/www.unifan.edu.br\/unifan\/aparecida\/wp-content\/uploads\/sites\/2\/2021\/12\/1.AUTORIZACAO-E-CORRESPONSABILIDADE.docx\">1. AUTORIZA\u00c7\u00c3O E CORRESPONSABILIDADE<\/a><\/p>\n\n\n\n<p class=\"has-small-font-size\"><a href=\"https:\/\/www.unifan.edu.br\/unifan\/aparecida\/wp-content\/uploads\/sites\/2\/2021\/12\/2.-DECLARACAO-DE-PARECER-FAVORAVEL-DO-A-ORIENTADOR-A.docx\">2. DECLARA\u00c7\u00c3O PARECER FAVOR\u00c1VEL ORIENTADOR<\/a><\/p>\n\n\n\n<p class=\"has-small-font-size\"><a href=\"https:\/\/www.unifan.edu.br\/unifan\/aparecida\/wp-content\/uploads\/sites\/2\/2021\/12\/3.-TERMO-DE-CONFIDENCIALIDADE.docx\">3. TERMO DE CONFIDENCIALIDADE<\/a><\/p>\n\n\n\n<p class=\"has-small-font-size\"><a href=\"https:\/\/www.unifan.edu.br\/unifan\/aparecida\/wp-content\/uploads\/sites\/2\/2021\/12\/4.-TERMO-DE-AUTORIZACAO-PARA-UTILIZACAO-E-MANUSEIO-DE-DADOS.docx\">4. TERMO DE AUTORIZA\u00c7\u00c3O MANUSEIO DE DADOS<\/a><\/p>\n\n\n\n<p class=\"has-small-font-size\"><a href=\"https:\/\/www.unifan.edu.br\/unifan\/aparecida\/wp-content\/uploads\/sites\/2\/2021\/12\/5.-TERMO-DE-CONSENTIMENTO-LIVRE-E-ESCLARECIDO-TCLE.docx\">5. TERMO DE CONSENTIMENTO LIVRE ESCLARECIDO<\/a><\/p>\n\n\n\n<p class=\"has-small-font-size\"><a href=\"https:\/\/www.unifan.edu.br\/unifan\/aparecida\/wp-content\/uploads\/sites\/2\/2021\/12\/5.1.-TERMO-DE-DISPENSA-DE-TCLE.docx\">5.1 TERMO DISPENSA DO TCLE<\/a><\/p>\n\n\n\n<p class=\"has-small-font-size\"><a href=\"https:\/\/www.unifan.edu.br\/unifan\/aparecida\/wp-content\/uploads\/sites\/2\/2021\/12\/6.-TERMO-DE-ASSENTIMENTO-DO-MENOR.docx\">6. TERMO DE ASSENTIMENTO DO  MENOR<\/a><\/p>\n\n\n\n<p class=\"has-small-font-size\"><a href=\"https:\/\/www.unifan.edu.br\/unifan\/aparecida\/wp-content\/uploads\/sites\/2\/2021\/12\/7.-SOLICITACAO-DE-RETIRADA-DE-PROJETO.docx\">7. SOLICITA\u00c7\u00c3O DE RETIRADA DO PROJETO<\/a><\/p>\n\n\n\n<p class=\"has-small-font-size\"><a href=\"https:\/\/www.unifan.edu.br\/unifan\/aparecida\/wp-content\/uploads\/sites\/2\/2025\/07\/Modelo-de-projeto-CEP-UNIFAN.docx\">8. MODELO DE PROJETO<\/a><\/p>\n\n\n\n<p class=\"has-small-font-size\"><a href=\"https:\/\/www.unifan.edu.br\/unifan\/aparecida\/wp-content\/uploads\/sites\/2\/2025\/07\/CARTA-DE-RESPOSTA-A-PENDENCIAS_uso-do-pesquisador-Oficial-2025.docx\">9. CARTA DE PEND\u00caNCIAS<\/a><\/p>\n","protected":false},"excerpt":{"rendered":"<p>MODELOS 1. AUTORIZA\u00c7\u00c3O E CORRESPONSABILIDADE 2. DECLARA\u00c7\u00c3O PARECER FAVOR\u00c1VEL ORIENTADOR 3. TERMO DE CONFIDENCIALIDADE 4. TERMO DE AUTORIZA\u00c7\u00c3O MANUSEIO DE DADOS 5. TERMO DE CONSENTIMENTO&hellip;<\/p>\n","protected":false},"author":9,"featured_media":0,"parent":428,"menu_order":11,"comment_status":"closed","ping_status":"closed","template":"","meta":{"_acf_changed":false,"footnotes":""},"class_list":["post-7688","page","type-page","status-publish","hentry"],"acf":[],"_links":{"self":[{"href":"https:\/\/www.unifan.edu.br\/unifan\/aparecida\/wp-json\/wp\/v2\/pages\/7688","targetHints":{"allow":["GET"]}}],"collection":[{"href":"https:\/\/www.unifan.edu.br\/unifan\/aparecida\/wp-json\/wp\/v2\/pages"}],"about":[{"href":"https:\/\/www.unifan.edu.br\/unifan\/aparecida\/wp-json\/wp\/v2\/types\/page"}],"author":[{"embeddable":true,"href":"https:\/\/www.unifan.edu.br\/unifan\/aparecida\/wp-json\/wp\/v2\/users\/9"}],"replies":[{"embeddable":true,"href":"https:\/\/www.unifan.edu.br\/unifan\/aparecida\/wp-json\/wp\/v2\/comments?post=7688"}],"version-history":[{"count":6,"href":"https:\/\/www.unifan.edu.br\/unifan\/aparecida\/wp-json\/wp\/v2\/pages\/7688\/revisions"}],"predecessor-version":[{"id":11431,"href":"https:\/\/www.unifan.edu.br\/unifan\/aparecida\/wp-json\/wp\/v2\/pages\/7688\/revisions\/11431"}],"up":[{"embeddable":true,"href":"https:\/\/www.unifan.edu.br\/unifan\/aparecida\/wp-json\/wp\/v2\/pages\/428"}],"wp:attachment":[{"href":"https:\/\/www.unifan.edu.br\/unifan\/aparecida\/wp-json\/wp\/v2\/media?parent=7688"}],"curies":[{"name":"wp","href":"https:\/\/api.w.org\/{rel}","templated":true}]}}