{"id":9342,"date":"2024-08-02T18:10:53","date_gmt":"2024-08-02T21:10:53","guid":{"rendered":"https:\/\/www.unifan.edu.br\/unifan\/aparecida\/?page_id=9342"},"modified":"2025-08-13T16:29:20","modified_gmt":"2025-08-13T19:29:20","slug":"relatorios","status":"publish","type":"page","link":"https:\/\/www.unifan.edu.br\/unifan\/aparecida\/institucional\/cpa\/relatorios\/","title":{"rendered":"CPA em a\u00e7\u00e3o"},"content":{"rendered":"\n<p><strong>DOCUMENTOS<\/strong><\/p>\n\n\n\n<p><a href=\"https:\/\/docs.google.com\/document\/d\/1wW4N5EwJGFRWYxQpg_IxNA538VSlDNU5\/edit?usp=drive_link&amp;ouid=104797077388375824040&amp;rtpof=true&amp;sd=true\">Projeto CPA Ciclo 2022-2025 <\/a><\/p>\n\n\n\n<p><a href=\"https:\/\/drive.google.com\/file\/d\/1heRENWqXXOO2xM4lnaTFxyyc89I1Nt83\/view?usp=drive_link\"> Regulamento da Comiss\u00e3o Pr\u00f3pria de Avalia\u00e7\u00e3o &#8211; CPA<\/a><\/p>\n\n\n\n<p><a href=\"https:\/\/drive.google.com\/file\/d\/10FZJVb3OcykwLbPw1JTHimGzJ1u_hal2\/view?usp=sharing\" data-type=\"link\" data-id=\"https:\/\/drive.google.com\/file\/d\/1Ivr6LE3CJ_1RAUOXsh-RZfZIUuGxyGpI\/view?usp=drive_link\">Portaria de Designa\u00e7\u00e3o da CPA &#8211; 2025-2027<\/a><\/p>\n\n\n\n<p><a href=\"https:\/\/drive.google.com\/drive\/folders\/1AS-rzmqdwnTqkxr6bg2_Gy5kSzBH1F6g?usp=drive_link\" data-type=\"link\" data-id=\"https:\/\/drive.google.com\/drive\/folders\/1AS-rzmqdwnTqkxr6bg2_Gy5kSzBH1F6g?usp=drive_link\">Atas de reuni\u00f5es 2022-2024<\/a><\/p>\n\n\n\n<p><strong>EVENTOS<\/strong><\/p>\n\n\n\n<p><a href=\"https:\/\/docs.google.com\/document\/d\/1a7fOUlFKAgW2z1Z1u-aeeIZVbT78MsPX\/edit?usp=sharing&amp;ouid=104797077388375824040&amp;rtpof=true&amp;sd=true\" data-type=\"link\" data-id=\"https:\/\/docs.google.com\/document\/d\/1a7fOUlFKAgW2z1Z1u-aeeIZVbT78MsPX\/edit?usp=sharing&amp;ouid=104797077388375824040&amp;rtpof=true&amp;sd=true\">Semin\u00e1rio Interdisciplinar de Avalia\u00e7\u00e3o da Educa\u00e7\u00e3o Superior &#8211; SIAES 2024<\/a><\/p>\n\n\n\n<p><a href=\"https:\/\/drive.google.com\/file\/d\/1RjYMURdCKTwEOH8Z6cI4pbNWrVTBjsne\/view?usp=sharing\" data-type=\"link\" data-id=\"https:\/\/drive.google.com\/file\/d\/1RjYMURdCKTwEOH8Z6cI4pbNWrVTBjsne\/view?usp=sharing\">Semin\u00e1rio Interdisciplinar de Avalia\u00e7\u00e3o da Educa\u00e7\u00e3o Superior &#8211; SIAES 2023<\/a><\/p>\n\n\n\n<p><strong>RELAT\u00d3RIOS<\/strong><\/p>\n\n\n\n<p><a href=\"https:\/\/drive.google.com\/file\/d\/1udfcf1D1v2J6FtS0Tf8CeC93EYe2GS5S\/view?usp=drive_link\" data-type=\"link\" data-id=\"https:\/\/drive.google.com\/file\/d\/1udfcf1D1v2J6FtS0Tf8CeC93EYe2GS5S\/view?usp=drive_link\">Relat\u00f3rio Parcial de Autoavalia\u00e7\u00e3o Institucional &#8211; 2024<\/a><\/p>\n\n\n\n<p><a href=\"https:\/\/drive.google.com\/file\/d\/1WE1jv5uPGCdCWkI3VMpOFjU399XIs2lh\/view?usp=drive_link\" data-type=\"link\" data-id=\"https:\/\/drive.google.com\/file\/d\/1WE1jv5uPGCdCWkI3VMpOFjU399XIs2lh\/view?usp=drive_link\">Relat\u00f3rio Parcial de Autoavalia\u00e7\u00e3o Institucional &#8211; 2023<\/a><\/p>\n\n\n\n<p><a href=\"https:\/\/drive.google.com\/file\/d\/167qdE-hnnqCJtJdreanpFDqYRlO-UWAb\/view?usp=sharing\" data-type=\"link\" data-id=\"https:\/\/drive.google.com\/file\/d\/167qdE-hnnqCJtJdreanpFDqYRlO-UWAb\/view?usp=sharing\">Relat\u00f3rio Final de Autoavalia\u00e7\u00e3o Institucional &#8211; 2022 (Ciclo 2019-2021)<\/a><\/p>\n\n\n\n<p><a href=\"https:\/\/drive.google.com\/file\/d\/1zJrBEt76vbEBlRr2c3IOJc03IVClNadi\/view?usp=sharing\" data-type=\"link\" data-id=\"https:\/\/drive.google.com\/file\/d\/1zJrBEt76vbEBlRr2c3IOJc03IVClNadi\/view?usp=sharing\">Relat\u00f3rio Parcial de Autoavalia\u00e7\u00e3o Institucional &#8211; 2021<\/a><\/p>\n\n\n\n<p><a href=\"https:\/\/drive.google.com\/file\/d\/1lOczNAPrl-RFnaegtlX1kz5fq_ywR-M7\/view?usp=sharing\" data-type=\"link\" data-id=\"https:\/\/drive.google.com\/file\/d\/1lOczNAPrl-RFnaegtlX1kz5fq_ywR-M7\/view?usp=sharing\">Relat\u00f3rio Parcial de Autoavalia\u00e7\u00e3o Institucional &#8211; 2020<\/a><\/p>\n\n\n\n<p><a href=\"https:\/\/drive.google.com\/file\/d\/1VnJuRlF8-gzv0_-SFlpFslP_OKMyUCdb\/view?usp=sharing\" data-type=\"link\" data-id=\"https:\/\/drive.google.com\/file\/d\/1VnJuRlF8-gzv0_-SFlpFslP_OKMyUCdb\/view?usp=sharing\">Relat\u00f3rio Parcial de Autoavalia\u00e7\u00e3o Institucional &#8211; 2019<\/a><\/p>\n\n\n\n<p><a href=\"https:\/\/drive.google.com\/file\/d\/1X_9cejO3F5IP0MTMYlN4f04fs9zBwqo0\/view?usp=sharing\" data-type=\"link\" data-id=\"https:\/\/drive.google.com\/file\/d\/1X_9cejO3F5IP0MTMYlN4f04fs9zBwqo0\/view?usp=sharing\">Relat\u00f3rio de avalia\u00e7\u00e3o do Congresso Pesquisar &#8211; 2023<\/a><\/p>\n\n\n\n<p><a href=\"https:\/\/lookerstudio.google.com\/reporting\/9f777914-c4f1-4de2-b745-00207ff0ce3c\" data-type=\"link\" data-id=\"https:\/\/lookerstudio.google.com\/reporting\/9f777914-c4f1-4de2-b745-00207ff0ce3c\">Relat\u00f3rio de avalia\u00e7\u00e3o do MOCCA 2024 (evento extensionista)<\/a><\/p>\n\n\n\n<p><a href=\"https:\/\/lookerstudio.google.com\/reporting\/ec1b4c26-b5ef-42ff-83e9-85aa31b08f0b\" data-type=\"link\" data-id=\"https:\/\/lookerstudio.google.com\/reporting\/ec1b4c26-b5ef-42ff-83e9-85aa31b08f0b\">Relat\u00f3rio de enquete com professores sobre conhecimentos de l\u00edngua estrangeira &#8211; 2023<\/a><\/p>\n\n\n\n<p><a href=\"https:\/\/drive.google.com\/file\/d\/1H-xg73B4Fx8TVjThP08jZYRrL6Reiscc\/view?usp=sharing\" data-type=\"link\" data-id=\"https:\/\/drive.google.com\/file\/d\/1H-xg73B4Fx8TVjThP08jZYRrL6Reiscc\/view?usp=sharing\">Relat\u00f3rio da avalia\u00e7\u00e3o CPA | RH com T\u00e9cnico-administrativos &#8211; 2024<\/a><\/p>\n\n\n\n<p><a href=\"https:\/\/drive.google.com\/file\/d\/1QkcugqwZmHKuHxoo35ZJGTScvHh0KDeC\/view?usp=sharing\">Relat\u00f3rio Integral de Autoavalia\u00e7\u00e3o Institucional &#8211; 2025<\/a><\/p>\n\n\n\n<p><strong>ACOMPANHAMENTO DE EGRESSOS<\/strong><\/p>\n\n\n\n<p><a href=\"https:\/\/drive.google.com\/file\/d\/10dEzkadVXG2AP4WK2yXVLnSxTfBOCa7F\/view?usp=drive_link\" data-type=\"link\" data-id=\"https:\/\/drive.google.com\/file\/d\/10dEzkadVXG2AP4WK2yXVLnSxTfBOCa7F\/view?usp=drive_link\">Relat\u00f3rio de pesquisa com egressos 2020 | 2021<\/a><\/p>\n\n\n\n<p><a href=\"https:\/\/docs.google.com\/document\/d\/1duxNmvlCz3hw7I6oL_HgrO-hCQXhqaVC\/edit?usp=sharing&amp;ouid=104797077388375824040&amp;rtpof=true&amp;sd=true\" data-type=\"link\" data-id=\"https:\/\/docs.google.com\/document\/d\/1duxNmvlCz3hw7I6oL_HgrO-hCQXhqaVC\/edit?usp=sharing&amp;ouid=104797077388375824040&amp;rtpof=true&amp;sd=true\">Resultados do question\u00e1rio para egressos | 2024<\/a><\/p>\n\n\n\n<p><strong>EVID\u00caNCIAS DE IMPACTO NA GEST\u00c3O<\/strong><\/p>\n\n\n\n<p><a href=\"https:\/\/drive.google.com\/drive\/folders\/1Ov5t3kyZ1nOPuJ3UviI__85vGkNLJXaw?usp=sharing\" data-type=\"link\" data-id=\"https:\/\/drive.google.com\/drive\/folders\/1Ov5t3kyZ1nOPuJ3UviI__85vGkNLJXaw?usp=sharing\">Atas que evidenciam a apropria\u00e7\u00e3o dos resultados pela comunidade acad\u00eamica<\/a><\/p>\n\n\n\n<p><a href=\"https:\/\/drive.google.com\/file\/d\/12DmgwnyfR0hSTePyn6lAQK4L-LVsj5hw\/view?usp=sharing\" data-type=\"link\" data-id=\"https:\/\/drive.google.com\/file\/d\/12DmgwnyfR0hSTePyn6lAQK4L-LVsj5hw\/view?usp=sharing\">Relat\u00f3rio de evid\u00eancias de impacto das avalia\u00e7\u00f5es | 2024<\/a><\/p>\n\n\n\n<p><a href=\"https:\/\/drive.google.com\/file\/d\/1j03BNWHf63UmxyjqGf1zXusChckSYKxK\/view?usp=drive_link\" data-type=\"link\" data-id=\"https:\/\/drive.google.com\/file\/d\/1j03BNWHf63UmxyjqGf1zXusChckSYKxK\/view?usp=drive_link\">S\u00edntese de melhorias &#8211; avalia\u00e7\u00f5es internas e externas 2022<\/a><\/p>\n\n\n\n<p><strong>RELATO INSTITUCIONAL<\/strong><\/p>\n\n\n\n<p><a href=\"https:\/\/drive.google.com\/file\/d\/1vExPfgmG6LRiz0BajMKMwW9NUNnB3F-v\/view?usp=drive_link\" data-type=\"link\" data-id=\"https:\/\/drive.google.com\/file\/d\/1vExPfgmG6LRiz0BajMKMwW9NUNnB3F-v\/view?usp=drive_link\">Relato Institucional 2023 | 2024<\/a><\/p>\n\n\n\n<p><strong>CPA explica<\/strong><\/p>\n\n\n\n<p><a href=\"https:\/\/drive.google.com\/file\/d\/1h-FxDUY8N6wwweGNGg09zhAiKGMwd9Ke\/view?usp=sharing\" data-type=\"link\" data-id=\"https:\/\/drive.google.com\/file\/d\/1h-FxDUY8N6wwweGNGg09zhAiKGMwd9Ke\/view?usp=sharing\">V\u00eddeo: o que \u00e9 a CPA<\/a><\/p>\n\n\n\n<p><a href=\"https:\/\/drive.google.com\/file\/d\/1h5QcVJOB3chLzb4HnNQyGfycaJVDK_eZ\/view?usp=sharing\" data-type=\"link\" data-id=\"https:\/\/drive.google.com\/file\/d\/1h5QcVJOB3chLzb4HnNQyGfycaJVDK_eZ\/view?usp=sharing\">V\u00eddeo: para egressos<\/a><\/p>\n\n\n\n<p><a href=\"https:\/\/drive.google.com\/file\/d\/0B8TArBsVSvdvOTF4Wk4wZFVReVFjU2JkWTllYkd3VFczRnlr\/view?usp=sharing&amp;resourcekey=0-oc-v65X4NUOaV7VAJNGgVg\" data-type=\"link\" data-id=\"https:\/\/drive.google.com\/file\/d\/0B8TArBsVSvdvOTF4Wk4wZFVReVFjU2JkWTllYkd3VFczRnlr\/view?usp=sharing&amp;resourcekey=0-oc-v65X4NUOaV7VAJNGgVg\">V\u00eddeo: divulga\u00e7\u00e3o da CPA<\/a><\/p>\n\n\n\n<p><a href=\"https:\/\/drive.google.com\/file\/d\/1QAX65rYSKAL0zZkBRKUGXASFQ42n9AUW\/view?usp=sharing\" data-type=\"link\" data-id=\"https:\/\/drive.google.com\/file\/d\/1QAX65rYSKAL0zZkBRKUGXASFQ42n9AUW\/view?usp=sharing\">Banner: como se calcula o conceito ENADE<\/a><\/p>\n\n\n\n<p><a href=\"https:\/\/drive.google.com\/file\/d\/1ALViYd-i3hsdiWa0yCnvwNW0uHH3oeeg\/view?usp=drive_link\" data-type=\"link\" data-id=\"https:\/\/drive.google.com\/file\/d\/1ALViYd-i3hsdiWa0yCnvwNW0uHH3oeeg\/view?usp=drive_link\">Banner: como se calcula o CPC<\/a><\/p>\n","protected":false},"excerpt":{"rendered":"<p>DOCUMENTOS Projeto CPA Ciclo 2022-2025 Regulamento da Comiss\u00e3o Pr\u00f3pria de Avalia\u00e7\u00e3o &#8211; CPA Portaria de Designa\u00e7\u00e3o da CPA &#8211; 2025-2027 Atas de reuni\u00f5es 2022-2024 EVENTOS&hellip;<\/p>\n","protected":false},"author":12,"featured_media":0,"parent":755,"menu_order":5,"comment_status":"closed","ping_status":"closed","template":"template-pagina-pai.php","meta":{"_acf_changed":false,"footnotes":""},"class_list":["post-9342","page","type-page","status-publish","hentry"],"acf":[],"_links":{"self":[{"href":"https:\/\/www.unifan.edu.br\/unifan\/aparecida\/wp-json\/wp\/v2\/pages\/9342","targetHints":{"allow":["GET"]}}],"collection":[{"href":"https:\/\/www.unifan.edu.br\/unifan\/aparecida\/wp-json\/wp\/v2\/pages"}],"about":[{"href":"https:\/\/www.unifan.edu.br\/unifan\/aparecida\/wp-json\/wp\/v2\/types\/page"}],"author":[{"embeddable":true,"href":"https:\/\/www.unifan.edu.br\/unifan\/aparecida\/wp-json\/wp\/v2\/users\/12"}],"replies":[{"embeddable":true,"href":"https:\/\/www.unifan.edu.br\/unifan\/aparecida\/wp-json\/wp\/v2\/comments?post=9342"}],"version-history":[{"count":18,"href":"https:\/\/www.unifan.edu.br\/unifan\/aparecida\/wp-json\/wp\/v2\/pages\/9342\/revisions"}],"predecessor-version":[{"id":11540,"href":"https:\/\/www.unifan.edu.br\/unifan\/aparecida\/wp-json\/wp\/v2\/pages\/9342\/revisions\/11540"}],"up":[{"embeddable":true,"href":"https:\/\/www.unifan.edu.br\/unifan\/aparecida\/wp-json\/wp\/v2\/pages\/755"}],"wp:attachment":[{"href":"https:\/\/www.unifan.edu.br\/unifan\/aparecida\/wp-json\/wp\/v2\/media?parent=9342"}],"curies":[{"name":"wp","href":"https:\/\/api.w.org\/{rel}","templated":true}]}}