{"id":9351,"date":"2024-08-02T18:32:44","date_gmt":"2024-08-02T21:32:44","guid":{"rendered":"https:\/\/www.unifan.edu.br\/unifan\/aparecida\/?page_id=9351"},"modified":"2025-08-22T11:32:27","modified_gmt":"2025-08-22T14:32:27","slug":"apresentacao","status":"publish","type":"page","link":"https:\/\/www.unifan.edu.br\/unifan\/aparecida\/institucional\/cpa\/apresentacao\/","title":{"rendered":"Apresenta\u00e7\u00e3o"},"content":{"rendered":"\n<h2 class=\"wp-block-heading\">Atua\u00e7\u00e3o da Comiss\u00e3o Pr\u00f3pria de Avalia\u00e7\u00e3o &#8211; CPA<\/h2>\n\n\n\n<p>A Comiss\u00e3o Pr\u00f3pria de Avalia\u00e7\u00e3o (CPA) da Associa\u00e7\u00e3o Aparecidense de Educa\u00e7\u00e3o (AAE) possui uma atua\u00e7\u00e3o ativa com diversas iniciativas de avalia\u00e7\u00e3o institucional e divulga\u00e7\u00e3o de resultados.<\/p>\n\n\n\n<p>Al\u00e9m dos tradicionais relat\u00f3rios de autoavalia\u00e7\u00e3o, a comiss\u00e3o conduz pesquisas com todos os setores da comunidade acad\u00eamica e com egressos sobre a atua\u00e7\u00e3o do Centro Universit\u00e1rio Alfredo Nasser e sua relev\u00e2ncia social. A comiss\u00e3o conduz ainda enquetes sobre quest\u00f5es espec\u00edficas para contribuir com a gest\u00e3o institucional. Por exemplo, os eventos de pesquisa (Pesquisar) e a\u00e7\u00e3o social e extens\u00e3o (MOCCA) s\u00e3o sempre avaliados com a participa\u00e7\u00e3o de estudantes, professores e membros da comunidade externa. Outro exemplo foi uma enquete conduzida com professores sobre seus conhecimentos de uma segunda l\u00edngua, iniciativa que visou prover dados \u00e0 gest\u00e3o institucional para considera\u00e7\u00f5es de quest\u00f5es de internacionaliza\u00e7\u00e3o. <\/p>\n\n\n\n<p>A CPA realiza todos os anos o Semin\u00e1rio Interdisciplinar de Avalia\u00e7\u00e3o da Educa\u00e7\u00e3o Superior &#8211; SIAES, o principal evento de divulga\u00e7\u00e3o e discuss\u00e3o com a comunidade dos resultados das avalia\u00e7\u00f5es da CPA. Al\u00e9m disso, a divulga\u00e7\u00e3o das a\u00e7\u00f5es da CPA \u00e9 feita nos murais dispon\u00edveis em diferentes pontos da Institui\u00e7\u00e3o. <\/p>\n\n\n\n<p>Acesse os documentos e relat\u00f3rios a partir do menu da CPA.<\/p>\n\n\n\n<p class=\"has-text-align-left\"><strong>Composi\u00e7\u00e3o da Comiss\u00e3o Pr\u00f3pria de Avalia\u00e7\u00e3o &#8211; CPA <\/strong><\/p>\n\n\n\n<p>Ato da designa\u00e7\u00e3o:\u00a0<a href=\"https:\/\/drive.google.com\/file\/d\/10FZJVb3OcykwLbPw1JTHimGzJ1u_hal2\/view?usp=sharing\">Portaria n\u00ba\u00a028B CS, de 01 de agosto de 2025<\/a>.<\/p>\n\n\n\n<p>I. Newton Paulo Monteiro (coordenador; representante do corpo docente);<br>II. Elias Rafael de Sousa (coordenador adjunto; representante do corpo docente);<br>III. Carlos Andrade Faria Filho (representante do corpo docente);<br>IV. Jakeline Soares Fortes (representante do corpo docente);<br>V. Simone Angelita de Santana (representante dos t\u00e9cnicos administrativos);<br>VI. Roberto Junior Rezende (representante dos t\u00e9cnicos administrativos);<br>VII. Augusto C\u00e9sar Rodrigues Costa (representante dos discentes);<br>VIII. Carolina F\u00e1tima Gioia Nava (representante dos discentes);<br>IX. Rodrigo Rodrigu\u00eas Ribeiro Dutra (representante dos discentes);<br>X. Gabriela Andr\u00e9 da Silva (representante dos discentes); e,<br>XI. Cristiane dos Santos Fortino (representante da comunidade externa).<\/p>\n\n\n\n<p>Contato: <a href=\"mailto:cpa@unifan.edu.br\">cpa@unifan.edu.br<\/a><\/p>\n\n\n\n<p><strong>INSTRUMENTOS DE COLETA DE DADOS<\/strong><\/p>\n\n\n\n<p>A CPA utiliza diversos instrumentos ao longo do seu ciclo avaliativo para coletar dados relativos \u00e0 Institui\u00e7\u00e3o. <\/p>\n\n\n\n<p>Acesse: <a href=\"https:\/\/drive.google.com\/drive\/folders\/1NG6NQjPRfqt0gm89b_QDAjQyHTu-RcKe?usp=drive_link\" data-type=\"link\" data-id=\"https:\/\/drive.google.com\/drive\/folders\/1NG6NQjPRfqt0gm89b_QDAjQyHTu-RcKe?usp=drive_link\">Modelos de instrumentos utilizados pela CPA | AAE<\/a><\/p>\n","protected":false},"excerpt":{"rendered":"<p>Atua\u00e7\u00e3o da Comiss\u00e3o Pr\u00f3pria de Avalia\u00e7\u00e3o &#8211; CPA A Comiss\u00e3o Pr\u00f3pria de Avalia\u00e7\u00e3o (CPA) da Associa\u00e7\u00e3o Aparecidense de Educa\u00e7\u00e3o (AAE) possui uma atua\u00e7\u00e3o ativa com&hellip;<\/p>\n","protected":false},"author":12,"featured_media":0,"parent":755,"menu_order":0,"comment_status":"closed","ping_status":"closed","template":"template-pagina-pai.php","meta":{"_acf_changed":false,"footnotes":""},"class_list":["post-9351","page","type-page","status-publish","hentry"],"acf":[],"_links":{"self":[{"href":"https:\/\/www.unifan.edu.br\/unifan\/aparecida\/wp-json\/wp\/v2\/pages\/9351","targetHints":{"allow":["GET"]}}],"collection":[{"href":"https:\/\/www.unifan.edu.br\/unifan\/aparecida\/wp-json\/wp\/v2\/pages"}],"about":[{"href":"https:\/\/www.unifan.edu.br\/unifan\/aparecida\/wp-json\/wp\/v2\/types\/page"}],"author":[{"embeddable":true,"href":"https:\/\/www.unifan.edu.br\/unifan\/aparecida\/wp-json\/wp\/v2\/users\/12"}],"replies":[{"embeddable":true,"href":"https:\/\/www.unifan.edu.br\/unifan\/aparecida\/wp-json\/wp\/v2\/comments?post=9351"}],"version-history":[{"count":10,"href":"https:\/\/www.unifan.edu.br\/unifan\/aparecida\/wp-json\/wp\/v2\/pages\/9351\/revisions"}],"predecessor-version":[{"id":11595,"href":"https:\/\/www.unifan.edu.br\/unifan\/aparecida\/wp-json\/wp\/v2\/pages\/9351\/revisions\/11595"}],"up":[{"embeddable":true,"href":"https:\/\/www.unifan.edu.br\/unifan\/aparecida\/wp-json\/wp\/v2\/pages\/755"}],"wp:attachment":[{"href":"https:\/\/www.unifan.edu.br\/unifan\/aparecida\/wp-json\/wp\/v2\/media?parent=9351"}],"curies":[{"name":"wp","href":"https:\/\/api.w.org\/{rel}","templated":true}]}}