{"id":9358,"date":"2024-08-02T19:48:56","date_gmt":"2024-08-02T22:48:56","guid":{"rendered":"https:\/\/www.unifan.edu.br\/unifan\/aparecida\/?page_id=9358"},"modified":"2025-05-27T18:30:58","modified_gmt":"2025-05-27T21:30:58","slug":"aide-avaliacao-interdisciplinar-de-desempenho-do-estudante","status":"publish","type":"page","link":"https:\/\/www.unifan.edu.br\/unifan\/aparecida\/institucional\/cpa\/aide-avaliacao-interdisciplinar-de-desempenho-do-estudante\/","title":{"rendered":"AIDE"},"content":{"rendered":"\n<p><strong>O que \u00e9 a AIDE<\/strong><\/p>\n\n\n\n<p>A Avalia\u00e7\u00e3o Interdisciplinar de Desempenho do Estudante (AIDE) \u00e9 uma avalia\u00e7\u00e3o online aplicada no final de todos os semestres (componente da P2) para graduandos de todos os cursos tradicionais (exceto Medicina).<\/p>\n\n\n\n<p>A AIDE \u00e9 composta de dez quest\u00f5es de Forma\u00e7\u00e3o Geral e constitui 10% da composi\u00e7\u00e3o da m\u00e9dia da P2. As quest\u00f5es s\u00e3o elaboradas com base nas portarias do MEC \/ INEP para o ENADE. O projeto iniciado em 2004 busca familiarizar os estudantes com o formato de quest\u00f5es do exame nacional. Em 2018, ap\u00f3s discuss\u00e3o com a \u00e1rea acad\u00eamica, o projeto passou por revis\u00e3o e melhorias, resultando no formato de avalia\u00e7\u00e3o praticado atualmente. A AIDE \u00e9 gerida pela Comiss\u00e3o Pr\u00f3pria de Avalia\u00e7\u00e3o (CPA).<\/p>\n\n\n\n<p><strong>Como a AIDE \u00e9 elaborada<\/strong><\/p>\n\n\n\n<p>Uma equipe an\u00f4nima se encarrega de elaborar as quest\u00f5es a partir de especifica\u00e7\u00f5es definidas pela CPA. Cada quest\u00e3o passa por uma revis\u00e3o e por reelabora\u00e7\u00f5es se necess\u00e1rio. As quest\u00f5es s\u00e3o, ent\u00e3o, aprovadas ou rejeitadas para publica\u00e7\u00e3o na plataforma AIDE. Alguns dias antes do in\u00edcio da prova, a AIDE \u00e9 configurada na plataforma para que possa ficar dispon\u00edvel para os estudantes no per\u00edodo oficial para respond\u00ea-la, conforme calend\u00e1rio acad\u00eamico. Depois que a AIDE \u00e9 finalizada, as notas s\u00e3o publicadas pela CPA no sistema do aluno. A Equipe AIDE, gerida pela CPA, \u00e9 a respons\u00e1vel pela constru\u00e7\u00e3o e realiza\u00e7\u00e3o da AIDE e conta com a colabora\u00e7\u00e3o do Departamento de Desenvolvimento e da Secretaria Acad\u00eamica. <\/p>\n\n\n\n<p><strong>Como voc\u00ea pode responder \u00e0 AIDE<\/strong><\/p>\n\n\n\n<p>Os estudantes acessam \u00e0 AIDE na plataforma AIDE por meio do Sistema Acad\u00eamico., utilizando seu login e senha. O link para a prova fica dispon\u00edvel durante o per\u00edodo de resposta. As quest\u00f5es s\u00e3o randomizadas de tal modo que cada estudante recebe uma prova composta por quest\u00f5es diferentes. O tempo total de realiza\u00e7\u00e3o da AIDE \u00e9 de duas horas. O estudante, por\u00e9m, pode realizar a avalia\u00e7\u00e3o ao longo de um per\u00edodo de aproximadamente  dez a quinze dias a partir da abertura da prova. \u00c9 poss\u00edvel entrar na plataforma da AIDE at\u00e9 tr\u00eas vezes para responder quest\u00f5es remanescentes &#8211; um recurso que objetiva reduzir problemas decorrentes de queda de energia, conex\u00e3o com a internet, acesso ao Sistema ou outros fatores de car\u00e1ter t\u00e9cnico. Assim que uma quest\u00e3o \u00e9 respondida, passa-se para a pr\u00f3xima e n\u00e3o \u00e9 mais poss\u00edvel retornar. Uma vez que o estudante tenha finalizado a prova com as respostas \u00e0s dez quest\u00f5es, o acesso n\u00e3o \u00e9 mais poss\u00edvel. A cada edi\u00e7\u00e3o, o estudante tem acesso a novas quest\u00f5es.<\/p>\n\n\n\n<p><strong>Seguran\u00e7a e recursos<\/strong><\/p>\n\n\n\n<p>A AIDE conta com um sistema <em>anti-bot <\/em>para preven\u00e7\u00e3o de tentativas de fraude. Al\u00e9m disso, a Equipe AIDE e o Departamento de Desenvolvimento permanecem atentos em todo o per\u00edodo de resposta \u00e0 prova para solucionar eventuais dificuldades de acesso, d\u00favidas e problemas com quest\u00f5es. Um e-mail exclusivo para a AIDE \u00e9 disponibilizado aos estudantes para o per\u00edodo de respostas e pode ser obtido na p\u00e1gina inicial da prova ou pelas coordena\u00e7\u00f5es de curso e CPA. As perguntas e solicita\u00e7\u00f5es devem ser enviadas at\u00e9 \u00e0s 23:59 do \u00faltimo dia oficial da prova (a data fica dispon\u00edvel na plataforma da AIDE). Ap\u00f3s esse prazo, n\u00e3o s\u00e3o aceitos recursos relacionado a provas encerradas.<\/p>\n\n\n\n<p><strong>Resultados da avalia\u00e7\u00e3o<\/strong><\/p>\n\n\n\n<p>O resultado do aproveitamento do estudante \u00e9 divulgado na plataforma da AIDE juntamente com o hist\u00f3rico de provas j\u00e1 respondidas. Depois que o estudante finaliza sua prova, o resultado ficar\u00e1 <em>em processamento<\/em> at\u00e9 a data em que a plataforma AIDE for fechada, visto que durante este per\u00edodo outros estudantes estar\u00e3o respondendo \u00e0 prova. A nota tamb\u00e9m \u00e9 publicada pela CPA no Sistema Acad\u00eamico juntamente com as notas semestrais P1 e P2 <em>alguns dias ap\u00f3s o encerramento do per\u00edodo de respostas<\/em>.<\/p>\n\n\n\n<p>Os resultados da AIDE tamb\u00e9m comp\u00f5em relat\u00f3rios da CPA que demonstram o desempenho dos cursos de gradua\u00e7\u00e3o, com total sigilo das notas individuais. <\/p>\n\n\n\n<p><strong>Como se preparar para a AIDE?<\/strong><\/p>\n\n\n\n<p>Os temas da AIDE, por espelhar os conte\u00fados do componente de Forma\u00e7\u00e3o Geral do ENADE, fazem parte do conte\u00fado de todos os cursos e disciplinas. Eles devem ser contemplados nas atividades de extens\u00e3o e em discuss\u00f5es nas aulas sobre quest\u00f5es sociais, culturais e outras que afetam a sociedade. Esta reflex\u00e3o ser\u00e1 mais produtiva quando puder ser desenvolvida a partir da perspectiva do curso, o que exige que os professores e estudantes estabele\u00e7am rela\u00e7\u00f5es entre tais temas e os componentes curriculares. No entanto, mesmo quando esta rela\u00e7\u00e3o n\u00e3o puder ser estabelecida de maneira direta, a reflex\u00e3o e a discuss\u00e3o ser\u00e3o proveitosas e contribuir\u00e3o para uma forma\u00e7\u00e3o acad\u00eamica e profissional mais abrangente. <\/p>\n\n\n\n<p>Para se preparar para a AIDE, procure analisar como os temas de seu curso se articulam com os problemas da sociedade brasileira e mundial e considere o papel do estudante universit\u00e1rio e dos profissionais de sua \u00e1rea na resolu\u00e7\u00e3o de tais problemas. Nesse sentido, \u00e9 tamb\u00e9m importante estar atento a quest\u00f5es e acontecimentos contempor\u00e2neos tanto no \u00e2mbito da profiss\u00e3o quanto da sociedade em geral. Os temas que comp\u00f5em a AIDE s\u00e3o:<\/p>\n\n\n\n<p>1.&nbsp;&nbsp;&nbsp;&nbsp;&nbsp;&nbsp;&nbsp;&nbsp;&nbsp;&nbsp; Ci\u00eancia, tecnologia e sociedade;<\/p>\n\n\n\n<p>2.&nbsp;&nbsp;&nbsp;&nbsp;&nbsp;&nbsp;&nbsp;&nbsp;&nbsp;&nbsp; Cultura e arte;<\/p>\n\n\n\n<p>3.&nbsp;&nbsp;&nbsp;&nbsp;&nbsp;&nbsp;&nbsp;&nbsp;&nbsp;&nbsp; Ecologia;<\/p>\n\n\n\n<p>4.&nbsp;&nbsp;&nbsp;&nbsp;&nbsp;&nbsp;&nbsp;&nbsp;&nbsp;&nbsp; Educa\u00e7\u00e3o e ci\u00eancia;<\/p>\n\n\n\n<p>5.&nbsp;&nbsp;&nbsp;&nbsp;&nbsp;&nbsp;&nbsp;&nbsp;&nbsp;&nbsp; Estado, sociedade e trabalho;<\/p>\n\n\n\n<p>6.&nbsp;&nbsp;&nbsp;&nbsp;&nbsp;&nbsp;&nbsp;&nbsp;&nbsp;&nbsp; \u00c9tica, democracia e cidadania;<\/p>\n\n\n\n<p>7.&nbsp;&nbsp;&nbsp;&nbsp;&nbsp;&nbsp;&nbsp;&nbsp;&nbsp;&nbsp; Globaliza\u00e7\u00e3o e pol\u00edtica internacional;<\/p>\n\n\n\n<p>8.&nbsp;&nbsp;&nbsp;&nbsp;&nbsp;&nbsp;&nbsp;&nbsp;&nbsp;&nbsp; Inova\u00e7\u00e3o tecnol\u00f3gica;<\/p>\n\n\n\n<p>9.&nbsp;&nbsp;&nbsp;&nbsp;&nbsp;&nbsp;&nbsp;&nbsp;&nbsp;&nbsp; Meio ambiente: natureza e interven\u00e7\u00e3o humana;<\/p>\n\n\n\n<p>10.&nbsp;&nbsp;&nbsp;&nbsp;&nbsp;&nbsp;&nbsp; Pol\u00edticas p\u00fablicas;<\/p>\n\n\n\n<p>11.&nbsp;&nbsp;&nbsp;&nbsp;&nbsp;&nbsp;&nbsp; Processos de globaliza\u00e7\u00e3o e pol\u00edtica internacional; <\/p>\n\n\n\n<p>12.&nbsp;&nbsp;&nbsp;&nbsp;&nbsp;&nbsp;&nbsp; Processos migrat\u00f3rios;<\/p>\n\n\n\n<p>13.&nbsp;&nbsp;&nbsp;&nbsp;&nbsp;&nbsp;&nbsp; Rela\u00e7\u00f5es de trabalho;<\/p>\n\n\n\n<p>14.&nbsp;&nbsp;&nbsp;&nbsp;&nbsp;&nbsp;&nbsp; Responsabilidade social;<\/p>\n\n\n\n<p>15.&nbsp;&nbsp;&nbsp;&nbsp;&nbsp;&nbsp;&nbsp; Sociodiversidade e multiculturalismo;<\/p>\n\n\n\n<p>16.&nbsp;&nbsp;&nbsp;&nbsp;&nbsp;&nbsp;&nbsp; Tecnologia e inova\u00e7\u00e3o;<\/p>\n\n\n\n<p>17.&nbsp;&nbsp;&nbsp;&nbsp;&nbsp;&nbsp;&nbsp; Tecnologias de informa\u00e7\u00e3o e comunica\u00e7\u00e3o;<\/p>\n\n\n\n<p>18.&nbsp;&nbsp;&nbsp;&nbsp;&nbsp;&nbsp;&nbsp; Vida urbana e vida rural.<\/p>\n\n\n\n<p><strong>Saiba mais<\/strong><\/p>\n\n\n\n<p>Para um estudo mais cuidadoso de como os temas de Forma\u00e7\u00e3o Geral da AIDE e do ENADE se relacionam com a sua \u00e1rea de forma\u00e7\u00e3o, consulte as <a href=\"http:\/\/portal.mec.gov.br\/component\/content\/article?id=12991\" data-type=\"link\" data-id=\"http:\/\/portal.mec.gov.br\/component\/content\/article?id=12991\">Diretrizes Curriculares Nacionais &#8211; DCNs<\/a> de seu curso ou os <a href=\"https:\/\/www.gov.br\/inep\/pt-br\/centrais-de-conteudo\/legislacao\/enade\" data-type=\"link\" data-id=\"https:\/\/www.gov.br\/inep\/pt-br\/centrais-de-conteudo\/legislacao\/enade\">editais do ENADE<\/a>.<\/p>\n","protected":false},"excerpt":{"rendered":"<p>O que \u00e9 a AIDE A Avalia\u00e7\u00e3o Interdisciplinar de Desempenho do Estudante (AIDE) \u00e9 uma avalia\u00e7\u00e3o online aplicada no final de todos os semestres (componente&hellip;<\/p>\n","protected":false},"author":12,"featured_media":0,"parent":755,"menu_order":6,"comment_status":"closed","ping_status":"closed","template":"","meta":{"_acf_changed":false,"footnotes":""},"class_list":["post-9358","page","type-page","status-publish","hentry"],"acf":[],"_links":{"self":[{"href":"https:\/\/www.unifan.edu.br\/unifan\/aparecida\/wp-json\/wp\/v2\/pages\/9358","targetHints":{"allow":["GET"]}}],"collection":[{"href":"https:\/\/www.unifan.edu.br\/unifan\/aparecida\/wp-json\/wp\/v2\/pages"}],"about":[{"href":"https:\/\/www.unifan.edu.br\/unifan\/aparecida\/wp-json\/wp\/v2\/types\/page"}],"author":[{"embeddable":true,"href":"https:\/\/www.unifan.edu.br\/unifan\/aparecida\/wp-json\/wp\/v2\/users\/12"}],"replies":[{"embeddable":true,"href":"https:\/\/www.unifan.edu.br\/unifan\/aparecida\/wp-json\/wp\/v2\/comments?post=9358"}],"version-history":[{"count":14,"href":"https:\/\/www.unifan.edu.br\/unifan\/aparecida\/wp-json\/wp\/v2\/pages\/9358\/revisions"}],"predecessor-version":[{"id":11228,"href":"https:\/\/www.unifan.edu.br\/unifan\/aparecida\/wp-json\/wp\/v2\/pages\/9358\/revisions\/11228"}],"up":[{"embeddable":true,"href":"https:\/\/www.unifan.edu.br\/unifan\/aparecida\/wp-json\/wp\/v2\/pages\/755"}],"wp:attachment":[{"href":"https:\/\/www.unifan.edu.br\/unifan\/aparecida\/wp-json\/wp\/v2\/media?parent=9358"}],"curies":[{"name":"wp","href":"https:\/\/api.w.org\/{rel}","templated":true}]}}