{"id":9437,"date":"2024-08-19T15:47:15","date_gmt":"2024-08-19T18:47:15","guid":{"rendered":"https:\/\/www.unifan.edu.br\/unifan\/aparecida\/?page_id=9437"},"modified":"2024-11-21T17:20:17","modified_gmt":"2024-11-21T20:20:17","slug":"pibic-2024-2025","status":"publish","type":"page","link":"https:\/\/www.unifan.edu.br\/unifan\/aparecida\/418-2\/pibic-pivic\/pibic-2024-2025\/","title":{"rendered":"PIBIC 2024 &#8211; 2025"},"content":{"rendered":"\n<p class=\"has-text-align-center\"><a href=\"https:\/\/www.unifan.edu.br\/unifan\/aparecida\/wp-content\/uploads\/sites\/2\/2024\/11\/PIBIC-PIVIC-Resultado-retificado.pdf\">Resultado &#8211; PIBIC 2024\/2025 (Retificado)<\/a><\/p>\n\n\n\n<p class=\"has-text-align-center\"><a href=\"https:\/\/www.unifan.edu.br\/unifan\/aparecida\/wp-content\/uploads\/sites\/2\/2024\/11\/Resultado-PIBIC-2024-2025.pdf\">Resultado &#8211; PIBIC 2024\/2025<\/a><\/p>\n\n\n\n<p class=\"has-text-align-center\"><a href=\"https:\/\/www.unifan.edu.br\/unifan\/aparecida\/wp-content\/uploads\/sites\/2\/2024\/11\/TERMO-DE-OUTORGA-PIBIC.docx\">Termo de outorga &#8211; PIBIC<\/a><\/p>\n\n\n\n<p class=\"has-text-align-center\"><a href=\"https:\/\/www.unifan.edu.br\/unifan\/aparecida\/wp-content\/uploads\/sites\/2\/2024\/10\/1o-Termo-Aditivo-PIBIC-_24-25.pdf\">Termo Aditivo &#8211; Prorroga\u00e7\u00e3o das inscri\u00e7\u00f5es<\/a><\/p>\n\n\n\n<p class=\"has-text-align-center\"><a href=\"https:\/\/www.unifan.edu.br\/unifan\/aparecida\/wp-content\/uploads\/sites\/2\/2024\/08\/Edital-do-PIBIC-2024-1.pdf\">Edital do PIBIC &#8211; 2024\/2025<\/a><\/p>\n","protected":false},"excerpt":{"rendered":"<p>Resultado &#8211; PIBIC 2024\/2025 (Retificado) Resultado &#8211; PIBIC 2024\/2025 Termo de outorga &#8211; PIBIC Termo Aditivo &#8211; Prorroga\u00e7\u00e3o das inscri\u00e7\u00f5es Edital do PIBIC &#8211; 2024\/2025<\/p>\n","protected":false},"author":9,"featured_media":0,"parent":426,"menu_order":9,"comment_status":"closed","ping_status":"closed","template":"","meta":{"_acf_changed":false,"footnotes":""},"class_list":["post-9437","page","type-page","status-publish","hentry"],"acf":[],"_links":{"self":[{"href":"https:\/\/www.unifan.edu.br\/unifan\/aparecida\/wp-json\/wp\/v2\/pages\/9437","targetHints":{"allow":["GET"]}}],"collection":[{"href":"https:\/\/www.unifan.edu.br\/unifan\/aparecida\/wp-json\/wp\/v2\/pages"}],"about":[{"href":"https:\/\/www.unifan.edu.br\/unifan\/aparecida\/wp-json\/wp\/v2\/types\/page"}],"author":[{"embeddable":true,"href":"https:\/\/www.unifan.edu.br\/unifan\/aparecida\/wp-json\/wp\/v2\/users\/9"}],"replies":[{"embeddable":true,"href":"https:\/\/www.unifan.edu.br\/unifan\/aparecida\/wp-json\/wp\/v2\/comments?post=9437"}],"version-history":[{"count":6,"href":"https:\/\/www.unifan.edu.br\/unifan\/aparecida\/wp-json\/wp\/v2\/pages\/9437\/revisions"}],"predecessor-version":[{"id":10159,"href":"https:\/\/www.unifan.edu.br\/unifan\/aparecida\/wp-json\/wp\/v2\/pages\/9437\/revisions\/10159"}],"up":[{"embeddable":true,"href":"https:\/\/www.unifan.edu.br\/unifan\/aparecida\/wp-json\/wp\/v2\/pages\/426"}],"wp:attachment":[{"href":"https:\/\/www.unifan.edu.br\/unifan\/aparecida\/wp-json\/wp\/v2\/media?parent=9437"}],"curies":[{"name":"wp","href":"https:\/\/api.w.org\/{rel}","templated":true}]}}