{"id":161,"date":"2021-05-03T16:53:33","date_gmt":"2021-05-03T19:53:33","guid":{"rendered":"https:\/\/www.unifan.edu.br\/unifan\/casanova\/?page_id=161"},"modified":"2026-03-02T23:03:52","modified_gmt":"2026-03-03T02:03:52","slug":"corpo-gestor","status":"publish","type":"page","link":"https:\/\/www.unifan.edu.br\/unifan\/casanova\/institucional\/corpo-gestor\/","title":{"rendered":"Corpo Gestor"},"content":{"rendered":"\n<p><br><strong>Diretoria Geral<\/strong><br>Prof. Esp. Alcides Ribeiro Filho<br>E-mail: presidencia@unifan.edu.br<\/p>\n\n\n\n<p><strong>Vice-Diretoria Geral<\/strong><br>Prof. Msc. Jos\u00e9 Carlos Barbosa Soares<br>E-mail: vicepresidencia@unifan.edu.br&nbsp;<\/p>\n\n\n\n<p><strong>Diretoria de Rela\u00e7\u00f5es Institucionais<\/strong><br>Prof. Msd. Luiz Ant\u00f4nio de Faria&nbsp;<br>E-mail: luizantonio@unifan.edu.br<\/p>\n\n\n\n<p><strong>Diretoria de Desenvolvimento<\/strong><br>Prof. Esp. Divino Eterno de Paula Gustavo<br>E-mail: divino@unifan.edu.br<\/p>\n\n\n\n<p><strong>Diretoria Financeira<\/strong><br>Prof. Esp. Leandro Julio dos Santos Faria<br>E-mail: leandro@unifan.edu.br<\/p>\n\n\n\n<p><strong>Diretoria do Col\u00e9gio de Aplica\u00e7\u00e3o<\/strong><br>Prof\u00aa.Esp. Renata Gomes R\u00eago<br>E-mail: renatarego@unifan.edu.br<\/p>\n\n\n\n<p><\/p>\n","protected":false},"excerpt":{"rendered":"<p>Diretoria GeralProf. Esp. Alcides Ribeiro FilhoE-mail: presidencia@unifan.edu.br Vice-Diretoria GeralProf. Msc. Jos\u00e9 Carlos Barbosa SoaresE-mail: vicepresidencia@unifan.edu.br&nbsp; Diretoria de Rela\u00e7\u00f5es InstitucionaisProf. Msd. Luiz Ant\u00f4nio de Faria&nbsp;E-mail: luizantonio@unifan.edu.br&hellip;<\/p>\n","protected":false},"author":2,"featured_media":0,"parent":2,"menu_order":0,"comment_status":"closed","ping_status":"closed","template":"","meta":{"_acf_changed":false,"footnotes":""},"class_list":["post-161","page","type-page","status-publish","hentry"],"acf":[],"_links":{"self":[{"href":"https:\/\/www.unifan.edu.br\/unifan\/casanova\/wp-json\/wp\/v2\/pages\/161","targetHints":{"allow":["GET"]}}],"collection":[{"href":"https:\/\/www.unifan.edu.br\/unifan\/casanova\/wp-json\/wp\/v2\/pages"}],"about":[{"href":"https:\/\/www.unifan.edu.br\/unifan\/casanova\/wp-json\/wp\/v2\/types\/page"}],"author":[{"embeddable":true,"href":"https:\/\/www.unifan.edu.br\/unifan\/casanova\/wp-json\/wp\/v2\/users\/2"}],"replies":[{"embeddable":true,"href":"https:\/\/www.unifan.edu.br\/unifan\/casanova\/wp-json\/wp\/v2\/comments?post=161"}],"version-history":[{"count":4,"href":"https:\/\/www.unifan.edu.br\/unifan\/casanova\/wp-json\/wp\/v2\/pages\/161\/revisions"}],"predecessor-version":[{"id":829,"href":"https:\/\/www.unifan.edu.br\/unifan\/casanova\/wp-json\/wp\/v2\/pages\/161\/revisions\/829"}],"up":[{"embeddable":true,"href":"https:\/\/www.unifan.edu.br\/unifan\/casanova\/wp-json\/wp\/v2\/pages\/2"}],"wp:attachment":[{"href":"https:\/\/www.unifan.edu.br\/unifan\/casanova\/wp-json\/wp\/v2\/media?parent=161"}],"curies":[{"name":"wp","href":"https:\/\/api.w.org\/{rel}","templated":true}]}}