{"id":371,"date":"2022-09-23T18:52:00","date_gmt":"2022-09-23T21:52:00","guid":{"rendered":"https:\/\/www.unifan.edu.br\/unifan\/casanova\/?page_id=371"},"modified":"2022-09-23T18:52:01","modified_gmt":"2022-09-23T21:52:01","slug":"apresentacao","status":"publish","type":"page","link":"https:\/\/www.unifan.edu.br\/unifan\/casanova\/pesquisa\/7-nestadi\/apresentacao\/","title":{"rendered":"Apresenta\u00e7\u00e3o"},"content":{"rendered":"\n<h2 class=\"has-medium-font-size wp-block-heading\" id=\"nucleo-de-estudos-e-acoes-para-diversidade-nestadi\"><strong>N\u00daCLEO DE ESTUDOS E A\u00c7\u00d5ES PARA DIVERSIDADE (Nestadi)<\/strong><\/h2>\n\n\n\n<figure class=\"wp-block-image size-full\"><img decoding=\"async\" src=\"https:\/\/www.unifan.edu.br\/unifan\/aparecida\/wp-content\/uploads\/sites\/2\/2022\/02\/NESTADI-1.png\" alt=\"\" class=\"wp-image-5334\"\/><\/figure>\n\n\n\n<p class=\"has-text-align-center\"><strong><u>APRESENTA\u00c7\u00c3O<\/u><\/strong><\/p>\n\n\n\n<p>O N\u00facleo de Estudos e A\u00e7\u00f5es para Diversidade (Nestadi) do Centro Universit\u00e1rio Alfredo Nasser (Unifan) \u00e9 um n\u00facleo acad\u00eamico dedicado \u00e0 produ\u00e7\u00e3o e dissemina\u00e7\u00e3o de conhecimentos e saberes, por meio de projetos e a\u00e7\u00f5es de ensino, pesquisa e extens\u00e3o, que busquem solucionar problemas da exclus\u00e3o dos Direitos Humanos onde e quando h\u00e1 racismo, intoler\u00e2ncia religiosa e todas as formas de preconceito e discrimina\u00e7\u00e3o de identidades espec\u00edficas da sociedade brasileira e dos povos e culturas de matriz africana, afro-brasileira e ind\u00edgena.<\/p>\n\n\n\n<p>O Nestadi \u00e9 vinculado administrativamente \u00e0 Pr\u00f3-Reitoria Acad\u00eamica do Unifan, com sede em Aparecida de Goi\u00e2nia, Estado de Goi\u00e1s, aberto ao trabalho de pesquisadores, pesquisadoras e discentes das institui\u00e7\u00f5es mantidas pela Associa\u00e7\u00e3o Aparecidense de Educa\u00e7\u00e3o, de outras IES e da comunidade externa.<\/p>\n\n\n\n<p>Tem natureza reflexiva, consultiva e propositiva, em rela\u00e7\u00e3o ao pluralismo cultural, diversidade \u00e9tnico-racial, promo\u00e7\u00e3o dos Direitos Humanos e da cidadania.<\/p>\n","protected":false},"excerpt":{"rendered":"<p>N\u00daCLEO DE ESTUDOS E A\u00c7\u00d5ES PARA DIVERSIDADE (Nestadi) APRESENTA\u00c7\u00c3O O N\u00facleo de Estudos e A\u00e7\u00f5es para Diversidade (Nestadi) do Centro Universit\u00e1rio Alfredo Nasser (Unifan) \u00e9&hellip;<\/p>\n","protected":false},"author":1,"featured_media":0,"parent":369,"menu_order":0,"comment_status":"closed","ping_status":"closed","template":"template-pagina-pai.php","meta":{"_acf_changed":false,"footnotes":""},"class_list":["post-371","page","type-page","status-publish","hentry"],"acf":[],"_links":{"self":[{"href":"https:\/\/www.unifan.edu.br\/unifan\/casanova\/wp-json\/wp\/v2\/pages\/371","targetHints":{"allow":["GET"]}}],"collection":[{"href":"https:\/\/www.unifan.edu.br\/unifan\/casanova\/wp-json\/wp\/v2\/pages"}],"about":[{"href":"https:\/\/www.unifan.edu.br\/unifan\/casanova\/wp-json\/wp\/v2\/types\/page"}],"author":[{"embeddable":true,"href":"https:\/\/www.unifan.edu.br\/unifan\/casanova\/wp-json\/wp\/v2\/users\/1"}],"replies":[{"embeddable":true,"href":"https:\/\/www.unifan.edu.br\/unifan\/casanova\/wp-json\/wp\/v2\/comments?post=371"}],"version-history":[{"count":1,"href":"https:\/\/www.unifan.edu.br\/unifan\/casanova\/wp-json\/wp\/v2\/pages\/371\/revisions"}],"predecessor-version":[{"id":372,"href":"https:\/\/www.unifan.edu.br\/unifan\/casanova\/wp-json\/wp\/v2\/pages\/371\/revisions\/372"}],"up":[{"embeddable":true,"href":"https:\/\/www.unifan.edu.br\/unifan\/casanova\/wp-json\/wp\/v2\/pages\/369"}],"wp:attachment":[{"href":"https:\/\/www.unifan.edu.br\/unifan\/casanova\/wp-json\/wp\/v2\/media?parent=371"}],"curies":[{"name":"wp","href":"https:\/\/api.w.org\/{rel}","templated":true}]}}