{"id":377,"date":"2022-09-23T18:55:28","date_gmt":"2022-09-23T21:55:28","guid":{"rendered":"https:\/\/www.unifan.edu.br\/unifan\/casanova\/?page_id=377"},"modified":"2022-09-23T18:55:29","modified_gmt":"2022-09-23T21:55:29","slug":"apresentacao","status":"publish","type":"page","link":"https:\/\/www.unifan.edu.br\/unifan\/casanova\/pesquisa\/4-ceua\/apresentacao\/","title":{"rendered":"Apresenta\u00e7\u00e3o"},"content":{"rendered":"\n<p class=\"has-text-align-center\"><strong>CEUAFAN &#8211; COMISS\u00c3O DE \u00c9TICA NO USO DE ANIMAIS<\/strong><\/p>\n\n\n\n<p>A CEUAFAN (COMISS\u00c3O DE \u00c9TICA NO USO DE ANIMAIS DA UNIVERSIDADE ALFREDO NASSER), no cumprimento da Resolu\u00e7\u00e3o Normativa n\u00ba 1, de 9 de julho de 2010 do Conselho Nacional de Controle de Experimenta\u00e7\u00e3o Animal (CONCEA), que disp\u00f5e sobre a instala\u00e7\u00e3o e o funcionamento das Comiss\u00f5es de \u00c9ticas no Uso de Animais (CEUAs)  e de acordo com o estabelecido pela Lei n\u00ba 11.794, de 11 de outubro de 2008 a \u201cLei Arouca\u201d e com a Resolu\u00e7\u00e3o Normativa CONCEA N\u00b051, de 19 de maio de 2021, recebe projetos de ensino e pesquisa da IES e de outras institui\u00e7\u00f5es parceiras. <\/p>\n\n\n\n<p>Segundo  o Art. 6\u00b0 da  Resolu\u00e7\u00e3o Normativa CONCEA N\u00b051  se a institui\u00e7\u00e3o brasileira possuir instala\u00e7\u00f5es fora do territ\u00f3rio nacional dever\u00e1 observar a legisla\u00e7\u00e3o brasileira em vigor referente ao uso de animais em ensino ou pesquisa cient\u00edfica para submiss\u00e3o de projetos. <\/p>\n\n\n\n<p>Para o envio de projetos da institui\u00e7\u00e3o e\/ou de institui\u00e7\u00f5es parceiras, seguir os procedimentos (<a href=\"https:\/\/www.unifan.edu.br\/unifan\/aparecida\/?page_id=674\">Clique aqui<\/a>).<\/p>\n\n\n\n<p class=\"has-text-align-left\">A CEUAFAN tem um papel importante no controle e orienta\u00e7\u00e3o \u00e9tica adequada no uso dos animais em atividades de ensino e pesquisa. Para isso, conta com os seguintes membros:<\/p>\n\n\n\n<figure class=\"wp-block-table aligncenter is-style-stripes table\"><table><tbody><tr><td>Jakeline Ferreira de Ara\u00fajo L\u00f4bo\n  Medicina Veterin\u00e1ria &amp; Fisioterapia\n  <\/td><td>Coordenadora    <\/td><td>jakelineferreiradearaujo@gmail.com   <\/td><\/tr><tr><td>Angelma Gernaro   F\u00e1rmacia-Bioqu\u00edmica   <\/td><td>Vice Coordenadora   <\/td><td>angelma@unifan.edu.br   <\/td><\/tr><tr><td>F\u00e1bio Marques de Almeida   Biomedicina   <\/td><td>Docente   <\/td><td>\n  fabiomarques@unifan.edu.br\n  <\/td><\/tr><tr><td> Tatieny Aparecida Martins da Costa   Enfermagem   <\/td><td>Docente Suplente   <\/td><td> tatyeny@unifan.edu.br   <\/td><\/tr><tr><td> Luiz Mauro Esp\u00edndola   Direito   <\/td><td>Consultor ad hoc   <\/td><td> luizmauro6@hotmail.com   <\/td><\/tr><tr><td>Ana Paula Faria Machado   Matem\u00e1tica   <\/td><td>Consultor ad hoc Suplente   <\/td><td> anapfmat@unifan.edu.br   <\/td><\/tr><tr><td> Em\u00eddio Silva Falc\u00e3o Brasileiro   Direito   <\/td><td>Membro Titular   <\/td><td> emidio@unifan.edu.br   <\/td><\/tr><tr><td>Paulo Fernando L\u00f4bo C\u00f4rrea   Fisioterapia   <\/td><td>Membro Suplente   <\/td><td>paulofernandolobo@hotmail.com   <\/td><\/tr><tr><td>Carolina Franco e Sousa   M\u00e9dica Veterin\u00e1ria   <\/td><td>M\u00e9dica Veterin\u00e1ria Suplente   <\/td><td>\n  carolfrancols@hotmail.com\n  <\/td><\/tr><tr><td>Jo\u00e3o Antonio Xavier Manso   Ci\u00eancias Biol\u00f3gicas   <\/td><td> Bi\u00f3logo   <\/td><td>jo\u00e3o.xm@hotmail.com   <\/td><\/tr><tr><td>Fabr\u00edcio Caldas da Cunha   Ci\u00eancias Biol\u00f3gicas   <\/td><td>Bi\u00f3logo Suplente   <\/td><td>fcaldasdacunha@gmail.com   <\/td><\/tr><tr><td>Aroldo Vieira de Moraes Filho   Ci\u00eancias Biol\u00f3gicas   <\/td><td> Pesquisador   <\/td><td>aroldodemoraes@unifan.edu.br   <\/td><\/tr><tr><td> Thaissa Neves Rezende Pontes   <\/td><td>Pesquisador Suplente   <\/td><td>thaissaneves@unifan.edu.br<\/td><\/tr><\/tbody><\/table><\/figure>\n\n\n\n<p class=\"has-text-align-center\">Marijara de Lima<\/p>\n\n\n\n<p class=\"has-text-align-center\">Secret\u00e1ria<\/p>\n","protected":false},"excerpt":{"rendered":"<p>CEUAFAN &#8211; COMISS\u00c3O DE \u00c9TICA NO USO DE ANIMAIS A CEUAFAN (COMISS\u00c3O DE \u00c9TICA NO USO DE ANIMAIS DA UNIVERSIDADE ALFREDO NASSER), no cumprimento da&hellip;<\/p>\n","protected":false},"author":1,"featured_media":0,"parent":363,"menu_order":0,"comment_status":"closed","ping_status":"closed","template":"template-pagina-pai.php","meta":{"_acf_changed":false,"footnotes":""},"class_list":["post-377","page","type-page","status-publish","hentry"],"acf":[],"_links":{"self":[{"href":"https:\/\/www.unifan.edu.br\/unifan\/casanova\/wp-json\/wp\/v2\/pages\/377","targetHints":{"allow":["GET"]}}],"collection":[{"href":"https:\/\/www.unifan.edu.br\/unifan\/casanova\/wp-json\/wp\/v2\/pages"}],"about":[{"href":"https:\/\/www.unifan.edu.br\/unifan\/casanova\/wp-json\/wp\/v2\/types\/page"}],"author":[{"embeddable":true,"href":"https:\/\/www.unifan.edu.br\/unifan\/casanova\/wp-json\/wp\/v2\/users\/1"}],"replies":[{"embeddable":true,"href":"https:\/\/www.unifan.edu.br\/unifan\/casanova\/wp-json\/wp\/v2\/comments?post=377"}],"version-history":[{"count":1,"href":"https:\/\/www.unifan.edu.br\/unifan\/casanova\/wp-json\/wp\/v2\/pages\/377\/revisions"}],"predecessor-version":[{"id":378,"href":"https:\/\/www.unifan.edu.br\/unifan\/casanova\/wp-json\/wp\/v2\/pages\/377\/revisions\/378"}],"up":[{"embeddable":true,"href":"https:\/\/www.unifan.edu.br\/unifan\/casanova\/wp-json\/wp\/v2\/pages\/363"}],"wp:attachment":[{"href":"https:\/\/www.unifan.edu.br\/unifan\/casanova\/wp-json\/wp\/v2\/media?parent=377"}],"curies":[{"name":"wp","href":"https:\/\/api.w.org\/{rel}","templated":true}]}}