{"id":379,"date":"2022-09-23T18:56:13","date_gmt":"2022-09-23T21:56:13","guid":{"rendered":"https:\/\/www.unifan.edu.br\/unifan\/casanova\/?page_id=379"},"modified":"2022-09-23T18:56:14","modified_gmt":"2022-09-23T21:56:14","slug":"apresentacao","status":"publish","type":"page","link":"https:\/\/www.unifan.edu.br\/unifan\/casanova\/pesquisa\/3-cep\/apresentacao\/","title":{"rendered":"Apresenta\u00e7\u00e3o"},"content":{"rendered":"\n<p class=\"has-text-align-center\"><strong>Comit\u00ea de \u00c9tica em Pesquisa<\/strong> <\/p>\n\n\n\n<h2 class=\"has-text-align-center wp-block-heading\"><img decoding=\"async\" class=\"wp-image-633\" style=\"width: 500px;\" src=\"https:\/\/www.unifan.edu.br\/unifan\/aparecida\/wp-content\/uploads\/sites\/2\/2021\/02\/logo-CEP.png\" alt=\"\"><\/h2>\n\n\n\n<p>O Comit\u00ea de \u00c9tica em Pesquisa do Centro Universit\u00e1rio Alfredo Nasser (CEP\/Unifan) \u00e9&nbsp;um colegiado interdisciplinar e independente, de car\u00e1ter consultivo, deliberativo e educativo, criado para defender os interesses dos participantes de pesquisa em sua integridade e dignidade e contribuir para o desenvolvimento da pesquisa dentro de padr\u00f5es \u00e9ticos em institui\u00e7\u00f5es de sa\u00fade que utilizem como objetos de pesquisa seres humanos, conforme a Resolu\u00e7\u00e3o CNS n\u00ba 466, de 12 de dezembro de 2012, e a Resolu\u00e7\u00e3o CNS n\u00ba 510, de 24 de maio de 2016. O CEP da Unifan \u00e9 composto por 12 (deze) membros volunt\u00e1rios (lista de membros abaixo descrita) que se re\u00fanem mensalmente.<\/p>\n\n\n\n<p><strong>EQUIPE DO CEP\/UNIFAN<\/strong><\/p>\n\n\n\n<p><strong>Coordenador:<\/strong><\/p>\n\n\n\n<p>J\u00falio C\u00e9sar Borges \u2013 Bacharel em Ci\u00eancias Sociais (UFG), Mestre e Doutor em Antropologia Social (UnB).<br><\/p>\n\n\n\n<p><strong>Vice-Coordenador:<\/strong><\/p>\n\n\n\n<p>Paulo Reis Esselin de Melo \u2013 Bacharel em Medicina (Universidade Severino Sombra) e Especialista em Cirurgia Geral (Hospital e Maternidade Santa Rita).<br> <br> <strong>Membros (Pesquisadores Pareceristas):&nbsp;<\/strong><\/p>\n\n\n\n<p>Humberto C\u00e9sar Machado &#8211; Bacharel em\nFilosofia (UFG) e em Pedagogia (ISCECAP), Especialista em Hist\u00f3ria (UFG),\nMestre em Psicologia (PUC-GO), Doutor em Psicologia (PUC-GO), P\u00f3s-Doutor em\nPsicologia (PUC-GO); <\/p>\n\n\n\n<p>Kelen Michela Silva Alves &#8211; Bacharel e Licenciada em Matem\u00e1tica (PUC-GO), Especialista em Forma\u00e7\u00e3o de Professores (PUC-GO) e Mestranda no Programa de P\u00f3s-Gradua\u00e7\u00e3o em Educa\u00e7\u00e3o em Ci\u00eancias e Matem\u00e1tica (PPGECM) da Universidade Federal de Goi\u00e1s (UFG);<\/p>\n\n\n\n<p>Newton Paulo Monteiro &#8211; Bacharel em\nLetras\/L\u00edngua Portuguesa e Lingu\u00edstica (UFG), Mestre em Letras e Lingu\u00edstica\n(UFG);<\/p>\n\n\n\n<p>Nivaldo dos Santos &#8211; Bacharel em\nDireito (UFG), Especialista em Direito Agr\u00e1rio e Direito Processual Penal\n(UFG), Mestre em Hist\u00f3ria (UFG), Doutor em Direito (PUC-SP) e P\u00f3s-Doutor em\nDireito (PUC-MG);<\/p>\n\n\n\n<p>Sabrina Fonseca Ing\u00eanito\nMoreira Dantas &#8211; Bacharel em Ci\u00eancias Biol\u00f3gicas\n\u2013 Modalidade M\u00e9dica (PUC-GO), Especialista em Sa\u00fade Est\u00e9tica (Faculdade Artur\nTomas), Mestre em Biologia (UFG) e Doutora em Medicina Tropical e Sa\u00fade P\u00fablica\n(UFG);<\/p>\n\n\n\n<p>Mar\u00edlia Cordeiro de Sousa \u2013 Bacharel em Enfermagem (UNIP\/GO), Especialista em Enfermagem &#8211; Neonatologia e Pediatria (PUC\/GO), Mestre em Enfermagem (UFG), Doutoranda em Enfermagem (UFG).&nbsp;<\/p>\n\n\n\n<p><strong>Membros (Suplentes):&nbsp;<\/strong><\/p>\n\n\n\n<p>Vin\u00edcius Novais Gon\u00e7alves de Andrade \u2013 Graduado, Mestre e Doutor em Psicologia (PUC-GO); P\u00f3s &#8211; Doutor em Psicologia (PUC-GO). <\/p>\n\n\n\n<p>Aroldo Vieira de Moraes Filho &#8211; Graduado e Licenciado em Ci\u00eancias Biol\u00f3gicas (UFG), Especialista em Tecnologias Aplicadas ao Ensino de Biologia (ETAEB), Mestre em Biologia (UFG), Doutor em Ci\u00eancias Biol\u00f3gicas (UFG), P\u00f3s &#8211; Doutor em Ci\u00eancias da Sa\u00fade (UFG).&nbsp;<\/p>\n\n\n\n<p><strong>Membros (Usu\u00e1rios indicados pelo Conselho Estadual de Sa\u00fade)<\/strong><\/p>\n\n\n\n<p>Glauciene Maia de Almeida Praxedes \u2013 Bacharel em Direito (PUC-GO)<\/p>\n\n\n\n<p>Walter da Silva Monteiro \u2013 Graduado em Hist\u00f3ria (UFG).<\/p>\n\n\n\n<p><strong>Secret\u00e1ria:<\/strong><\/p>\n\n\n\n<p>Marijara de Lima \u2013 Licenciada em Pedagogia (Unifan), Especialista em Doc\u00eancia no Ensino Superior e em Doc\u00eancia na Educa\u00e7\u00e3o \u00e0 Dist\u00e2ncia (Unifan), MBA em Ci\u00eancias da Educa\u00e7\u00e3o (Unifan). Mestranda em Administra\u00e7\u00e3o Educacional e Regula\u00e7\u00e3o da Educa\u00e7\u00e3o pela Universidade Lus\u00f3fona de Humanidades e Tecnologias (Lisboa\/Portugal).<\/p>\n","protected":false},"excerpt":{"rendered":"<p>Comit\u00ea de \u00c9tica em Pesquisa O Comit\u00ea de \u00c9tica em Pesquisa do Centro Universit\u00e1rio Alfredo Nasser (CEP\/Unifan) \u00e9&nbsp;um colegiado interdisciplinar e independente, de car\u00e1ter consultivo,&hellip;<\/p>\n","protected":false},"author":1,"featured_media":0,"parent":361,"menu_order":0,"comment_status":"closed","ping_status":"closed","template":"template-pagina-pai.php","meta":{"_acf_changed":false,"footnotes":""},"class_list":["post-379","page","type-page","status-publish","hentry"],"acf":[],"_links":{"self":[{"href":"https:\/\/www.unifan.edu.br\/unifan\/casanova\/wp-json\/wp\/v2\/pages\/379","targetHints":{"allow":["GET"]}}],"collection":[{"href":"https:\/\/www.unifan.edu.br\/unifan\/casanova\/wp-json\/wp\/v2\/pages"}],"about":[{"href":"https:\/\/www.unifan.edu.br\/unifan\/casanova\/wp-json\/wp\/v2\/types\/page"}],"author":[{"embeddable":true,"href":"https:\/\/www.unifan.edu.br\/unifan\/casanova\/wp-json\/wp\/v2\/users\/1"}],"replies":[{"embeddable":true,"href":"https:\/\/www.unifan.edu.br\/unifan\/casanova\/wp-json\/wp\/v2\/comments?post=379"}],"version-history":[{"count":1,"href":"https:\/\/www.unifan.edu.br\/unifan\/casanova\/wp-json\/wp\/v2\/pages\/379\/revisions"}],"predecessor-version":[{"id":380,"href":"https:\/\/www.unifan.edu.br\/unifan\/casanova\/wp-json\/wp\/v2\/pages\/379\/revisions\/380"}],"up":[{"embeddable":true,"href":"https:\/\/www.unifan.edu.br\/unifan\/casanova\/wp-json\/wp\/v2\/pages\/361"}],"wp:attachment":[{"href":"https:\/\/www.unifan.edu.br\/unifan\/casanova\/wp-json\/wp\/v2\/media?parent=379"}],"curies":[{"name":"wp","href":"https:\/\/api.w.org\/{rel}","templated":true}]}}