{"id":385,"date":"2022-09-23T19:04:07","date_gmt":"2022-09-23T22:04:07","guid":{"rendered":"https:\/\/www.unifan.edu.br\/unifan\/casanova\/?page_id=385"},"modified":"2022-09-23T19:04:08","modified_gmt":"2022-09-23T22:04:08","slug":"editora","status":"publish","type":"page","link":"https:\/\/www.unifan.edu.br\/unifan\/casanova\/editora\/","title":{"rendered":"Editora"},"content":{"rendered":"\n<h4 class=\"wp-block-heading\" id=\"editora-alfredo-nasser\"><strong><strong>EDITORA ALFREDO NASSER<\/strong><\/strong><\/h4>\n\n\n\n<p><\/p>\n\n\n\n<p>          Desde 2004, ao assumir o exerc\u00edcio da inicia\u00e7\u00e3o \u00e0 pesquisa, da produ\u00e7\u00e3o e da divulga\u00e7\u00e3o acad\u00eamica, a, ent\u00e3o, Faculdade Alfredo Nasser, hoje, Centro Universit\u00e1rio Alfredo Nasser (UNIFAN), dedicou esfor\u00e7os para publicar, em meio f\u00edsico, trabalhos docentes e discentes, da comunidade interna e externa. Naquele tempo, a Revista Acad\u00eamica UNIFAN publicava estudos das \u00e1reas dos dois primeiros Institutos: Superior de Educa\u00e7\u00e3o e Ci\u00eancias Sociais Aplicadas.<\/p>\n\n\n\n<p>          A partir da autoriza\u00e7\u00e3o de funcionamento de novos cursos e da cria\u00e7\u00e3o de novos Institutos, a Institui\u00e7\u00e3o potencializou as publica\u00e7\u00f5es e criou uma revista acad\u00eamica para cada um dos seus Institutos.<\/p>\n\n\n\n<p>          A Editora Alfredo Nasser, sem fins lucrativos, vinculada \u00e0 Diretoria de Rela\u00e7\u00f5es Institucionais, foi homologada pela Resolu\u00e7\u00e3o do Conselho Superior (CS) n. 9, de 1\u00ba\/2\/2013, inscrita no Minist\u00e9rio da Cultura \u2013 Funda\u00e7\u00e3o Biblioteca Nacional, com Prefixo Editorial n. 68122, em 2\/5\/2014, com vistas \u00e0 melhoria da qualidade acad\u00eamica e cient\u00edfica das publica\u00e7\u00f5es e \u00e0 implementa\u00e7\u00e3o do Projeto Pedag\u00f3gico Institucional da Faculdade Alfredo Nasser.<\/p>\n\n\n\n<p>          S\u00e3o objetivos da Editora Alfredo Nasser:<\/p>\n\n\n\n<p>          &#8211; incentivar e apoiar, em todas as \u00e1reas do conhecimento, as pr\u00e1ticas da produ\u00e7\u00e3o cient\u00edfica, did\u00e1tica, t\u00e9cnica, liter\u00e1ria e cultural da comunidade acad\u00eamica;<\/p>\n\n\n\n<p>          &#8211; orientar as pr\u00e1ticas de edi\u00e7\u00e3o e divulga\u00e7\u00e3o de publica\u00e7\u00f5es de interesse do ensino, da pesquisa e da extens\u00e3o;<\/p>\n\n\n\n<p>          &#8211; promover o interc\u00e2mbio interinstitucional de publica\u00e7\u00f5es.<\/p>\n\n\n\n<p>          A regulamenta\u00e7\u00e3o da Pol\u00edtica Editorial institucional da Editora Alfredo Nasser est\u00e1 prevista na Resolu\u00e7\u00e3o do Conselho Superior (CS) n. 9, de 1\u00ba\/2\/2013, e \u00e9 caracterizada pela:<\/p>\n\n\n\n<p>          &#8211; adequa\u00e7\u00e3o \u00e0s normas t\u00e9cnicas vigentes;<\/p>\n\n\n\n<p>          &#8211; constitui\u00e7\u00e3o do Conselho Editorial, \u00f3rg\u00e3o deliberativo interdisciplinar, e dos Comit\u00eas respons\u00e1veis pela aprecia\u00e7\u00e3o dos trabalhos submetidos; e,<\/p>\n\n\n\n<p>          &#8211; publica\u00e7\u00e3o em meio eletr\u00f4nico, pol\u00edtica interna que expressa o cumprimento da responsabilidade socioambiental e que facilita o acesso da comunidade interna e externa.<\/p>\n\n\n\n<p>          Ap\u00f3s a submiss\u00e3o dos trabalhos e posterior aprova\u00e7\u00e3o das inst\u00e2ncias competentes, a Editora Alfredo Nasser, em conformidade com as caracter\u00edsticas da publica\u00e7\u00e3o, divulga:<\/p>\n\n\n\n<p>          &#8211; as Revistas acad\u00eamicas:<\/p>\n\n\n\n<p>          a) EDUCA\u00c7\u00c3O E CULTURA EM DEBATE;<\/p>\n\n\n\n<p>          b) <em>QUALIA<\/em>: A CI\u00caNCIA EM MOVIMENTO;<\/p>\n\n\n\n<p>          c) NOVOS DIREITOS;<\/p>\n\n\n\n<p>          d) SA\u00daDE &amp; CI\u00caNCIA EM A\u00c7\u00c3O;<\/p>\n\n\n\n<p>          e) PSICOLOGIAS EM MOVIMENTO.<\/p>\n\n\n\n<p>          &#8211; a S\u00e9rie SOCIEDADE, SA\u00daDE E MEIO AMBIENTE;<\/p>\n\n\n\n<p>          &#8211; a Cole\u00e7\u00e3o SOCIEDADE, SA\u00daDE E INOVA\u00c7\u00c3O (edi\u00e7\u00e3o limitada de tr\u00eas volumes);<\/p>\n\n\n\n<p>          &#8211; os LIVROS independentes; e,<\/p>\n\n\n\n<p>          &#8211; os ANAIS de eventos;<\/p>\n\n\n\n<p>          Em 2020, com o credenciamento da Faculdade para Centro Universit\u00e1rio Alfredo Nasser (UNIFAN), a Pr\u00f3-Reitoria de Rela\u00e7\u00f5es Institucionais incentivou a Editora a potencializar a quantidade e qualidade das publica\u00e7\u00f5es. Amparada por esta pol\u00edtica, a Editora Alfredo Nasser aumentou o n\u00famero e qualidade das publica\u00e7\u00f5es, com foco no incentivo \u00e0 produ\u00e7\u00e3o de trabalhos de discentes e docentes, que contribuem, tamb\u00e9m, com o ensino e a extens\u00e3o. Al\u00e9m disso, essas publica\u00e7\u00f5es visam colaborar com a implementa\u00e7\u00e3o de programas de p\u00f3s-gradua\u00e7\u00e3o <em>lato<\/em> e <em>stricto sensu<\/em>. Por fim, \u00e9 projeto da Editora, no \u00e2mbito dos seus objetivos e da Pol\u00edtica Editorial, capacitar e orientar o corpo docente de todas as unidades de educa\u00e7\u00e3o b\u00e1sica e superior, mantidas pela Associa\u00e7\u00e3o Aparecidense de Educa\u00e7\u00e3o, dentre elas: o Col\u00e9gio de Aplica\u00e7\u00e3o Alfredo Nasser de Aparecida de Goi\u00e2nia \u2013 GO e de Remanso \u2013 BA; e a Faculdade Alfredo Nasser de Remanso \u2013 BA, de Casa Nova \u2013 BA e de Pontalina \u2013 GO.<\/p>\n\n\n\n<figure class=\"wp-block-image\"><img decoding=\"async\" src=\"https:\/\/www.faculdadealfredonasser.edu.br\/files\/diracademica\/02-04-2018-20.49.45.png\" alt=\"\"\/><\/figure>\n","protected":false},"excerpt":{"rendered":"<p>EDITORA ALFREDO NASSER Desde 2004, ao assumir o exerc\u00edcio da inicia\u00e7\u00e3o \u00e0 pesquisa, da produ\u00e7\u00e3o e da divulga\u00e7\u00e3o acad\u00eamica, a, ent\u00e3o, Faculdade Alfredo Nasser, hoje,&hellip;<\/p>\n","protected":false},"author":1,"featured_media":0,"parent":0,"menu_order":0,"comment_status":"closed","ping_status":"closed","template":"template-pagina-pai.php","meta":{"_acf_changed":false,"footnotes":""},"class_list":["post-385","page","type-page","status-publish","hentry"],"acf":[],"_links":{"self":[{"href":"https:\/\/www.unifan.edu.br\/unifan\/casanova\/wp-json\/wp\/v2\/pages\/385","targetHints":{"allow":["GET"]}}],"collection":[{"href":"https:\/\/www.unifan.edu.br\/unifan\/casanova\/wp-json\/wp\/v2\/pages"}],"about":[{"href":"https:\/\/www.unifan.edu.br\/unifan\/casanova\/wp-json\/wp\/v2\/types\/page"}],"author":[{"embeddable":true,"href":"https:\/\/www.unifan.edu.br\/unifan\/casanova\/wp-json\/wp\/v2\/users\/1"}],"replies":[{"embeddable":true,"href":"https:\/\/www.unifan.edu.br\/unifan\/casanova\/wp-json\/wp\/v2\/comments?post=385"}],"version-history":[{"count":1,"href":"https:\/\/www.unifan.edu.br\/unifan\/casanova\/wp-json\/wp\/v2\/pages\/385\/revisions"}],"predecessor-version":[{"id":386,"href":"https:\/\/www.unifan.edu.br\/unifan\/casanova\/wp-json\/wp\/v2\/pages\/385\/revisions\/386"}],"wp:attachment":[{"href":"https:\/\/www.unifan.edu.br\/unifan\/casanova\/wp-json\/wp\/v2\/media?parent=385"}],"curies":[{"name":"wp","href":"https:\/\/api.w.org\/{rel}","templated":true}]}}