{"id":396,"date":"2022-09-23T19:08:15","date_gmt":"2022-09-23T22:08:15","guid":{"rendered":"https:\/\/www.unifan.edu.br\/unifan\/casanova\/?page_id=396"},"modified":"2022-09-23T19:08:16","modified_gmt":"2022-09-23T22:08:16","slug":"anais-2021","status":"publish","type":"page","link":"https:\/\/www.unifan.edu.br\/unifan\/casanova\/editora\/3-1o-simposio-das-especialidades-e-ciencias-medicas\/anais-2021\/","title":{"rendered":"Anais 2021"},"content":{"rendered":"\n<p><a href=\"https:\/\/www.unifan.edu.br\/unifan\/aparecida\/wp-content\/uploads\/sites\/2\/2022\/02\/A-IMPORTANCIA-DA-EVOLUCAO-DA-TERAPIA-ANTIRRETROVIRAL-EVIDENCIADA-NO-RELATO-DE-CASO-SOBRE-SINDROME-DA-LIPODISTROFIA.pdf\">A IMPORT\u00c2NCIA DA EVOLU\u00c7\u00c3O DA TERAPIA ANTIRRETROVIRAL EVIDENCIADA NO RELATO DE CASO SOBRE S\u00cdNDROME DA LIPODISTROFIA<\/a><\/p>\n\n\n\n<p><a href=\"https:\/\/www.unifan.edu.br\/unifan\/aparecida\/wp-content\/uploads\/sites\/2\/2022\/02\/A-IMPORTANCIA-DA-HEMATOPOESE-NA-REGULACAO-DA-HOMEOSTASE-uma-revisao-bibliografica.pdf\">A IMPORT\u00c2NCIA DA HEMATOPOESE NA REGULA\u00c7\u00c3O DA HOMEOSTASE: uma revis\u00e3o bibliogr\u00e1fica<\/a><\/p>\n\n\n\n<p><a href=\"https:\/\/www.unifan.edu.br\/unifan\/aparecida\/wp-content\/uploads\/sites\/2\/2022\/02\/A-IMPORTANCIA-DO-DIAGNOSTICO-PRECOCE-PREVENCAO-E-TRATAMENTO-DO-ABSCESSO-DENTOALVEOLAR.pdf\">A IMPORT\u00c2NCIA DO DIAGN\u00d3STICO PRECOCE, PREVEN\u00c7\u00c3O E TRATAMENTO DO ABSCESSO DENTOALVEOLAR<\/a><\/p>\n\n\n\n<p><a href=\"https:\/\/www.unifan.edu.br\/unifan\/aparecida\/wp-content\/uploads\/sites\/2\/2022\/02\/AINES-E-SEUS-EFEITOS-CARDIOVASCULARES.pdf\">AINE&#8217;S E SEUS EFEITOS CARDIOVASCULARES<\/a><\/p>\n\n\n\n<p><a href=\"https:\/\/www.unifan.edu.br\/unifan\/aparecida\/wp-content\/uploads\/sites\/2\/2022\/02\/ALTERACOES-HEMATOLOGICAS-NA-COVID-19-E-OS-EFEITOS-DO-USO-INDISCRIMINADO-DO-KIT-COVID-uma-revisao-bibliografica.pdf\">ALTERA\u00c7\u00d5ES HEMATOL\u00d3GICAS NA COVID-19 E OS EFEITOS DO USO INDISCRIMINADO DO \u201cKIT COVID\u201d: uma revis\u00e3o bibliogr\u00e1fica<\/a><\/p>\n\n\n\n<p><a href=\"https:\/\/www.unifan.edu.br\/unifan\/aparecida\/wp-content\/uploads\/sites\/2\/2022\/02\/CANABINOIDES-uma-possivel-forma-de-tratamento-contra-neoplasias.pdf\">CANABIN\u00d3IDES: uma poss\u00edvel forma de tratamento contra neoplasias?<\/a><\/p>\n\n\n\n<p><a href=\"https:\/\/www.unifan.edu.br\/unifan\/aparecida\/wp-content\/uploads\/sites\/2\/2022\/02\/CANCER-NO-BRASIL-visoes-para-o-futuro.pdf\">C\u00c2NCER NO BRASIL: vis\u00f5es para o futuro<\/a><\/p>\n\n\n\n<p><a href=\"https:\/\/www.unifan.edu.br\/unifan\/aparecida\/wp-content\/uploads\/sites\/2\/2022\/02\/CIRURGIA-DE-SUBSTITUICAO-DA-VALVULA-AORTICA-E-O-USO-DA-CARDIOPLEGIA-DEL-NIDO-OU-CARDIOPLEGIA-SANGUINEA.pdf\">CIRURGIA DE SUBSTITUI\u00c7\u00c3O DA V\u00c1LVULA A\u00d3RTICA E O USO DA CARDIOPLEGIA DEL NIDO OU CARDIOPLEGIA SANGU\u00cdNEA<\/a><\/p>\n\n\n\n<p><a href=\"https:\/\/www.unifan.edu.br\/unifan\/aparecida\/wp-content\/uploads\/sites\/2\/2022\/02\/COMPLICACOES-AGUDAS-E-CRONICAS-DO-DIABETES-MELLITUS.pdf\">COMPLICA\u00c7\u00d5ES AGUDAS E CR\u00d4NICAS DO DIABETES MELLITUS<\/a><\/p>\n\n\n\n<p><a href=\"https:\/\/www.unifan.edu.br\/unifan\/aparecida\/wp-content\/uploads\/sites\/2\/2022\/02\/IMPACTO-DA-PANDEMIA-DA-COVID-19-NA-COBERTURA-VACINAL-DA-TUBERCULOSE-NO-BRASIL.pdf\">IMPACTO DA PANDEMIA DA COVID-19 NA COBERTURA VACINAL DA TUBERCULOSE NO BRASIL<\/a><\/p>\n\n\n\n<p><a href=\"https:\/\/www.unifan.edu.br\/unifan\/aparecida\/wp-content\/uploads\/sites\/2\/2022\/02\/INSONIA-CRONICA-DURANTE-A-PANDEMIA-DA-COVID-19-uma-revisao-bibliografica.pdf\">INS\u00d4NIA CR\u00d4NICA DURANTE A PANDEMIA DA COVID-19: uma revis\u00e3o bibliogr\u00e1fica<\/a><\/p>\n\n\n\n<p><a href=\"https:\/\/www.unifan.edu.br\/unifan\/aparecida\/wp-content\/uploads\/sites\/2\/2022\/02\/MONITORAMENTO-DA-INCIDENCIA-DE-CANCER-DE-COLO-UTERINO-NA-CIDADE-DE-GOIANIA-GO-NO-PERIODO-DE-1988-A-2014.pdf\">MONITORAMENTO DA INCID\u00caNCIA DE C\u00c2NCER DE COLO UTERINO NA CIDADE DE GOI\u00c2NIA &#8211; GO, NO PER\u00cdODO DE 1988 A 2014<\/a><\/p>\n\n\n\n<p><a href=\"https:\/\/www.unifan.edu.br\/unifan\/aparecida\/wp-content\/uploads\/sites\/2\/2022\/02\/O-USO-DE-NARGUILE-NA-POPULACAO-a-abordagem-voltada-para-a-atencao-primaria.pdf\">O USO DE NARGUIL\u00c9 NA POPULA\u00c7\u00c3O: a abordagem voltada para a aten\u00e7\u00e3o prim\u00e1ria<\/a><\/p>\n\n\n\n<p><a href=\"https:\/\/www.unifan.edu.br\/unifan\/aparecida\/wp-content\/uploads\/sites\/2\/2022\/02\/O-USO-DO-PADRAO-ABCDE-NO-ATENDIMENTO-A-VITIMA-DE-TRAUMA-BUCO-MAXILO-FACIAL-uma-revisao-de-literatura.pdf\">O USO DO PADR\u00c3O ABCDE NO ATENDIMENTO \u00c0 V\u00cdTIMA DE TRAUMA BUCO MAXILO FACIAL: uma revis\u00e3o de literatura<\/a><\/p>\n\n\n\n<p><a href=\"https:\/\/www.unifan.edu.br\/unifan\/aparecida\/wp-content\/uploads\/sites\/2\/2022\/02\/OS-DESAFIOS-ENFRENTADOS-PELA-ATENCAO-PRIMARIA-A-SAUDE-NO-MANEJO-DA-COVID-19-NO-BRASIL.pdf\">OS DESAFIOS ENFRENTADOS PELA ATEN\u00c7\u00c3O PRIM\u00c1RIA \u00c0 SA\u00daDE NO MANEJO DA COVID-19 NO BRASIL<\/a><\/p>\n\n\n\n<p><a href=\"https:\/\/www.unifan.edu.br\/unifan\/aparecida\/wp-content\/uploads\/sites\/2\/2022\/02\/PERFIL-EPIDEMIOLOGICO-DA-MENINGITE-EM-GOIAS-COM-ENFASE-EM-APARECIDA-DE-GOIANIA-DE-2010-A-2019.pdf\">PERFIL EPIDEMIOL\u00d3GICO DA MENINGITE EM GOI\u00c1S, COM \u00caNFASE EM APARECIDA DE GOI\u00c2NIA, DE 2010 A 2019<\/a><\/p>\n\n\n\n<p><a href=\"https:\/\/www.unifan.edu.br\/unifan\/aparecida\/wp-content\/uploads\/sites\/2\/2022\/02\/PERFIL-EPIDEMIOLOGICO-DAS-INTERNACOES-HOSPITALARES-POR-OTITE-MEDIA-E-DOENCAS-DA-MASTOIDE-EM-GOIAS-DE-2016-A-2020-EM-CRIANCAS-DE-0-A-14-ANOS.pdf\">PERFIL EPIDEMIOL\u00d3GICO DAS INTERNA\u00c7\u00d5ES HOSPITALARES POR OTITE M\u00c9DIA E DOEN\u00c7AS DA MAST\u00d3IDE EM GOI\u00c1S, DE 2016 A 2020, EM CRIAN\u00c7AS DE 0 A 14 ANOS<\/a><\/p>\n\n\n\n<p><a href=\"https:\/\/www.unifan.edu.br\/unifan\/aparecida\/wp-content\/uploads\/sites\/2\/2022\/02\/PREVENCAO-NA-FORMACAO-DE-PROCESSOS-PATOLOGICOS-ATRAVES-DAS-EXODONTIAS-DOS-TERCEIROS-MOLARES-INFERIORES.pdf\">PREVEN\u00c7\u00c3O NA FORMA\u00c7\u00c3O DE PROCESSOS PATOL\u00d3GICOS ATRAV\u00c9S DAS EXODONTIAS DOS TERCEIROS MOLARES INFERIORES<\/a><\/p>\n\n\n\n<p><a href=\"https:\/\/www.unifan.edu.br\/unifan\/aparecida\/wp-content\/uploads\/sites\/2\/2022\/02\/PROTOCOLOS-AUTOPSIAIS-NA-PANDEMIA-DE-COVID-19-revisao-internacional.pdf\">PROTOCOLOS AUTOPSIAIS NA PANDEMIA DE COVID-19: revis\u00e3o internacional<\/a><\/p>\n\n\n\n<p><a href=\"https:\/\/www.unifan.edu.br\/unifan\/aparecida\/wp-content\/uploads\/sites\/2\/2022\/02\/RELATO-DE-EXPERIENCIA-COM-O-USO-DO-ARCO-DE-MAGUEREZ-implicacoes-da-violencia-domestica-na-saude-da-mulher.pdf\">RELATO DE EXPERI\u00caNCIA COM O USO DO ARCO DE MAGUEREZ: implica\u00e7\u00f5es da viol\u00eancia dom\u00e9stica na sa\u00fade da mulher<\/a><\/p>\n\n\n\n<p><a href=\"https:\/\/www.unifan.edu.br\/unifan\/aparecida\/wp-content\/uploads\/sites\/2\/2022\/02\/RELATO-DE-EXPERIENCIA-NO-ACOMPANHAMENTO-A-GESTANTE-COM-DIAGNOSTICO-DE-PRE-ECLAMPSIA-orientacoes-para-adesao-ao-cuidado-pre-natal.pdf\">RELATO DE EXPERI\u00caNCIA NO ACOMPANHAMENTO A GESTANTE COM DIAGN\u00d3STICO DE PR\u00c9-ECL\u00c2MPSIA: orienta\u00e7\u00f5es para ades\u00e3o ao cuidado pr\u00e9-natal<\/a><\/p>\n\n\n\n<p><a href=\"https:\/\/www.unifan.edu.br\/unifan\/aparecida\/wp-content\/uploads\/sites\/2\/2022\/02\/RESSECCAO-CIRURGICA-DE-CISTO-DENTIGERO-EM-PACIENTE-PEDIATRICO-relato-de-caso.pdf\">RESSEC\u00c7\u00c3O CIR\u00daRGICA DE CISTO DENT\u00cdGERO EM PACIENTE PEDI\u00c1TRICO: relato de caso<\/a><\/p>\n\n\n\n<p><a href=\"https:\/\/www.unifan.edu.br\/unifan\/aparecida\/wp-content\/uploads\/sites\/2\/2022\/02\/RESSECCAO-DE-LIPOMA-NA-REGIAO-SUBMANDIBULAR-DIREITA-relato-de-caso.pdf\">RESSEC\u00c7\u00c3O DE LIPOMA NA REGI\u00c3O SUBMANDIBULAR DIREITA: relato de caso<\/a><\/p>\n\n\n\n<p><a href=\"https:\/\/www.unifan.edu.br\/unifan\/aparecida\/wp-content\/uploads\/sites\/2\/2022\/02\/SINDROME-DE-FADIGA-CRONICA-ASSOCIADA-A-PACIENTES-COM-CANCER-NOS-ULTIMOS-5-ANOS.pdf\">S\u00cdNDROME DE FADIGA CR\u00d4NICA ASSOCIADA A PACIENTES COM C\u00c2NCER NOS \u00daLTIMOS 5 ANOS<\/a><\/p>\n\n\n\n<p><a href=\"https:\/\/www.unifan.edu.br\/unifan\/aparecida\/wp-content\/uploads\/sites\/2\/2022\/02\/TRATAMENTO-AO-PACIENTE-COM-GRANDE-QUEIMADO-condutas-aplicadas-com-vistas-a-pratica-do-cirurgiao.pdf\">TRATAMENTO AO PACIENTE COM GRANDE QUEIMADO: condutas aplicadas, com vistas \u00e0 pr\u00e1tica do cirurgi\u00e3o<\/a><\/p>\n\n\n\n<p><a href=\"https:\/\/www.unifan.edu.br\/unifan\/aparecida\/wp-content\/uploads\/sites\/2\/2022\/02\/TRATAMENTO-CIRURGICO-DE-CELULITE-FLEGMONOSA-PERIMAXILAR-DE-ORIGEM-ODONTOGENICA-relato-de-caso.pdf\">TRATAMENTO CIR\u00daRGICO DE CELULITE FLEGMONOSA PERIMAXILAR DE ORIGEM ODONTOG\u00caNICA: relato de caso<\/a><\/p>\n\n\n\n<p><a href=\"https:\/\/www.unifan.edu.br\/unifan\/aparecida\/wp-content\/uploads\/sites\/2\/2022\/02\/TRATAMENTO-CIRURGICO-DE-FRATURA-PARCIAL-DE-MANDIBULA-relato-de-caso.pdf\">TRATAMENTO CIR\u00daRGICO DE FRATURA PARCIAL DE MAND\u00cdBULA: relato de caso<\/a> <\/p>\n\n\n\n<p><a href=\"https:\/\/www.unifan.edu.br\/unifan\/aparecida\/wp-content\/uploads\/sites\/2\/2022\/02\/TRATAMENTO-CIRURGICO-DE-ULCERA-TROCANTERICA-POR-PRESSAO-COM-RETALHO-MIOCUTANEO-EM-VY-relato-de-caso.pdf\">TRATAMENTO CIR\u00daRGICO DE \u00daLCERA TROCANT\u00c9RICA POR PRESS\u00c3O COM RETALHO MIOCUT\u00c2NEO EM VY: relato de caso<\/a><\/p>\n","protected":false},"excerpt":{"rendered":"<p>A IMPORT\u00c2NCIA DA EVOLU\u00c7\u00c3O DA TERAPIA ANTIRRETROVIRAL EVIDENCIADA NO RELATO DE CASO SOBRE S\u00cdNDROME DA LIPODISTROFIA A IMPORT\u00c2NCIA DA HEMATOPOESE NA REGULA\u00c7\u00c3O DA HOMEOSTASE: uma&hellip;<\/p>\n","protected":false},"author":1,"featured_media":0,"parent":391,"menu_order":0,"comment_status":"closed","ping_status":"closed","template":"template-pagina-pai.php","meta":{"_acf_changed":false,"footnotes":""},"class_list":["post-396","page","type-page","status-publish","hentry"],"acf":[],"_links":{"self":[{"href":"https:\/\/www.unifan.edu.br\/unifan\/casanova\/wp-json\/wp\/v2\/pages\/396","targetHints":{"allow":["GET"]}}],"collection":[{"href":"https:\/\/www.unifan.edu.br\/unifan\/casanova\/wp-json\/wp\/v2\/pages"}],"about":[{"href":"https:\/\/www.unifan.edu.br\/unifan\/casanova\/wp-json\/wp\/v2\/types\/page"}],"author":[{"embeddable":true,"href":"https:\/\/www.unifan.edu.br\/unifan\/casanova\/wp-json\/wp\/v2\/users\/1"}],"replies":[{"embeddable":true,"href":"https:\/\/www.unifan.edu.br\/unifan\/casanova\/wp-json\/wp\/v2\/comments?post=396"}],"version-history":[{"count":1,"href":"https:\/\/www.unifan.edu.br\/unifan\/casanova\/wp-json\/wp\/v2\/pages\/396\/revisions"}],"predecessor-version":[{"id":397,"href":"https:\/\/www.unifan.edu.br\/unifan\/casanova\/wp-json\/wp\/v2\/pages\/396\/revisions\/397"}],"up":[{"embeddable":true,"href":"https:\/\/www.unifan.edu.br\/unifan\/casanova\/wp-json\/wp\/v2\/pages\/391"}],"wp:attachment":[{"href":"https:\/\/www.unifan.edu.br\/unifan\/casanova\/wp-json\/wp\/v2\/media?parent=396"}],"curies":[{"name":"wp","href":"https:\/\/api.w.org\/{rel}","templated":true}]}}