{"id":409,"date":"2022-09-23T20:01:59","date_gmt":"2022-09-23T23:01:59","guid":{"rendered":"https:\/\/www.unifan.edu.br\/unifan\/casanova\/?page_id=409"},"modified":"2022-09-23T20:02:00","modified_gmt":"2022-09-23T23:02:00","slug":"regimento-interno-do-nucleo-de-pesquisa-e-extensao-em-direito-nupex","status":"publish","type":"page","link":"https:\/\/www.unifan.edu.br\/unifan\/casanova\/pesquisa\/6-nupex\/regimento-interno-do-nucleo-de-pesquisa-e-extensao-em-direito-nupex\/","title":{"rendered":"REGIMENTO INTERNO DO N\u00daCLEO DE PESQUISA E EXTENS\u00c3O EM DIREITO (NUPEX)"},"content":{"rendered":"\n<p>O&nbsp;N\u00facleo de Pesquisa e Extens\u00e3o (Nupex), do curso de Direito do Centro Universit\u00e1rio Alfredo Nasser (Unifan), \u00e9 voltado para o estudo, pesquisa e extens\u00e3o relacionados \u00e0 \u00e1rea de concentra\u00e7\u00e3o \u201cDireito e Cidadania\u201d. Seus objetivos s\u00e3o:<\/p>\n\n\n\n<p>I \u2013 Desenvolver atividades de car\u00e1ter did\u00e1tico-pedag\u00f3gico, social, cultural, art\u00edstico, tecnol\u00f3gico e de extens\u00e3o em rela\u00e7\u00e3o \u00e0 sociedade local e regional;<\/p>\n\n\n\n<p>II \u2013 Buscar a interdisciplinaridade e integra\u00e7\u00e3o da matriz disciplinar em Aparecida de Goi\u00e2nia, Goi\u00e1s, com as suas unidades em Casa Nova e Remanso, Bahia e Pontalina em Goi\u00e1s;<\/p>\n\n\n\n<p>III \u2013 Incentivar a aglutina\u00e7\u00e3o de docentes que trabalham em assuntos comuns e espec\u00edficos, propiciando apoio institucional no desenvolvimento de suas atividades;<\/p>\n\n\n\n<p>IV \u2013 Estimular a participa\u00e7\u00e3o dos estudantes e docentes em projetos de inicia\u00e7\u00e3o cient\u00edfica e demais atividades acad\u00eamicas;<\/p>\n\n\n\n<p>V \u2013 Permitir um claro delineamento das linhas de pesquisa e seus respectivos grupos de estudo aos alunos e docentes;<\/p>\n\n\n\n<p>VI &#8211; Viabilizar a execu\u00e7\u00e3o das atividades relativas \u00e0 elabora\u00e7\u00e3o do Trabalho de Conclus\u00e3o de Curso.<\/p>\n\n\n\n<p><a href=\"https:\/\/www.unifan.edu.br\/unifan\/aparecida\/wp-content\/uploads\/sites\/2\/2021\/06\/Resolucao-n.-34-CS-de-28-06-2021-Regimento-Interno_NUPEX_Direito.pdf\">Para acessar o Regimento Interno do Nupex, clique aqui&nbsp;<\/a><\/p>\n","protected":false},"excerpt":{"rendered":"<p>O&nbsp;N\u00facleo de Pesquisa e Extens\u00e3o (Nupex), do curso de Direito do Centro Universit\u00e1rio Alfredo Nasser (Unifan), \u00e9 voltado para o estudo, pesquisa e extens\u00e3o relacionados&hellip;<\/p>\n","protected":false},"author":1,"featured_media":0,"parent":367,"menu_order":0,"comment_status":"closed","ping_status":"closed","template":"template-pagina-pai.php","meta":{"_acf_changed":false,"footnotes":""},"class_list":["post-409","page","type-page","status-publish","hentry"],"acf":[],"_links":{"self":[{"href":"https:\/\/www.unifan.edu.br\/unifan\/casanova\/wp-json\/wp\/v2\/pages\/409","targetHints":{"allow":["GET"]}}],"collection":[{"href":"https:\/\/www.unifan.edu.br\/unifan\/casanova\/wp-json\/wp\/v2\/pages"}],"about":[{"href":"https:\/\/www.unifan.edu.br\/unifan\/casanova\/wp-json\/wp\/v2\/types\/page"}],"author":[{"embeddable":true,"href":"https:\/\/www.unifan.edu.br\/unifan\/casanova\/wp-json\/wp\/v2\/users\/1"}],"replies":[{"embeddable":true,"href":"https:\/\/www.unifan.edu.br\/unifan\/casanova\/wp-json\/wp\/v2\/comments?post=409"}],"version-history":[{"count":1,"href":"https:\/\/www.unifan.edu.br\/unifan\/casanova\/wp-json\/wp\/v2\/pages\/409\/revisions"}],"predecessor-version":[{"id":410,"href":"https:\/\/www.unifan.edu.br\/unifan\/casanova\/wp-json\/wp\/v2\/pages\/409\/revisions\/410"}],"up":[{"embeddable":true,"href":"https:\/\/www.unifan.edu.br\/unifan\/casanova\/wp-json\/wp\/v2\/pages\/367"}],"wp:attachment":[{"href":"https:\/\/www.unifan.edu.br\/unifan\/casanova\/wp-json\/wp\/v2\/media?parent=409"}],"curies":[{"name":"wp","href":"https:\/\/api.w.org\/{rel}","templated":true}]}}