{"id":417,"date":"2022-09-23T20:04:47","date_gmt":"2022-09-23T23:04:47","guid":{"rendered":"https:\/\/www.unifan.edu.br\/unifan\/casanova\/?page_id=417"},"modified":"2022-09-23T20:04:48","modified_gmt":"2022-09-23T23:04:48","slug":"procedimento","status":"publish","type":"page","link":"https:\/\/www.unifan.edu.br\/unifan\/casanova\/pesquisa\/4-ceua\/procedimento\/","title":{"rendered":"Procedimento"},"content":{"rendered":"\n<p><strong>CONCEA<\/strong><\/p>\n\n\n\n<p class=\"has-text-align-left has-small-font-size\"> <a rel=\"noreferrer noopener\" href=\"https:\/\/ceua.prpg.ufg.br\/up\/325\/o\/E-BOOK._NORMATIVAS_DO_CONCEA_PARA_PRODU%C3%87%C3%83O._MANUTEN%C3%87%C3%83O_OU_UTILIZA%C3%87%C3%83O_DE_ANIMAIS_EM_ATIVIDADES_DE_ENSINO_OU_PESQUISA_CIENT%C3%8DFICA.pdf\" target=\"_blank\"><strong>NORMATIVAS DO CONCEA PARA PRODU\u00c7\u00c3O. MANUTEN\u00c7\u00c3O OU UTILIZA\u00c7\u00c3O DE ANIMAIS EM ATIVIDADES DE ENSINO OU PESQUISA CIENT\u00cdFICA, 07 DE DEZEMBRO DE 2015<\/strong><\/a> <\/p>\n\n\n\n<p class=\"has-small-font-size\"> O E-book traz na \u00edntegra a lei, decreto, portarias, normativas, resolu\u00e7\u00f5es e orienta\u00e7\u00f5es t\u00e9cnicas vigentes no CONCEA. <\/p>\n\n\n\n<p><strong>PESQUISA<\/strong><\/p>\n\n\n\n<p>1- Formul\u00e1rio de\nProtocolo CEUAFAN (<a href=\"https:\/\/www.faculdadealfredonasser.edu.br\/files\/diracademica\/23-07-2018-14.16.25.doc\" target=\"_blank\" rel=\"noreferrer noopener\">modelo<\/a>)&nbsp;<\/p>\n\n\n\n<p>2- Projeto de Pesquisa\nsegundo as normas de formata\u00e7\u00e3o da UNIFAN <\/p>\n\n\n\n<p>3- Termo de\nResponsabilidade assinado por pesquisadores e participantes envolvidos no\nprojeto (<a href=\"https:\/\/www.faculdadealfredonasser.edu.br\/files\/diracademica\/23-07-2018-14.16.48.doc\" target=\"_blank\" rel=\"noreferrer noopener\">modelo<\/a>)&nbsp;<\/p>\n\n\n\n<p>4- Caso o projeto seja\ndesenvolvido em outras unidades e\/ou institui\u00e7\u00f5es e\/ou \u00f3rg\u00e3os p\u00fablicos, dever\u00e1\nser inserido um <strong>Termo de Autoriza\u00e7\u00e3o<\/strong>\ndo local.<\/p>\n\n\n\n<p>5- Caso o projeto seja desenvolvido\nempregando animais que possuam propriet\u00e1rios, dever\u00e1 ser inserido um modelo<strong>&nbsp;Termo de Consentimento Livre e Esclarecido (<a href=\"https:\/\/www.faculdadealfredonasser.edu.br\/files\/diracademica\/23-07-2018-14.17.08.doc\" target=\"_blank\" rel=\"noreferrer noopener\">modelo sugerido<\/a>)<\/strong><\/p>\n\n\n\n<p><strong>6- <\/strong>Caso o projeto seja desenvolvido com uso de\nanimais da fauna brasileira (silvestres), o pesquisador dever\u00e1 anexar o&nbsp;<strong>Comprovante de submiss\u00e3o ou o Parecer de aprova\u00e7\u00e3o<\/strong>&nbsp;do\nSISBIO<\/p>\n\n\n\n<p>**** Os documentos dos itens <strong>1,\n2, 3, 4, 5 e 6<\/strong> dever\u00e3o estar no formato pdf e encaminhados todos em um\n\u00fanico email para <a href=\"mailto:ceufan@unifan.edu.br\"><strong>ceufan@unifan.edu.br<\/strong><\/a><\/p>\n\n\n\n<p><strong>AULAS PR\u00c1TICAS<\/strong><\/p>\n\n\n\n<p>1- Formul\u00e1rio de Protocolo da CEUFAN (<a href=\"https:\/\/www.faculdadealfredonasser.edu.br\/files\/diracademica\/23-07-2018-14.17.55.doc\" target=\"_blank\" rel=\"noreferrer noopener\">modelo<\/a>)<\/p>\n\n\n\n<p>2- Termo de Responsabilidade assinado por\npesquisadores e participantes envolvidos no projeto (<a href=\"https:\/\/www.faculdadealfredonasser.edu.br\/files\/diracademica\/23-07-2018-14.16.48.doc\" target=\"_blank\" rel=\"noreferrer noopener\">modelo<\/a>)<\/p>\n\n\n\n<p>**** Os documentos dos itens <strong>1 e\n2<\/strong> dever\u00e3o estar no formato pdf e encaminhados todos em um \u00fanico email para <a href=\"mailto:ceufan@unifan.edu.br\"><strong>ceufan@unifan.edu.br<\/strong><\/a><strong><\/strong><\/p>\n\n\n\n<p><strong>PEDIDOS DE EMENDAS<\/strong><\/p>\n\n\n\n<p><strong>1- Formul\u00e1rio de Pedido de\nEmenda<\/strong>&nbsp;da CEUAFAN&nbsp;(<a href=\"https:\/\/www.faculdadealfredonasser.edu.br\/files\/diracademica\/23-07-2018-14.18.07.doc\" target=\"_blank\" rel=\"noreferrer noopener\">modelo<\/a>)<\/p>\n\n\n\n<p>2-&nbsp;<strong>Termo de Responsabilidade<\/strong>&nbsp;assinado pelos\nprofessores e auxiliares inclu\u00eddos no projeto de pesquisa ou aula pr\u00e1tica. Este\ntermo SOMENTE dever\u00e1 ser anexado se houver mudan\u00e7as nos participantes (<a href=\"https:\/\/www.faculdadealfredonasser.edu.br\/files\/diracademica\/23-07-2018-14.16.48.doc\" target=\"_blank\" rel=\"noreferrer noopener\">modelo<\/a>)&nbsp;<\/p>\n\n\n\n<p>**** Os documentos dos itens <strong>1 e\n2<\/strong> dever\u00e3o estar no formato pdf e encaminhados todos em um \u00fanico email para <a href=\"mailto:ceufan@unifan.edu.br\"><strong>ceufan@unifan.edu.br<\/strong><\/a><\/p>\n\n\n\n<p><strong>RELAT\u00d3RIO FINAL<\/strong><\/p>\n\n\n\n<p>1- Formul\u00e1rio de Relat\u00f3rio Final CEUFAN (<a href=\"https:\/\/www.faculdadealfredonasser.edu.br\/files\/diracademica\/23-07-2018-21.20.34.doc\" target=\"_blank\" rel=\"noreferrer noopener\">modelo<\/a>)<\/p>\n\n\n\n<p>**** O documento do iten <strong>1 <\/strong>dever\u00e1 estar no formato pdf e encaminhado em um \u00fanico email para <a href=\"mailto:ceufan@unifan.edu.br\"><strong>ceufan@unifan.edu.br<\/strong><\/a><\/p>\n","protected":false},"excerpt":{"rendered":"<p>CONCEA NORMATIVAS DO CONCEA PARA PRODU\u00c7\u00c3O. MANUTEN\u00c7\u00c3O OU UTILIZA\u00c7\u00c3O DE ANIMAIS EM ATIVIDADES DE ENSINO OU PESQUISA CIENT\u00cdFICA, 07 DE DEZEMBRO DE 2015 O E-book&hellip;<\/p>\n","protected":false},"author":1,"featured_media":0,"parent":363,"menu_order":0,"comment_status":"closed","ping_status":"closed","template":"template-pagina-pai.php","meta":{"_acf_changed":false,"footnotes":""},"class_list":["post-417","page","type-page","status-publish","hentry"],"acf":[],"_links":{"self":[{"href":"https:\/\/www.unifan.edu.br\/unifan\/casanova\/wp-json\/wp\/v2\/pages\/417","targetHints":{"allow":["GET"]}}],"collection":[{"href":"https:\/\/www.unifan.edu.br\/unifan\/casanova\/wp-json\/wp\/v2\/pages"}],"about":[{"href":"https:\/\/www.unifan.edu.br\/unifan\/casanova\/wp-json\/wp\/v2\/types\/page"}],"author":[{"embeddable":true,"href":"https:\/\/www.unifan.edu.br\/unifan\/casanova\/wp-json\/wp\/v2\/users\/1"}],"replies":[{"embeddable":true,"href":"https:\/\/www.unifan.edu.br\/unifan\/casanova\/wp-json\/wp\/v2\/comments?post=417"}],"version-history":[{"count":1,"href":"https:\/\/www.unifan.edu.br\/unifan\/casanova\/wp-json\/wp\/v2\/pages\/417\/revisions"}],"predecessor-version":[{"id":418,"href":"https:\/\/www.unifan.edu.br\/unifan\/casanova\/wp-json\/wp\/v2\/pages\/417\/revisions\/418"}],"up":[{"embeddable":true,"href":"https:\/\/www.unifan.edu.br\/unifan\/casanova\/wp-json\/wp\/v2\/pages\/363"}],"wp:attachment":[{"href":"https:\/\/www.unifan.edu.br\/unifan\/casanova\/wp-json\/wp\/v2\/media?parent=417"}],"curies":[{"name":"wp","href":"https:\/\/api.w.org\/{rel}","templated":true}]}}