{"id":425,"date":"2022-09-23T20:09:08","date_gmt":"2022-09-23T23:09:08","guid":{"rendered":"https:\/\/www.unifan.edu.br\/unifan\/casanova\/?page_id=425"},"modified":"2022-09-23T20:09:14","modified_gmt":"2022-09-23T23:09:14","slug":"como-proceder","status":"publish","type":"page","link":"https:\/\/www.unifan.edu.br\/unifan\/casanova\/pesquisa\/3-cep\/como-proceder\/","title":{"rendered":"Como proceder"},"content":{"rendered":"\n<h5 class=\"has-text-align-center wp-block-heading\"> COMO ENCAMINHAR UM PROJETO DE PESQUISA <\/h5>\n\n\n\n<p>\u2013 PLATAFORMA BRASIL: O pesquisador respons\u00e1vel dever\u00e1 fazer o cadastro na Plataforma Brasil no link &nbsp;<a href=\"https:\/\/www.saude.gov.br\/plataformabrasil\" target=\"_blank\" rel=\"noreferrer noopener\">www.saude.gov.br\/plataformabrasil<\/a><\/p>\n\n\n\n<p>II \u2013 PLATAFORMA BRASIL: As informa\u00e7\u00f5es da pesquisa ser\u00e3o depositadas \u00e0 medida que os itens (conforme listados abaixo) forem solicitados dentro do sistema Plataforma Brasil, passo a passo.<\/p>\n\n\n\n<p>Ao concluir todas as etapas o sistema Plataforma Brasil gerar\u00e1 uma&nbsp;<strong>Folha de Rosto<\/strong>&nbsp;que dever\u00e1 ser impressa, completados os campos em branco (manuscritos), carimbado e assinado pelos respons\u00e1veis, isto \u00e9 pesquisador respons\u00e1vel, respons\u00e1vel pela institui\u00e7\u00e3o proponente, e se houver financiamento dever\u00e1 ser carimbada e assinada pelo respons\u00e1vel pelo fomento.<\/p>\n\n\n\n<p><em>Deve-se inserir o Curr\u00edculo Lattes do respons\u00e1vel pela pesquisa e dos demais pesquisadores, quando se tratar de pesquisa que envolva uma equipe\/assistentes.<\/em><em><\/em><\/p>\n\n\n\n<p><strong>Itens&nbsp;obrigat\u00f3rios na composi\u00e7\u00e3o\/reda\u00e7\u00e3o do Projeto conforme a Plataforma Brasil:<\/strong><\/p>\n\n\n\n<p>1. Desenho do estudo: um resumo da metodologia da pesquisa<\/p>\n\n\n\n<p>2. Introdu\u00e7\u00e3o<\/p>\n\n\n\n<p>3. Resumo<\/p>\n\n\n\n<p>4. Hip\u00f3tese<\/p>\n\n\n\n<p>5. Objetivo Prim\u00e1rio<\/p>\n\n\n\n<p>6. Objetivo Secund\u00e1rio<\/p>\n\n\n\n<p>7. Metodologia proposta: contendo tipo de estudo, local, popula\u00e7\u00e3o, amostragem e tamanho da amostra, coleta de dados e aspectos \u00e9ticos<\/p>\n\n\n\n<p>8. Crit\u00e9rio de Inclus\u00e3o<\/p>\n\n\n\n<p>9. Crit\u00e9rio de Exclus\u00e3o<\/p>\n\n\n\n<p>10. Riscos e como minimiz\u00e1-los<\/p>\n\n\n\n<p>11. Benef\u00edcios<\/p>\n\n\n\n<p>12. Metodologia de An\u00e1lise de Dados<\/p>\n\n\n\n<p>13. Desfecho Prim\u00e1rio: resultados esperados<\/p>\n\n\n\n<p>14. Cronograma<\/p>\n\n\n\n<p>15. Or\u00e7amento<\/p>\n\n\n\n<p>16. Refer\u00eancias<\/p>\n\n\n\n<p>17. Anexos<\/p>\n\n\n\n<p>III \u2013 Escanear e anexar na Plataforma Brasil a Folha de Rosto assinada e carimbada, com todos os espa\u00e7os em branco preenchidos.<\/p>\n\n\n\n<p>IV \u2013 Anexar na Plataforma Brasil todos os ap\u00eandices ou anexos do projeto tais como:<\/p>\n\n\n\n<p>\u00b7&nbsp;&nbsp;Termo de Consentimento Livre e Esclarecido (TCLE) ou o Termo de Manuseio de Dados, para menores de 18 anos Termo de Assentimento (al\u00e9m do TCLE);<\/p>\n\n\n\n<p class=\"has-text-align-center\"><strong>MODELOS<\/strong><\/p>\n\n\n\n<p class=\"has-small-font-size\"><a href=\"https:\/\/www.unifan.edu.br\/unifan\/aparecida\/wp-content\/uploads\/sites\/2\/2021\/12\/1.AUTORIZACAO-E-CORRESPONSABILIDADE.docx\">1. AUTORIZA\u00c7\u00c3O E CORRESPONSABILIDADE<\/a><\/p>\n\n\n\n<p class=\"has-small-font-size\"><a href=\"https:\/\/www.unifan.edu.br\/unifan\/aparecida\/wp-content\/uploads\/sites\/2\/2021\/12\/2.-DECLARACAO-DE-PARECER-FAVORAVEL-DO-A-ORIENTADOR-A.docx\">2. DECLARA\u00c7\u00c3O PARECER FAVOR\u00c1VEL ORIENTADOR<\/a><\/p>\n\n\n\n<p class=\"has-small-font-size\"><a href=\"https:\/\/www.unifan.edu.br\/unifan\/aparecida\/wp-content\/uploads\/sites\/2\/2021\/12\/3.-TERMO-DE-CONFIDENCIALIDADE.docx\">3. TERMO DE CONFIABILIDADE<\/a><\/p>\n\n\n\n<p class=\"has-small-font-size\"><a href=\"https:\/\/www.unifan.edu.br\/unifan\/aparecida\/wp-content\/uploads\/sites\/2\/2021\/12\/4.-TERMO-DE-AUTORIZACAO-PARA-UTILIZACAO-E-MANUSEIO-DE-DADOS.docx\">4. TERMO DE AUTORIZA\u00c7\u00c3O MANUSEIO DE DADOS<\/a><\/p>\n\n\n\n<p class=\"has-small-font-size\"><a href=\"https:\/\/www.unifan.edu.br\/unifan\/aparecida\/wp-content\/uploads\/sites\/2\/2021\/12\/5.-TERMO-DE-CONSENTIMENTO-LIVRE-E-ESCLARECIDO-TCLE.docx\">5.TERMO DE CONSENTIMENTO LIVRE ESCLARECIDO<\/a><\/p>\n\n\n\n<p class=\"has-small-font-size\"><a href=\"https:\/\/www.unifan.edu.br\/unifan\/aparecida\/wp-content\/uploads\/sites\/2\/2021\/12\/5.1.-TERMO-DE-DISPENSA-DE-TCLE.docx\">5.1 TERMO DISPENSA DO TCLE<\/a><\/p>\n\n\n\n<p class=\"has-small-font-size\"><a href=\"https:\/\/www.unifan.edu.br\/unifan\/aparecida\/wp-content\/uploads\/sites\/2\/2021\/12\/6.-TERMO-DE-ASSENTIMENTO-DO-MENOR.docx\">6. TERMO DE ASSENTIMENTO DO  MENOR<\/a><\/p>\n\n\n\n<p class=\"has-small-font-size\"><a href=\"https:\/\/www.unifan.edu.br\/unifan\/aparecida\/wp-content\/uploads\/sites\/2\/2021\/12\/7.-SOLICITACAO-DE-RETIRADA-DE-PROJETO.docx\">7.SOLICITA\u00c7\u00c3O DE RETIRADA DO PROJETO<\/a><\/p>\n","protected":false},"excerpt":{"rendered":"<p>COMO ENCAMINHAR UM PROJETO DE PESQUISA \u2013 PLATAFORMA BRASIL: O pesquisador respons\u00e1vel dever\u00e1 fazer o cadastro na Plataforma Brasil no link &nbsp;www.saude.gov.br\/plataformabrasil II \u2013 PLATAFORMA&hellip;<\/p>\n","protected":false},"author":1,"featured_media":0,"parent":361,"menu_order":0,"comment_status":"closed","ping_status":"closed","template":"template-pagina-pai.php","meta":{"_acf_changed":false,"footnotes":""},"class_list":["post-425","page","type-page","status-publish","hentry"],"acf":[],"_links":{"self":[{"href":"https:\/\/www.unifan.edu.br\/unifan\/casanova\/wp-json\/wp\/v2\/pages\/425","targetHints":{"allow":["GET"]}}],"collection":[{"href":"https:\/\/www.unifan.edu.br\/unifan\/casanova\/wp-json\/wp\/v2\/pages"}],"about":[{"href":"https:\/\/www.unifan.edu.br\/unifan\/casanova\/wp-json\/wp\/v2\/types\/page"}],"author":[{"embeddable":true,"href":"https:\/\/www.unifan.edu.br\/unifan\/casanova\/wp-json\/wp\/v2\/users\/1"}],"replies":[{"embeddable":true,"href":"https:\/\/www.unifan.edu.br\/unifan\/casanova\/wp-json\/wp\/v2\/comments?post=425"}],"version-history":[{"count":1,"href":"https:\/\/www.unifan.edu.br\/unifan\/casanova\/wp-json\/wp\/v2\/pages\/425\/revisions"}],"predecessor-version":[{"id":426,"href":"https:\/\/www.unifan.edu.br\/unifan\/casanova\/wp-json\/wp\/v2\/pages\/425\/revisions\/426"}],"up":[{"embeddable":true,"href":"https:\/\/www.unifan.edu.br\/unifan\/casanova\/wp-json\/wp\/v2\/pages\/361"}],"wp:attachment":[{"href":"https:\/\/www.unifan.edu.br\/unifan\/casanova\/wp-json\/wp\/v2\/media?parent=425"}],"curies":[{"name":"wp","href":"https:\/\/api.w.org\/{rel}","templated":true}]}}