{"id":427,"date":"2022-09-23T20:11:45","date_gmt":"2022-09-23T23:11:45","guid":{"rendered":"https:\/\/www.unifan.edu.br\/unifan\/casanova\/?page_id=427"},"modified":"2022-09-23T20:11:46","modified_gmt":"2022-09-23T23:11:46","slug":"anais-do-pesquisar","status":"publish","type":"page","link":"https:\/\/www.unifan.edu.br\/unifan\/casanova\/pesquisa\/1-pesquisar\/anais-do-pesquisar\/","title":{"rendered":"ANAIS DO PESQUISAR"},"content":{"rendered":"\n<p><strong><a href=\"https:\/\/www.unifan.edu.br\/unifan\/aparecida\/?page_id=6205&amp;preview=true\">SAR \u2013 Congresso Interdisciplinar de Produ\u00e7\u00e3o Cient\u00edfica<\/a><\/strong><br>Anais do X PESQUISAR, Congresso Interdisciplinar de Produ\u00e7\u00e3o Cient\u00edfica do Centro Universit\u00e1rio Alfredo Nasser, realizado entre os dias de 20 a 22 de outubro de 2021.&nbsp;ISSN 2447-2239&nbsp;<\/p>\n\n\n\n<figure class=\"wp-block-gallery has-nested-images columns-default is-cropped wp-block-gallery-1 is-layout-flex wp-block-gallery-is-layout-flex\">\n<figure class=\"wp-block-image size-large\"><img decoding=\"async\" data-id=\"3897\" src=\"https:\/\/www.unifan.edu.br\/unifan\/aparecida\/wp-content\/uploads\/sites\/2\/2021\/05\/pesquisar-sd-1024x497.jpg\" alt=\"\" class=\"wp-image-3897\"\/><figcaption><br><\/figcaption><\/figure>\n<\/figure>\n\n\n\n<p><a href=\"https:\/\/www.unifan.edu.br\/unifan\/aparecida\/?page_id=3832\"><strong>IX PESQUISAR \u2013 Congresso Interdisciplinar de Produ\u00e7\u00e3o Cient\u00edfica<\/strong><\/a><br>Anais do IX PESQUISAR, Congresso Interdisciplinar de Produ\u00e7\u00e3o Cient\u00edfica do Centro Universit\u00e1rio Alfredo Nasser, realizado entre os dias 21 e 23 de outubro de 2020 de forma remota pelo aplicativo Zoom.&nbsp;ISSN 2447-2239&nbsp;<\/p>\n\n\n\n<figure class=\"wp-block-gallery has-nested-images columns-default is-cropped wp-block-gallery-2 is-layout-flex wp-block-gallery-is-layout-flex\">\n<figure class=\"wp-block-image size-large\"><img decoding=\"async\" data-id=\"2778\" src=\"https:\/\/www.unifan.edu.br\/unifan\/aparecida\/wp-content\/uploads\/sites\/2\/2020\/07\/logo-1024x363.jpg\" alt=\"\" class=\"wp-image-2778\"\/><\/figure>\n<\/figure>\n\n\n\n<p><strong><a href=\"https:\/\/www.unifan.edu.br\/unifan\/aparecida\/?page_id=2776\">VIII PESQUISAR &#8211; Congresso Interdisciplinar de Produ\u00e7\u00e3o Cient\u00edfica<\/a><\/strong><br> Anais do VIII PESQUISAR, Congresso Interdisciplinar de Produ\u00e7\u00e3o Cient\u00edfica  da Faculdade Alfredo Nasser, realizado em Aparecida de Goi\u00e2nia&nbsp; nos  dias 16 a 18 de outubro de 2019.<br>ISSN 2447-2239&nbsp; <\/p>\n\n\n\n<figure class=\"wp-block-gallery has-nested-images columns-default is-cropped wp-block-gallery-3 is-layout-flex wp-block-gallery-is-layout-flex\">\n<figure class=\"wp-block-image size-large\"><img decoding=\"async\" data-id=\"2235\" src=\"https:\/\/www.unifan.edu.br\/unifan\/aparecida\/wp-content\/uploads\/sites\/2\/2020\/02\/7pesquisar-logo_-1024x376.png\" alt=\"\" class=\"wp-image-2235\"\/><\/figure>\n<\/figure>\n\n\n\n<p><strong><a href=\"https:\/\/www.unifan.edu.br\/unifan\/aparecida\/?page_id=2198\">VII PESQUISAR &#8211; Congresso Interdisciplinar de Produ\u00e7\u00e3o Cient\u00edfica<\/a><\/strong><br> Anais do VII PESQUISAR, Congresso Interdisciplinar de Produ\u00e7\u00e3o Cient\u00edfica  da Faculdade Alfredo Nasser, realizado em Aparecida de Goi\u00e2nia&nbsp; nos  dias 15 a 17 de outubro de 2018.<br>ISSN 2447-2239&nbsp; <\/p>\n\n\n\n<figure class=\"wp-block-image\"><img decoding=\"async\" src=\"https:\/\/www.faculdadealfredonasser.edu.br\/files\/diracademica\/09-02-2018-09.51.18.png\" alt=\"\"\/><\/figure>\n\n\n\n<p><strong><a href=\"https:\/\/www.unifan.edu.br\/unifan\/aparecida\/?page_id=1845\">VI PESQUISAR &#8211; Congresso Interdisciplinar de Produ\u00e7\u00e3o Cient\u00edfica<\/a><\/strong><br>Anais do VI PESQUISAR, Congresso Interdisciplinar de Produ\u00e7\u00e3o Cient\u00edfica da Faculdade Alfredo Nasser, realizado em Aparecida de Goi\u00e2nia&nbsp; nos dias 16 a 18 de outubro de 2017.<br>ISSN 2447-2239&nbsp;<\/p>\n\n\n\n<p><\/p>\n\n\n\n<figure class=\"wp-block-image\"><img decoding=\"async\" src=\"https:\/\/www.faculdadealfredonasser.edu.br\/files\/imagens\/17-11-2016-10.33.45.jpg\" alt=\"\"\/><\/figure>\n\n\n\n<p><strong><a href=\"https:\/\/www.unifan.edu.br\/unifan\/aparecida\/?page_id=1728\">V PESQUISAR &#8211; Semin\u00e1rio Interdisciplinar de Produ\u00e7\u00e3o Cient\u00edfica<\/a><\/strong><br>Anais do V PESQUISAR, Semin\u00e1rio Interdisciplinar de Produ\u00e7\u00e3o Cient\u00edfica da Faculdade Alfredo Nasser, realizado em Aparecida de Goi\u00e2nia&nbsp; nos dias 17 a 19 de outubro de 2016.<br>ISSN 2447-2239&nbsp;<\/p>\n\n\n\n<p><\/p>\n\n\n\n<p><\/p>\n\n\n\n<figure class=\"wp-block-image\"><img decoding=\"async\" src=\"https:\/\/www.faculdadealfredonasser.edu.br\/files\/imagens\/logo%204%C2%BA%20pesquisar%20fundo%20vermelho%20pequeno.png\" alt=\"\"\/><\/figure>\n\n\n\n<p><strong><a href=\"https:\/\/www.unifan.edu.br\/unifan\/aparecida\/?page_id=1839\">IV PESQUISAR &#8211; Semin\u00e1rio Interdisciplinar de Produ\u00e7\u00e3o Cient\u00edfica<\/a><\/strong><br>Anais do IV PESQUISAR, Semin\u00e1rio Interdisciplinar de Produ\u00e7\u00e3o Cient\u00edfica da Faculdade Alfredo Nasser, realizado em Aparecida de Goi\u00e2nia&nbsp; nos dias 21 a 23 de outubro de 2015.<br>ISSN 2447-2239&nbsp;<\/p>\n\n\n\n<p><\/p>\n\n\n\n<p><\/p>\n\n\n\n<p><\/p>\n\n\n\n<figure class=\"wp-block-image\"><img decoding=\"async\" src=\"https:\/\/www.faculdadealfredonasser.edu.br\/files\/noticias\/logo.jpg\" alt=\"\"\/><\/figure>\n\n\n\n<p><strong><a href=\"https:\/\/www.unifan.edu.br\/unifan\/aparecida\/?page_id=1702\">III PESQUISAR &#8211; Semin\u00e1rio Interdisciplinar de Produ\u00e7\u00e3o Cient\u00edfica<\/a><\/strong><br>Anais do III PESQUISAR, Semin\u00e1rio Interdisciplinar de Produ\u00e7\u00e3o Cient\u00edfica da Faculdade Alfredo Nasser, realizado em Aparecida de Goi\u00e2nia&nbsp; nos dias 22 e 23 de outubro de 2014.<br>ISSN 2447-2239&nbsp;<\/p>\n\n\n\n<p><\/p>\n\n\n\n<p><\/p>\n\n\n\n<p><\/p>\n\n\n\n<figure class=\"wp-block-image\"><img decoding=\"async\" src=\"https:\/\/www.unifan.edu.br\/unifan\/aparecida\/wp-content\/uploads\/sites\/2\/2019\/08\/image.png\" alt=\"\" class=\"wp-image-451\"\/><\/figure>\n\n\n\n<p><strong><a href=\"https:\/\/www.unifan.edu.br\/unifan\/aparecida\/?page_id=1842\">II PESQUISAR &#8211; Semin\u00e1rio Interdisciplinar de Produ\u00e7\u00e3o Cient\u00edfica<\/a><\/strong><br>Anais do II PESQUISAR, Semin\u00e1rio Interdisciplinar de Produ\u00e7\u00e3o Cient\u00edfica da Faculdade Alfredo Nasser, realizado em Aparecida de Goi\u00e2nia&nbsp; nos dias 16 e 17 de outubro de 2013.<br>ISSN 2447-2239&nbsp;&nbsp;<\/p>\n\n\n\n<p><\/p>\n\n\n\n<p><\/p>\n\n\n\n<p><\/p>\n\n\n\n<figure class=\"wp-block-image\"><img decoding=\"async\" src=\"https:\/\/www.unifan.edu.br\/unifan\/aparecida\/wp-content\/uploads\/sites\/2\/2019\/08\/image-1.png\" alt=\"\" class=\"wp-image-452\"\/><\/figure>\n\n\n\n<p><strong><a href=\"https:\/\/www.unifan.edu.br\/unifan\/aparecida\/?page_id=1689\">I PESQUISAR &#8211; Semin\u00e1rio Interdisciplinar de Produ\u00e7\u00e3o Cient\u00edfica<\/a><\/strong><br>Anais do I PESQUISAR, Semin\u00e1rio Interdisciplinar de Produ\u00e7\u00e3o Cient\u00edfica da Faculdade Alfredo Nasser, realizado em Aparecida de Goi\u00e2nia nos dias 07 e 08 de mar\u00e7o de 2012.<br>ISSN 2447-2239&nbsp;<\/p>\n","protected":false},"excerpt":{"rendered":"<p>SAR \u2013 Congresso Interdisciplinar de Produ\u00e7\u00e3o Cient\u00edficaAnais do X PESQUISAR, Congresso Interdisciplinar de Produ\u00e7\u00e3o Cient\u00edfica do Centro Universit\u00e1rio Alfredo Nasser, realizado entre os dias de&hellip;<\/p>\n","protected":false},"author":1,"featured_media":0,"parent":355,"menu_order":0,"comment_status":"closed","ping_status":"closed","template":"template-pagina-pai.php","meta":{"_acf_changed":false,"footnotes":""},"class_list":["post-427","page","type-page","status-publish","hentry"],"acf":[],"_links":{"self":[{"href":"https:\/\/www.unifan.edu.br\/unifan\/casanova\/wp-json\/wp\/v2\/pages\/427","targetHints":{"allow":["GET"]}}],"collection":[{"href":"https:\/\/www.unifan.edu.br\/unifan\/casanova\/wp-json\/wp\/v2\/pages"}],"about":[{"href":"https:\/\/www.unifan.edu.br\/unifan\/casanova\/wp-json\/wp\/v2\/types\/page"}],"author":[{"embeddable":true,"href":"https:\/\/www.unifan.edu.br\/unifan\/casanova\/wp-json\/wp\/v2\/users\/1"}],"replies":[{"embeddable":true,"href":"https:\/\/www.unifan.edu.br\/unifan\/casanova\/wp-json\/wp\/v2\/comments?post=427"}],"version-history":[{"count":1,"href":"https:\/\/www.unifan.edu.br\/unifan\/casanova\/wp-json\/wp\/v2\/pages\/427\/revisions"}],"predecessor-version":[{"id":428,"href":"https:\/\/www.unifan.edu.br\/unifan\/casanova\/wp-json\/wp\/v2\/pages\/427\/revisions\/428"}],"up":[{"embeddable":true,"href":"https:\/\/www.unifan.edu.br\/unifan\/casanova\/wp-json\/wp\/v2\/pages\/355"}],"wp:attachment":[{"href":"https:\/\/www.unifan.edu.br\/unifan\/casanova\/wp-json\/wp\/v2\/media?parent=427"}],"curies":[{"name":"wp","href":"https:\/\/api.w.org\/{rel}","templated":true}]}}